{"id":7107,"date":"2023-02-21T13:16:25","date_gmt":"2023-02-21T13:16:25","guid":{"rendered":"https:\/\/organowood.com\/?page_id=7107"},"modified":"2025-03-05T13:54:09","modified_gmt":"2025-03-05T13:54:09","slug":"nowa-terrassendielen","status":"publish","type":"page","link":"https:\/\/organowood.com\/de\/nowa-terrassendielen\/","title":{"rendered":"Nowa terrassendielen &#038; konstruktionsholz"},"content":{"rendered":"\n<p style=\"font-size:21px\">Holz mit biozidfreier Rezeptur, eine nachhaltige und nat\u00fcrliche Wahl!<\/p>\n\n\n\n<p><strong>OrganoWood<sup>\u00ae<\/sup> Nowa Terrassendielen sind naturfarbene H\u00f6lzer mit einer glatten und ebenen Oberfl\u00e4che, die im Freien nat\u00fcrlich vergraut.<\/strong><\/p>\n\n\n\n<p>Das Holz wird mit der neuen patentierten Rezeptur von OrganoWood druckbehandelt und erh\u00e4lt so eine hohe F\u00e4ulnisbest\u00e4ndigkeit. In einem energieeffizienten, biozidfreien und holzschonenden Herstellungsprozess entsteht eine Umgebung, in der F\u00e4ulnispilze nicht gedeihen.<\/p>\n\n\n\n<p>Das Mineralgemisch auf Wasserbasis wird in das Holz gepresst. Wenn das Wasser verdunstet, werden die Molek\u00fcle mit starken Bindungen an die Holzfasern gebunden. Dadurch bleiben die Eigenschaften auch bei langfristigem Einsatz in feuchten Umgebungen erhalten.<\/p>\n\n\n\n<hr class=\"wp-block-separator has-css-opacity\"\/>\n\n\n\n<figure class=\"wp-block-image size-full\"><img decoding=\"async\" src=\"https:\/\/organowood.com\/wp-content\/uploads\/2025\/01\/OrganoWood_Nowa_Svanen_inre_hamnen_DE_2-scaled.jpg\" alt=\"\" class=\"wp-image-18929\"\/><figcaption class=\"wp-element-caption\"><em>Inre Hamnen, Norrk\u00f6ping 2023<\/em>. Photographer: Sofia Andersson, FotograFia<\/figcaption><\/figure>\n\n\n\n<p><strong>Kiefernholz<\/strong><\/p>\n\n\n\n<p>Kiefernholz, der Rohstoff von OrganoWood<sup>\u00ae<\/sup> Nowa Terrassendielen werden aus hochwertigem Kiefernholz aus den besten Kiefernregionen hergestellt. OrganoWood<sup>\u00ae<\/sup> Nowa ist das Ergebnis der 2015 gestarteten Innovationsarbeit des Unternehmens; getestet wird das Produkt seit 2017.<\/p>\n\n\n\n<hr class=\"wp-block-separator has-css-opacity\"\/>\n\n\n\n<p><strong><strong>Die patentierte Rezeptur<\/strong><\/strong><\/p>\n\n\n\n<p>Die patentierte Rezeptur und umweltfreundliche Herstellung bieten eine nachhaltige Alternative zu herk\u00f6mmlichen Terrassendielen. Die Umwelt geht uns alle an! OrganoWood<sup>\u00ae<\/sup> Nowa ist nicht nur eine gute Alternative f\u00fcr die Umwelt, sondern f\u00fcgt sich auch ausgezeichnet in die Natur und die Umgebung ein. Eine gute Wahl f\u00fcr alle, die eine harmonische, einladende Terrasse gestalten m\u00f6chten, ohne einen negativen \u00f6kologischen Fu\u00dfabdruck zu hinterlassen. Ein Platz, der mit den Jahren nur noch sch\u00f6ner wird!<\/p>\n\n\n\n<hr class=\"wp-block-separator has-css-opacity\"\/>\n\n\n\n<p><strong><strong><strong>F\u00fcr unser Klima<\/strong><\/strong><\/strong><\/p>\n\n\n\n<p>OrganoWood<sup>\u00ae<\/sup> Nowa wurde entwickelt, um rauen Bedingungen standzuhalten und ist v\u00f6llig frei von Schadstoffen. Alle Stoffe sind gem\u00e4\u00df CLP als unsch\u00e4dlich f\u00fcr die Umwelt eingestuft und k\u00f6nnen dem nat\u00fcrlichen Kreislauf zugef\u00fchrt werden. Daher kann das Holz von OrganoWood\u00ae als unbehandeltes Holz recycelt werden, im Gegensatz zu herk\u00f6mmlichen druckbehandelten Produkten, die umweltsch\u00e4dlichen Abfall darstellen k\u00f6nnen.<\/p>\n\n\n\n<p>Das schwedische Unternehmen OrganoWood<sup>\u00ae<\/sup> ist heute einer der wenigen Hersteller von \u00f6kologisch klassifizierter Druckimpr\u00e4gnierung f\u00fcr Fassaden-, Terrassen- und Konstruktionsholz.<\/p>\n\n\n\n<p>Damit OrganoWood<sup>\u00ae<\/sup> Nowa als wirklich nachhaltige Alternative angesehen werden kann, muss nat\u00fcrlich auch der Rohstoff aus verantwortungsvoller Forstwirtschaft stammen. Das gesamte Holz von OrganoWood<sup>\u00ae<\/sup> ist FSC\u00ae (FSC-C120532) oder PEFC (PEFC\/05-35-168) zertifiziert.<\/p>\n\n\n\n<hr class=\"wp-block-separator has-css-opacity\"\/>\n\n\n\n<p><strong>Anwendungsbereiche<\/strong><\/p>\n\n\n\n<p>OrganoWood<sup>\u00ae<\/sup> Nowa ist f\u00fcr den oberirdischen Einsatz im Freien konzipiert, z. B. f\u00fcr Terrassen und Balkone, Anleger, Z\u00e4une, Stege, Dachterrassen, Gartenm\u00f6bel, L\u00e4rmschutzw\u00e4nde, Pergolen, Spielpl\u00e4tze usw.<\/p>\n\n\n\n<figure class=\"wp-block-image size-large\"><img decoding=\"async\" src=\"https:\/\/organowood.com\/wp-content\/uploads\/2023\/09\/Inre-Hamnen3.png\" alt=\"\" class=\"wp-image-7590\"\/><figcaption class=\"wp-element-caption\"><em>Inre Hamnen, Norrk\u00f6ping 2023<\/em>. Photographer: Sofia Andersson, FotograFia<\/figcaption><\/figure>\n\n\n\n<hr class=\"wp-block-separator has-css-opacity\"\/>\n\n\n\n<div class=\"wp-block-columns is-layout-flex wp-container-core-columns-is-layout-9d6595d7 wp-block-columns-is-layout-flex\">\n<div class=\"wp-block-column is-layout-flow wp-block-column-is-layout-flow\">\n<h4 class=\"wp-block-heading has-text-align-center\"><strong><strong><strong>Nowa Terrassendielen<\/strong><\/strong><\/strong><\/h4>\n\n\n\n<figure class=\"wp-block-table\"><table><tbody><tr><td class=\"has-text-align-center\" data-align=\"center\">DIELEN<br>Abmessungen (mm)<\/td><\/tr><tr><td class=\"has-text-align-center\" data-align=\"center\">22 x 95<\/td><\/tr><tr><td class=\"has-text-align-center\" data-align=\"center\">28 x 120<\/td><\/tr><tr><td class=\"has-text-align-center\" data-align=\"center\">28 x 145<\/td><\/tr><tr><td class=\"has-text-align-center\" data-align=\"center\">34 x 145<\/td><\/tr><tr><td class=\"has-text-align-center\" data-align=\"center\">45 x 145<\/td><\/tr><tr><td class=\"has-text-align-center\" data-align=\"center\">45 x 170<\/td><\/tr><\/tbody><\/table><\/figure>\n\n\n\n<h4 class=\"wp-block-heading has-text-align-center\"><strong><strong><strong>Nowa Konstruktionsholz<\/strong><\/strong><\/strong><\/h4>\n\n\n\n<figure class=\"wp-block-table\"><table><tbody><tr><td class=\"has-text-align-center\" data-align=\"center\">KANTHOLZ<br>Abmessungen (mm)<\/td><\/tr><tr><td class=\"has-text-align-center\" data-align=\"center\">45 x 45<\/td><\/tr><tr><td class=\"has-text-align-center\" data-align=\"center\">45 x 70<\/td><\/tr><tr><td class=\"has-text-align-center\" data-align=\"center\">45 x 95<\/td><\/tr><tr><td class=\"has-text-align-center\" data-align=\"center\">45 x 120, C24<\/td><\/tr><tr><td class=\"has-text-align-center\" data-align=\"center\">45 x 145, C24<\/td><\/tr><tr><td class=\"has-text-align-center\" data-align=\"center\">45 x 170, C24<\/td><\/tr><tr><td class=\"has-text-align-center\" data-align=\"center\">45 x 195, C24<\/td><\/tr><tr><td class=\"has-text-align-center\" data-align=\"center\">45 x 220, C24<\/td><\/tr><\/tbody><\/table><\/figure>\n\n\n\n<p><\/p>\n<\/div>\n\n\n\n<div class=\"wp-block-column is-layout-flow wp-block-column-is-layout-flow\">\n<figure class=\"wp-block-image size-large\"><img decoding=\"async\" src=\"https:\/\/organowood.com\/wp-content\/uploads\/2023\/09\/Organowood_trallvirke.png\" alt=\"\" class=\"wp-image-7605\"\/><\/figure>\n\n\n\n<p><\/p>\n<\/div>\n<\/div>\n\n\n\n<div class=\"wp-block-columns is-layout-flex wp-container-core-columns-is-layout-9d6595d7 wp-block-columns-is-layout-flex\">\n<div class=\"wp-block-column is-layout-flow wp-block-column-is-layout-flow\">\n<figure class=\"wp-block-table\"><table><tbody><tr><td class=\"has-text-align-center\" data-align=\"center\">LATTEN<br>Abmessungen (mm)<\/td><\/tr><tr><td class=\"has-text-align-center\" data-align=\"center\">28 x 45<\/td><\/tr><\/tbody><\/table><\/figure>\n<\/div>\n\n\n\n<div class=\"wp-block-column is-layout-flow wp-block-column-is-layout-flow\">\n<figure class=\"wp-block-table\"><table><tbody><tr><td class=\"has-text-align-center\" data-align=\"center\">PFOSTEN<br>Abmessungen (mm)<\/td><\/tr><tr><td class=\"has-text-align-center\" data-align=\"center\">70 x 70<\/td><\/tr><tr><td class=\"has-text-align-center\" data-align=\"center\">95 x 95<\/td><\/tr><\/tbody><\/table><\/figure>\n<\/div>\n<\/div>\n","protected":false},"excerpt":{"rendered":"<p>Holz mit biozidfreier Rezeptur, eine nachhaltige und nat\u00fcrliche Wahl! OrganoWood\u00ae Nowa Terrassendielen sind naturfarbene H\u00f6lzer mit einer glatten und ebenen Oberfl\u00e4che, die im Freien nat\u00fcrlich vergraut. Das Holz wird mit der neuen patentierten Rezeptur von OrganoWood druckbehandelt und erh\u00e4lt so eine hohe F\u00e4ulnisbest\u00e4ndigkeit. In einem energieeffizienten, biozidfreien und holzschonenden Herstellungsprozess entsteht eine Umgebung, in der &hellip; <a href=\"https:\/\/organowood.com\/de\/nowa-terrassendielen\/\">Continued<\/a><\/p>\n","protected":false},"author":3,"featured_media":0,"parent":0,"menu_order":0,"comment_status":"closed","ping_status":"closed","template":"","meta":{"_acf_changed":false,"footnotes":""},"class_list":["post-7107","page","type-page","status-publish","hentry"],"acf":[],"_links":{"self":[{"href":"https:\/\/organowood.com\/de\/wp-json\/wp\/v2\/pages\/7107","targetHints":{"allow":["GET"]}}],"collection":[{"href":"https:\/\/organowood.com\/de\/wp-json\/wp\/v2\/pages"}],"about":[{"href":"https:\/\/organowood.com\/de\/wp-json\/wp\/v2\/types\/page"}],"author":[{"embeddable":true,"href":"https:\/\/organowood.com\/de\/wp-json\/wp\/v2\/users\/3"}],"replies":[{"embeddable":true,"href":"https:\/\/organowood.com\/de\/wp-json\/wp\/v2\/comments?post=7107"}],"version-history":[{"count":11,"href":"https:\/\/organowood.com\/de\/wp-json\/wp\/v2\/pages\/7107\/revisions"}],"predecessor-version":[{"id":19679,"href":"https:\/\/organowood.com\/de\/wp-json\/wp\/v2\/pages\/7107\/revisions\/19679"}],"wp:attachment":[{"href":"https:\/\/organowood.com\/de\/wp-json\/wp\/v2\/media?parent=7107"}],"curies":[{"name":"wp","href":"https:\/\/api.w.org\/{rel}","templated":true}]}}