{"id":3198,"date":"2019-04-16T08:13:58","date_gmt":"2019-04-16T08:13:58","guid":{"rendered":"http:\/\/organowood.com\/?page_id=3198"},"modified":"2025-10-08T12:43:05","modified_gmt":"2025-10-08T12:43:05","slug":"ueber-uns","status":"publish","type":"page","link":"https:\/\/organowood.com\/de\/ueber-uns\/","title":{"rendered":"\u00dcber uns"},"content":{"rendered":"<p>OrganoWood AB ein privates Unternehmen, das 2010 von OrganoClick AB und Kvigos AB gegr\u00fcndet wurde. Das Unternehmen verkauft und vermarktet modifizierte H\u00f6lzer und komplettierende Produkte zur Oberfl\u00e4chenbehandlung.<\/p>\n<p>Das Unternehmen baut seine T\u00e4tigkeit auf seiner Kerntechnologie auf, bei der eine biobasierte Mineralmischung in das Holz gepresst wird. Wenn das Wasser verdunstet, binden sich die Molek\u00fcle fest an die Holzfasern. Auf Basis dieser Technologie wurden Produkte entwickelt, die behandeltem Holz einen effektiven Schutz vor F\u00e4ulnis und eine verl\u00e4ngerte Haltbarkeit verleihen. Das Unternehmen entwickelt seine Technologie kontinuierlich in Zusammenarbeit mit seinen verschiedenen Partnern weiter.<\/p>\n<p>Der Hauptanteilseigner OrganoClick AB arbeitet in Kooperation mit der Schwedischen Landwirtschaftsuniversit\u00e4t Uppsala, der Universit\u00e4t Stockholm und der Mittuniversit\u00e4t Sundsvall auch an der kontinuierlichen Entwicklung von neuen Holzschutzmitteln.<\/p>\n","protected":false},"excerpt":{"rendered":"<p>OrganoWood AB ein privates Unternehmen, das 2010 von OrganoClick AB und Kvigos AB gegr\u00fcndet wurde. Das Unternehmen verkauft und vermarktet modifizierte H\u00f6lzer und komplettierende Produkte zur Oberfl\u00e4chenbehandlung. Das Unternehmen baut seine T\u00e4tigkeit auf seiner Kerntechnologie auf, bei der eine biobasierte Mineralmischung in das Holz gepresst wird. Wenn das Wasser verdunstet, binden sich die Molek\u00fcle fest &hellip; <a href=\"https:\/\/organowood.com\/de\/ueber-uns\/\">Continued<\/a><\/p>\n","protected":false},"author":4,"featured_media":0,"parent":0,"menu_order":0,"comment_status":"closed","ping_status":"closed","template":"","meta":{"_acf_changed":false,"footnotes":""},"class_list":["post-3198","page","type-page","status-publish","hentry"],"acf":[],"_links":{"self":[{"href":"https:\/\/organowood.com\/de\/wp-json\/wp\/v2\/pages\/3198","targetHints":{"allow":["GET"]}}],"collection":[{"href":"https:\/\/organowood.com\/de\/wp-json\/wp\/v2\/pages"}],"about":[{"href":"https:\/\/organowood.com\/de\/wp-json\/wp\/v2\/types\/page"}],"author":[{"embeddable":true,"href":"https:\/\/organowood.com\/de\/wp-json\/wp\/v2\/users\/4"}],"replies":[{"embeddable":true,"href":"https:\/\/organowood.com\/de\/wp-json\/wp\/v2\/comments?post=3198"}],"version-history":[{"count":4,"href":"https:\/\/organowood.com\/de\/wp-json\/wp\/v2\/pages\/3198\/revisions"}],"predecessor-version":[{"id":19917,"href":"https:\/\/organowood.com\/de\/wp-json\/wp\/v2\/pages\/3198\/revisions\/19917"}],"wp:attachment":[{"href":"https:\/\/organowood.com\/de\/wp-json\/wp\/v2\/media?parent=3198"}],"curies":[{"name":"wp","href":"https:\/\/api.w.org\/{rel}","templated":true}]}}