{"id":3195,"date":"2019-04-16T08:11:24","date_gmt":"2019-04-16T08:11:24","guid":{"rendered":"http:\/\/organowood.com\/?page_id=3195"},"modified":"2019-04-16T08:11:24","modified_gmt":"2019-04-16T08:11:24","slug":"aufsichtsrat","status":"publish","type":"page","link":"https:\/\/organowood.com\/de\/ueber-uns\/aufsichtsrat\/","title":{"rendered":"Aufsichtsrat"},"content":{"rendered":"<ul>\n<li>Stefan Lindeborg, Aufsichtsratsvorsitzender<\/li>\n<\/ul>\n<p>Stefan Lindeborg hat ein Studium der Betriebswirtschaftslehre mit Einrichtung auf Marketing an der Handelshochschule Stockholm absolviert. Drei Jahrzehnte lang konnte er in F\u00fchrungspositionen in der chemischen Industrie Erfahrungen vor allem bei Vertrieb und Marketing sammeln. Derzeit ist er Gesch\u00e4ftsf\u00fchrer f\u00fcr die Akzo Nobel AB (Muttergesellschaft der schwedischen Unternehmen innerhalb Akzo Nobels). Fr\u00fcher war er Gesch\u00e4ftsf\u00fchrer f\u00fcr unter anderem Akzo Nobel Decorative Paintings, Gesch\u00e4ftsf\u00fchrer f\u00fcr das Vertriebsunternehmen Kemiintressen AB und als Leiter f\u00fcr internationales Marketing f\u00fcr Casco Nobel (Baustoffkleber und Holzschutz).<\/p>\n<p>&nbsp;<\/p>\n<ul>\n<li>Robert Charpentier, Aufsichtsratsmitglied<\/li>\n<\/ul>\n<p>Robert Charpentier ist Aufsichtsratsvorsitzender von Kvigos AB und Mitgr\u00fcnder von OrganoWood AB. Er hat an der Schwedische Handelshochschule Helsinki seinen Magister im Fach Wirtschaft abgelegt und arbeitet seit mehr als 20 Jahren in verschiedenen F\u00fchrungsfunktionen in der Finanzbranche. Er begann seine Laufbahn 1989 bei Goldman Sachs in London, wo er mit verschiedenen Kapitalmarktl\u00f6sungen f\u00fcr skandinavische Kunden arbeitete. 1997 wechselte er zur Swedbank, wo er 2004 zum stellvertretenden Leiter des Investmentbankings ernannt wurde. Von 2006 bis 2009 arbeitete Robert Charpentier als Gesch\u00e4ftsf\u00fchrer f\u00fcr die Kaupthing Bank Sverige AB, die Tochtergesellschaft der isl\u00e4ndischen Kaupthing Bank. Derzeit befasst er sich in seinem privaten Unternehmen Kvigos AB mit privaten Investitionen und Beratert\u00e4tigkeit.<\/p>\n<p>&nbsp;<\/p>\n<ul>\n<li>Carl Palmstierna, Aufsichtsratsmitglied<\/li>\n<\/ul>\n<p>Carl Palmstierna ist Betriebswirt von HHS, fr\u00fcher Managing Partner f\u00fcr Sundal Collier (AABGSC\u201c) in Stockholm. (2002-2008). Vor seiner Zeit bei der ABGSC war Palmstierna in den Jahren 1977-1998 im Investmentbanking in London und New York t\u00e4tig. Die meiste Zeit (1986-1998) verbrachte er bei Goldman Sachs, wo er 1992 zum Partner gew\u00e4hlt wurde. 1998 kehrte er nach Schweden zur\u00fcck und arbeitete vier Jahre im Private-Equity-Sektor, ehe er zur ABGSC wechselte.<\/p>\n<p>&nbsp;<\/p>\n<ul>\n<li>M\u00e5rten Hellberg, Aufsichtsratsmitglied<\/li>\n<\/ul>\n<p>M\u00e5rten Hellberg ist Gesch\u00e4ftsf\u00fchrer und Mitgr\u00fcnder von OrganoClick AB. Er hat ein Ingenieurstudium in molekularer Biotechnik und ein Studium der Wirtschaft an der Universit\u00e4t Uppsala, der \u00c9cole Normale Sup\u00e9rieure de Lyon und der Universit\u00e4t Stockholm absolviert. M\u00e5rten Hellberg war au\u00dferdem aktiver Kanu-Spitzensportler und errang in diesem Sport mehrfache schwedische Meistertitel. Er war zw\u00f6lf Jahre Mitglied der schwedischen Kanu-Nationalmannschaft und nahm am Programm des Schwedischen Olympischen Komitees teil.<\/p>\n<p>&nbsp;<\/p>\n<ul>\n<li>Claes\u2010G\u00f6ran Beckeman, Aufsichtsratsmitglied<\/li>\n<\/ul>\n<p>Claes-G\u00f6ran Beckeman wurde als Ingenieur der Chemietechnik an der Technischen Hochschule Chalmers ausgebildet. Von 1977 bis 1997 arbeitete er bei Tetra Pak (sp\u00e4ter Tetra Laval) in verschiedenen F\u00fchrungspositionen, so auch als Technischer Direktor. 1998 wechselte er zum schwedischen Zelluloseunternehmen SCA, in dem er bis 2005 als Technischer Direktor und Einkaufsleiter im Gesch\u00e4ftsbereich pers\u00f6nliche Hygieneprodukte t\u00e4tig war. Zwischen 2004 und 2007 war Claes-G\u00f6ran Beckeman f\u00fcr den Aufbau der Technologie-Plattform f\u00fcr die Forstwirtschaft verantwortlich, eine Initiative der europ\u00e4ischen Forstwirtschaft und der Waldbesitzer, um in diesem Sektor eine \u00f6ffentlich-private Partnerschaft mit der EU und anderen nationalen Beh\u00f6rden bei Forschung und Entwicklung zu gr\u00fcnden. Gegenw\u00e4rtig ist er Aufsichtsratsmitglied mehrerer Unternehmen in der Verpackungsindustrie und Mitglied der K\u00f6niglichen Ingenieurwissenschaftsakademie in Schweden.<\/p>\n","protected":false},"excerpt":{"rendered":"<p>Stefan Lindeborg, Aufsichtsratsvorsitzender Stefan Lindeborg hat ein Studium der Betriebswirtschaftslehre mit Einrichtung auf Marketing an der Handelshochschule Stockholm absolviert. Drei Jahrzehnte lang konnte er in F\u00fchrungspositionen in der chemischen Industrie Erfahrungen vor allem bei Vertrieb und Marketing sammeln. Derzeit ist er Gesch\u00e4ftsf\u00fchrer f\u00fcr die Akzo Nobel AB (Muttergesellschaft der schwedischen Unternehmen innerhalb Akzo Nobels). Fr\u00fcher &hellip; <a href=\"https:\/\/organowood.com\/de\/ueber-uns\/aufsichtsrat\/\">Continued<\/a><\/p>\n","protected":false},"author":4,"featured_media":2120,"parent":3198,"menu_order":1,"comment_status":"closed","ping_status":"closed","template":"","meta":{"_acf_changed":false,"footnotes":""},"class_list":["post-3195","page","type-page","status-publish","has-post-thumbnail","hentry"],"acf":[],"_links":{"self":[{"href":"https:\/\/organowood.com\/de\/wp-json\/wp\/v2\/pages\/3195","targetHints":{"allow":["GET"]}}],"collection":[{"href":"https:\/\/organowood.com\/de\/wp-json\/wp\/v2\/pages"}],"about":[{"href":"https:\/\/organowood.com\/de\/wp-json\/wp\/v2\/types\/page"}],"author":[{"embeddable":true,"href":"https:\/\/organowood.com\/de\/wp-json\/wp\/v2\/users\/4"}],"replies":[{"embeddable":true,"href":"https:\/\/organowood.com\/de\/wp-json\/wp\/v2\/comments?post=3195"}],"version-history":[{"count":2,"href":"https:\/\/organowood.com\/de\/wp-json\/wp\/v2\/pages\/3195\/revisions"}],"predecessor-version":[{"id":3197,"href":"https:\/\/organowood.com\/de\/wp-json\/wp\/v2\/pages\/3195\/revisions\/3197"}],"up":[{"embeddable":true,"href":"https:\/\/organowood.com\/de\/wp-json\/wp\/v2\/pages\/3198"}],"wp:featuredmedia":[{"embeddable":true,"href":"https:\/\/organowood.com\/de\/wp-json\/wp\/v2\/media\/2120"}],"wp:attachment":[{"href":"https:\/\/organowood.com\/de\/wp-json\/wp\/v2\/media?parent=3195"}],"curies":[{"name":"wp","href":"https:\/\/api.w.org\/{rel}","templated":true}]}}