{"id":3192,"date":"2019-04-16T08:07:02","date_gmt":"2019-04-16T08:07:02","guid":{"rendered":"http:\/\/organowood.com\/?page_id=3192"},"modified":"2019-04-16T08:07:02","modified_gmt":"2019-04-16T08:07:02","slug":"eigentuemer","status":"publish","type":"page","link":"https:\/\/organowood.com\/de\/ueber-uns\/eigentuemer\/","title":{"rendered":"Eigent\u00fcmer"},"content":{"rendered":"<ul>\n<li>\n<h4>OrganoClick AB<\/h4>\n<\/li>\n<\/ul>\n<p>OrganoClick AB entwickelt, produziert und vermarktet umweltfreundliche Produkte f\u00fcr die Funktionalisierung von zellulosebasiertem Material. Die Produkte des Unternehmens basieren auf dessen patentierter Technologieplattform f\u00fcr die Modifizierung von Biofasern, die wiederum Ergebnisse von Forschungsarbeit an der Universit\u00e4t Stockholm und der Schwedischen Landwirtschaftsuniversit\u00e4t Uppsala sind. Zu den vom Unternehmen vermarkteten Produkten geh\u00f6ren u.a. L\u00f6sungen zur Herstellung wasserresistenter Papier und Textilien, f\u00fcr neue biologische Bindemittel f\u00fcr Vliesstoffe und f\u00fcr Zus\u00e4tze, die f\u00fcr eine erh\u00f6hte mechanische St\u00e4rke in Papierverpackungen sorgen.<\/p>\n<p>Das Unternehmen ist im Besitz der Gr\u00fcnder M\u00e5rten Hellberg (Gesch\u00e4ftsf\u00fchrer), Professor Armando C\u00f3rdova, Dozent Jonas Hafr\u00e9n und des Neugr\u00fcnderunternehmens Serendipity Innovations zusammen mit dem Gesch\u00e4ftsmann und Industriellen Anders Wall, Bertil Hagman, dem ehemaligen Konzernchef von Tetra Pak, und Claes-G\u00f6ran Beckeman, dem Technischen Direktor erst von Tetra Pak und dann von SCA Hygiene Products.<\/p>\n<p>Mehr Informationen \u00fcber OrganoClick finden Sie auf der\u00a0<a href=\"http:\/\/www.organoclick.com\/\" target=\"_blank\" rel=\"noopener\">Website<\/a> des Unternehmens.<\/p>\n<ul>\n<li>\n<h4>Kvigos AB<\/h4>\n<\/li>\n<\/ul>\n<p>Kvigos AB ist im Besitz des Investors Robert Charpentier, der \u00fcber langj\u00e4hrige Erfahrungen im Bank- und Finanzsektor verf\u00fcgt. Er hat unter anderem in F\u00fchrungspositionen bei Goldman Sachs und der Swedbank sowie als Gesch\u00e4ftsf\u00fchrer f\u00fcr die Kaupthing Bank Sverige AB gearbeitet. In Kvigos AB wirkt Robert Charpentier heute als Berater f\u00fcr kleinere Firmen, wobei er aus seinen langj\u00e4hrigen Erfahrungen im Investmentbanking sch\u00f6pfen kann. Er investiert in Wachstumsunternehmen und nimmt aktiv an deren Entwicklung vor allem in den Bereichen Marketing und Vertrieb teil.<\/p>\n","protected":false},"excerpt":{"rendered":"<p>OrganoClick AB OrganoClick AB entwickelt, produziert und vermarktet umweltfreundliche Produkte f\u00fcr die Funktionalisierung von zellulosebasiertem Material. Die Produkte des Unternehmens basieren auf dessen patentierter Technologieplattform f\u00fcr die Modifizierung von Biofasern, die wiederum Ergebnisse von Forschungsarbeit an der Universit\u00e4t Stockholm und der Schwedischen Landwirtschaftsuniversit\u00e4t Uppsala sind. Zu den vom Unternehmen vermarkteten Produkten geh\u00f6ren u.a. L\u00f6sungen zur &hellip; <a href=\"https:\/\/organowood.com\/de\/ueber-uns\/eigentuemer\/\">Continued<\/a><\/p>\n","protected":false},"author":4,"featured_media":962,"parent":3198,"menu_order":2,"comment_status":"closed","ping_status":"closed","template":"","meta":{"_acf_changed":false,"footnotes":""},"class_list":["post-3192","page","type-page","status-publish","has-post-thumbnail","hentry"],"acf":[],"_links":{"self":[{"href":"https:\/\/organowood.com\/de\/wp-json\/wp\/v2\/pages\/3192","targetHints":{"allow":["GET"]}}],"collection":[{"href":"https:\/\/organowood.com\/de\/wp-json\/wp\/v2\/pages"}],"about":[{"href":"https:\/\/organowood.com\/de\/wp-json\/wp\/v2\/types\/page"}],"author":[{"embeddable":true,"href":"https:\/\/organowood.com\/de\/wp-json\/wp\/v2\/users\/4"}],"replies":[{"embeddable":true,"href":"https:\/\/organowood.com\/de\/wp-json\/wp\/v2\/comments?post=3192"}],"version-history":[{"count":1,"href":"https:\/\/organowood.com\/de\/wp-json\/wp\/v2\/pages\/3192\/revisions"}],"predecessor-version":[{"id":3194,"href":"https:\/\/organowood.com\/de\/wp-json\/wp\/v2\/pages\/3192\/revisions\/3194"}],"up":[{"embeddable":true,"href":"https:\/\/organowood.com\/de\/wp-json\/wp\/v2\/pages\/3198"}],"wp:featuredmedia":[{"embeddable":true,"href":"https:\/\/organowood.com\/de\/wp-json\/wp\/v2\/media\/962"}],"wp:attachment":[{"href":"https:\/\/organowood.com\/de\/wp-json\/wp\/v2\/media?parent=3192"}],"curies":[{"name":"wp","href":"https:\/\/api.w.org\/{rel}","templated":true}]}}