{"id":3190,"date":"2019-04-16T08:02:57","date_gmt":"2019-04-16T08:02:57","guid":{"rendered":"http:\/\/organowood.com\/?page_id=3190"},"modified":"2019-04-16T08:02:57","modified_gmt":"2019-04-16T08:02:57","slug":"partner","status":"publish","type":"page","link":"https:\/\/organowood.com\/de\/ueber-uns\/partner\/","title":{"rendered":"Partner"},"content":{"rendered":"<p>OrganoWood kooperiert mit mehreren renommierten Partnern, die f\u00fcr hohe Qualit\u00e4t bekannt sind, sich um den Umweltschutz verdient gemacht haben und eine Leidenschaft f\u00fcr Holz haben. Wir pflegen sowohl mit mehreren Zulieferern als auch Kunden eine enge Zusammenarbeit.<\/p>\n<h2>Welin &amp; Co<\/h2>\n<p>Welin &amp; Co ist Lieferant und Vertriebsunternehmen f\u00fcr hochwertige Holzbehandlungsprodukte.\u00a02015 leiteten OrganoWood und Welin &amp; Co eine Zusammenarbeit f\u00fcr den Vertrieb und Verkauf der Holzschutzprodukte von OrganoWood f\u00fcr den schwedischen Markt ein.<\/p>\n<p>Weitere Informationen finden Sie auf der\u00a0<a href=\"http:\/\/www.welinoco.com\/\" target=\"_blank\" rel=\"noopener\">Website<\/a> des Unternehmens.<\/p>\n<h2>Bergs Timber Bitus<\/h2>\n<p>Das Unternehmen Bergs Timber Bitus ist Schwedens gr\u00f6\u00dfte Holzbehandlungsanlage. Es behandelt j\u00e4hrlich ca. 150.000 \u2013 200.000 m3 Holz durch Druckimpr\u00e4gnierung und verf\u00fcgt \u00fcber eine moderne Anstrich- und Oberfl\u00e4chenbehandlungsanlage. Au\u00dfer auf herk\u00f6mmliche Weise druckimpr\u00e4gnierten Produkten bietet Bergs Timber Bitus auch ein breites Sortiment an Spezialprodukten an, die in einer Anzahl kleinerer Produktlinien gefertigt werden. Anfang 2012 richtete OrganoWood in Kooperation mit Bergs Timber Bitus eine Produktionslinie zur Herstellung von OrganoWood\u00ae-modifizierten H\u00f6lzern ein, die ab Fr\u00fchjahr desselben Jahres von diesem Unternehmen auf Auftrag von OrganoWood hergestellt werden.<\/p>\n<p>Weitere Informationen finden Sie auf der\u00a0<a href=\"http:\/\/www.bergstimber.se\/\" target=\"_blank\" rel=\"noopener\">Website<\/a> des Unternehmens.<\/p>\n<h2>Setra<\/h2>\n<p>Mit seinen rund 800 Mitarbeitern ist Setra eines der gr\u00f6\u00dften Unternehmen der Holzindustrie in Schweden. Es veredelt Rohholz aus nachhaltig bewirtschafteten W\u00e4ldern und bietet klimafreundliche Produkte und L\u00f6sungen f\u00fcr die Bau- und Wohnwirtschaft auf einem globalen Markt. Zum Setra-Konzern geh\u00f6ren acht S\u00e4gewerke und drei Veredelungsanlagen.<\/p>\n<p>Weitere Informationen finden Sie auf der\u00a0<a href=\"https:\/\/www.setragroup.com\/\" target=\"_blank\" rel=\"noopener\">Website<\/a> des Konzerns.<\/p>\n<h2>Po Hiller<\/h2>\n<p>Alten Urkunden zufolge lassen sich die Urspr\u00fcnge der Holzwaren-Firma P.O. Hiller Tr\u00e4varor bis zum 16. Jahrhundert zur\u00fcckverfolgen. Als man sich in der Industrie die Dampfkraft zunutze machen konnte, wurde eine Dampfmaschine eingekauft, was das Unternehmen zum ersten dampfbetriebenen S\u00e4gewerk in der schwedischen Provinz V\u00e4stmanland machte.\u00a0Dank der Dampfkraft konnte man auch fr\u00fchzeitig in Hobelmaschinen investieren. Heute ist die Firma P.O. Hiller Tr\u00e4varor AB ein reines Holzindustrieunternehmen, das Holzwaren wie Wandverkleidungen f\u00fcr Innen- und Au\u00dfenbereichen, Leisten und massive Holzb\u00f6den, hobelt, streicht und trennt.<\/p>\n<p>Weitere Informationen finden Sie auf der\u00a0<a href=\"http:\/\/www.pohiller.se\/\" target=\"_blank\" rel=\"noopener\">Website<\/a> des Unternehmens.<\/p>\n<h2>Fellessons<\/h2>\n<p>Fellessons ist ein Holzhandelsunternehmen in der dritten Generation, das \u00fcber einen reichen Erfahrungsschatz bei Holzwaren verf\u00fcgt. Zu den T\u00e4tigkeiten des Unternehmens geh\u00f6ren Veredelung in Hobelwerk und Schreinerei bis zu umfassendem Handel mit Holzwaren und Baumaterial.<\/p>\n<p>Weitere Informationen finden Sie auf der\u00a0<a href=\"http:\/\/fellessons.se\/\" target=\"_blank\" rel=\"noopener\">Website<\/a> des Unternehmens.<\/p>\n<h2>Munktorps tr\u00e4f\u00f6r\u00e4dling<\/h2>\n<p>Das Hobelwerk Munktorps Tr\u00e4f\u00f6r\u00e4dling AB stellt vorrangig Wandverkleidungen f\u00fcr Au\u00dfenbereiche, Latten und Rauspund her. Auf Bestellung werden auch Spezialprodukte aus Fichte, Kiefer (auch Kernkiefer) und L\u00e4rche in den meisten Abmessungen gefertigt. Im Einschichtbetrieb hat das Unternehmen eine Kapazit\u00e4t von j\u00e4hrlich ca. 35.000 m3 Hobelware.<\/p>\n<p>Weitere Informationen finden Sie auf der\u00a0<a href=\"http:\/\/www.munktorpstra.se\/\" target=\"_blank\" rel=\"noopener\">Website<\/a> des Unternehmens.<\/p>\n<h2>OrganoClick<\/h2>\n<p>OrganoClick AB entwickelt, produziert und vermarktet umweltfreundliche Produkte f\u00fcr die Funktionalisierung von zellulosebasiertem Material. Die Produkte des Unternehmens basieren auf dessen patentierter Technologieplattform f\u00fcr die Modifizierung von Biofasern, die wiederum Ergebnisse von Forschungsarbeit an der Universit\u00e4t Stockholm und der Schwedischen Landwirtschaftsuniversit\u00e4t Uppsala sind. Zu den vom Unternehmen vermarkteten Produkten geh\u00f6ren u.a. L\u00f6sungen zur Herstellung wasserresistenter Papier und Textilien, f\u00fcr neue biologische Bindemittel f\u00fcr Vliesstoffe und f\u00fcr Zus\u00e4tze, die f\u00fcr eine erh\u00f6hte mechanische St\u00e4rke in Papierverpackungen sorgen.<\/p>\n<p>Das Unternehmen ist im Besitz der Gr\u00fcnder M\u00e5rten Hellberg (Gesch\u00e4ftsf\u00fchrer), Professor Armando C\u00f3rdova, Dozent Jonas Hafr\u00e9n und des Neugr\u00fcnderunternehmens Serendipity Innovations zusammen mit dem Gesch\u00e4ftsmann und Industriellen Anders Wall, Bertil Hagman, dem ehemaligen Konzernchef von Tetra Pak, und Claes-G\u00f6ran Beckeman, dem Technischen Direktor erst von Tetra Pak und dann von SCA Hygiene Products.<\/p>\n<p>Mehr Informationen \u00fcber OrganoClick finden Sie auf der\u00a0<a href=\"http:\/\/www.organoclick.com\/\" target=\"_blank\" rel=\"noopener\">Website<\/a> des Unternehmens.<\/p>\n","protected":false},"excerpt":{"rendered":"<p>OrganoWood kooperiert mit mehreren renommierten Partnern, die f\u00fcr hohe Qualit\u00e4t bekannt sind, sich um den Umweltschutz verdient gemacht haben und eine Leidenschaft f\u00fcr Holz haben. Wir pflegen sowohl mit mehreren Zulieferern als auch Kunden eine enge Zusammenarbeit. Welin &amp; Co Welin &amp; Co ist Lieferant und Vertriebsunternehmen f\u00fcr hochwertige Holzbehandlungsprodukte.\u00a02015 leiteten OrganoWood und Welin &amp; &hellip; <a href=\"https:\/\/organowood.com\/de\/ueber-uns\/partner\/\">Continued<\/a><\/p>\n","protected":false},"author":4,"featured_media":1084,"parent":3198,"menu_order":4,"comment_status":"closed","ping_status":"closed","template":"","meta":{"_acf_changed":false,"footnotes":""},"class_list":["post-3190","page","type-page","status-publish","has-post-thumbnail","hentry"],"acf":[],"_links":{"self":[{"href":"https:\/\/organowood.com\/de\/wp-json\/wp\/v2\/pages\/3190","targetHints":{"allow":["GET"]}}],"collection":[{"href":"https:\/\/organowood.com\/de\/wp-json\/wp\/v2\/pages"}],"about":[{"href":"https:\/\/organowood.com\/de\/wp-json\/wp\/v2\/types\/page"}],"author":[{"embeddable":true,"href":"https:\/\/organowood.com\/de\/wp-json\/wp\/v2\/users\/4"}],"replies":[{"embeddable":true,"href":"https:\/\/organowood.com\/de\/wp-json\/wp\/v2\/comments?post=3190"}],"version-history":[{"count":1,"href":"https:\/\/organowood.com\/de\/wp-json\/wp\/v2\/pages\/3190\/revisions"}],"predecessor-version":[{"id":3191,"href":"https:\/\/organowood.com\/de\/wp-json\/wp\/v2\/pages\/3190\/revisions\/3191"}],"up":[{"embeddable":true,"href":"https:\/\/organowood.com\/de\/wp-json\/wp\/v2\/pages\/3198"}],"wp:featuredmedia":[{"embeddable":true,"href":"https:\/\/organowood.com\/de\/wp-json\/wp\/v2\/media\/1084"}],"wp:attachment":[{"href":"https:\/\/organowood.com\/de\/wp-json\/wp\/v2\/media?parent=3190"}],"curies":[{"name":"wp","href":"https:\/\/api.w.org\/{rel}","templated":true}]}}