{"id":3179,"date":"2019-04-16T07:40:45","date_gmt":"2019-04-16T07:40:45","guid":{"rendered":"http:\/\/organowood.com\/?page_id=3179"},"modified":"2025-06-19T12:36:56","modified_gmt":"2025-06-19T12:36:56","slug":"tests-und-zertifikate","status":"publish","type":"page","link":"https:\/\/organowood.com\/de\/tests-und-zertifikate\/","title":{"rendered":"Tests und Zertifikate"},"content":{"rendered":"<p><strong>Haltbarkeit<\/strong><br \/>\nIm Jahre 2013 wurde eine Studie \u00fcber verschiedene Arten Dielenmaterial und Oberfl\u00e4chenbehandlungen vom schwedischen staatlichen Forschungsinstitut RISE (SP) und dem Stadtbauamt Malm\u00f6 begonnen. Mit der Studie sollte die Best\u00e4ndigkeit der Materialien gegen u.a. Mikroorganismen, Rissbildung und Deformationen untersucht werden. Der Test zeigt gute Haltbarkeit in beanspruchenden Umgebungen.<\/p>\n<p><strong>F\u00e4ulnisschutz<\/strong><br \/>\nOrganoWood<sup>\u00ae<\/sup>-H\u00f6lzer zeichnen sich durch einen erwiesen guten F\u00e4ulnisschutz aus, dokumentiert durch den F\u00e4ulnisschutztest SS-EN 113. F\u00fcr nat\u00fcrliche Haltbarkeit gem\u00e4\u00df SS-EN 350 hat OrganoWood<sup>\u00ae<\/sup>\u00a0die Klasse 1, also die h\u00f6chste Stufe, erhalten.<\/p>\n<p><strong>Solar Reflectance Index (SRI)<\/strong><br \/>\nDie sogenannte \u201eCool-Roof\u201c-Technik strebt nach einem hohen <a href=\"https:\/\/organowood.com\/de\/inspiration\/solar-reflectance-index\/\" target=\"_blank\" rel=\"noopener noreferrer\">SRI-Wert<\/a>, um die W\u00e4rme\u00fcbertragung auf Geb\u00e4ude niedriger zu halten und daher Kosten in Bezug auf einem K\u00fchlbedarf zu sparen. Au\u00dferdem sinkt das Risiko, dass urbane W\u00e4rmeinseln entstehen. Lichtreflexion und Absorptionsgrad werden auf einer Skala von 0-100 zu einem Wert zusammengef\u00fchrt. OrganoWood<sup>\u00ae<\/sup>\u00a0erh\u00e4lt im RISE (SP)-Test ASTM E1980-11 einen ausgezeichneten SRI-Wert von 82,4.<\/p>\n<p><strong>Zertifikate<\/strong><br \/>\nAlle OrganoWood<sup>\u00ae<\/sup>-H\u00f6lzer sind nach den Kategorien des FSC\u00ae (FSC-C120532) oder PEFC (PEFC\/05-35-168)\u00a0zertifiziert.<\/p>\n","protected":false},"excerpt":{"rendered":"<p>Haltbarkeit Im Jahre 2013 wurde eine Studie \u00fcber verschiedene Arten Dielenmaterial und Oberfl\u00e4chenbehandlungen vom schwedischen staatlichen Forschungsinstitut RISE (SP) und dem Stadtbauamt Malm\u00f6 begonnen. Mit der Studie sollte die Best\u00e4ndigkeit der Materialien gegen u.a. Mikroorganismen, Rissbildung und Deformationen untersucht werden. Der Test zeigt gute Haltbarkeit in beanspruchenden Umgebungen. F\u00e4ulnisschutz OrganoWood\u00ae-H\u00f6lzer zeichnen sich durch einen erwiesen &hellip; <a href=\"https:\/\/organowood.com\/de\/tests-und-zertifikate\/\">Continued<\/a><\/p>\n","protected":false},"author":4,"featured_media":0,"parent":0,"menu_order":0,"comment_status":"closed","ping_status":"closed","template":"","meta":{"_acf_changed":false,"footnotes":""},"class_list":["post-3179","page","type-page","status-publish","hentry"],"acf":[],"_links":{"self":[{"href":"https:\/\/organowood.com\/de\/wp-json\/wp\/v2\/pages\/3179","targetHints":{"allow":["GET"]}}],"collection":[{"href":"https:\/\/organowood.com\/de\/wp-json\/wp\/v2\/pages"}],"about":[{"href":"https:\/\/organowood.com\/de\/wp-json\/wp\/v2\/types\/page"}],"author":[{"embeddable":true,"href":"https:\/\/organowood.com\/de\/wp-json\/wp\/v2\/users\/4"}],"replies":[{"embeddable":true,"href":"https:\/\/organowood.com\/de\/wp-json\/wp\/v2\/comments?post=3179"}],"version-history":[{"count":7,"href":"https:\/\/organowood.com\/de\/wp-json\/wp\/v2\/pages\/3179\/revisions"}],"predecessor-version":[{"id":19832,"href":"https:\/\/organowood.com\/de\/wp-json\/wp\/v2\/pages\/3179\/revisions\/19832"}],"wp:attachment":[{"href":"https:\/\/organowood.com\/de\/wp-json\/wp\/v2\/media?parent=3179"}],"curies":[{"name":"wp","href":"https:\/\/api.w.org\/{rel}","templated":true}]}}