{"id":3177,"date":"2019-04-16T07:34:59","date_gmt":"2019-04-16T07:34:59","guid":{"rendered":"http:\/\/organowood.com\/?page_id=3177"},"modified":"2019-04-16T07:34:59","modified_gmt":"2019-04-16T07:34:59","slug":"technologie","status":"publish","type":"page","link":"https:\/\/organowood.com\/de\/technologie\/","title":{"rendered":"Technologie"},"content":{"rendered":"<h4>Entdecken Sie die einzigartige Technologie von Organowood\u00ae<\/h4>\n<p>Als Vorbild f\u00fcr das Verfahren diente die nat\u00fcrliche Fossilisation, bei der Minerale in organisches Material eindringen und dieses mineralisieren.\u00a0Bei der Impr\u00e4gnierung werden die Siliziumminerale an die Holzfasern gebunden, wodurch eine physische Barriere gegen F\u00e4ulnispilze geschaffen wird. OrganoWood\u00ae ist eine patentierte schwedische Erfindung und wird in Schweden entwickelt und produziert.<\/p>\n<p>Die Technologie von OrganoWood geht auf wissenschaftliche Durchbr\u00fcche bei der Entwicklung von Methoden f\u00fcr die Modifizierung von Biofasern zur\u00fcck. Mithilfe der Technologie werden die Siliziummineralien unter hohem Druck an die Holzfasern gebunden. Um einen optimalen Schutz zu erzielen, dringt die Fl\u00fcssigkeit in das Splintholz ein. Die patentierte Modifizierung des Holzes schafft ein Umfeld, in dem F\u00e4ulnispilze nicht gedeihen.\u00a0Das zus\u00e4tzlich behandelte OrganoWood\u00ae-modifizierte Holz ist schmutz- und wasserabweisend. Dadurch erh\u00e4lt das Holz eine bessere Formstabilit\u00e4t, das Risiko von Oberfl\u00e4chenbewuchs wird verringert und die Oberfl\u00e4che ist leichter zu s\u00e4ubern.<\/p>\n<p>.<img loading=\"lazy\" decoding=\"async\" class=\"alignnone wp-image-354\" src=\"https:\/\/organowood.emilaspman.se\/wp-content\/uploads\/2018\/03\/organowood_all_02-300x240.png\" alt=\"\" width=\"483\" height=\"387\" srcset=\"https:\/\/organowood.com\/wp-content\/uploads\/2018\/03\/organowood_all_02-300x240.png 300w, https:\/\/organowood.com\/wp-content\/uploads\/2018\/03\/organowood_all_02-745x598.png 745w, https:\/\/organowood.com\/wp-content\/uploads\/2018\/03\/organowood_all_02.png 746w\" sizes=\"auto, (max-width: 483px) 100vw, 483px\" \/><\/p>\n","protected":false},"excerpt":{"rendered":"<p>Entdecken Sie die einzigartige Technologie von Organowood\u00ae Als Vorbild f\u00fcr das Verfahren diente die nat\u00fcrliche Fossilisation, bei der Minerale in organisches Material eindringen und dieses mineralisieren.\u00a0Bei der Impr\u00e4gnierung werden die Siliziumminerale an die Holzfasern gebunden, wodurch eine physische Barriere gegen F\u00e4ulnispilze geschaffen wird. OrganoWood\u00ae ist eine patentierte schwedische Erfindung und wird in Schweden entwickelt und &hellip; <a href=\"https:\/\/organowood.com\/de\/technologie\/\">Continued<\/a><\/p>\n","protected":false},"author":4,"featured_media":2076,"parent":0,"menu_order":0,"comment_status":"closed","ping_status":"closed","template":"","meta":{"_acf_changed":false,"footnotes":""},"class_list":["post-3177","page","type-page","status-publish","has-post-thumbnail","hentry"],"acf":[],"_links":{"self":[{"href":"https:\/\/organowood.com\/de\/wp-json\/wp\/v2\/pages\/3177","targetHints":{"allow":["GET"]}}],"collection":[{"href":"https:\/\/organowood.com\/de\/wp-json\/wp\/v2\/pages"}],"about":[{"href":"https:\/\/organowood.com\/de\/wp-json\/wp\/v2\/types\/page"}],"author":[{"embeddable":true,"href":"https:\/\/organowood.com\/de\/wp-json\/wp\/v2\/users\/4"}],"replies":[{"embeddable":true,"href":"https:\/\/organowood.com\/de\/wp-json\/wp\/v2\/comments?post=3177"}],"version-history":[{"count":1,"href":"https:\/\/organowood.com\/de\/wp-json\/wp\/v2\/pages\/3177\/revisions"}],"predecessor-version":[{"id":3178,"href":"https:\/\/organowood.com\/de\/wp-json\/wp\/v2\/pages\/3177\/revisions\/3178"}],"wp:featuredmedia":[{"embeddable":true,"href":"https:\/\/organowood.com\/de\/wp-json\/wp\/v2\/media\/2076"}],"wp:attachment":[{"href":"https:\/\/organowood.com\/de\/wp-json\/wp\/v2\/media?parent=3177"}],"curies":[{"name":"wp","href":"https:\/\/api.w.org\/{rel}","templated":true}]}}