{"id":3175,"date":"2019-04-16T07:31:30","date_gmt":"2019-04-16T07:31:30","guid":{"rendered":"http:\/\/organowood.com\/?page_id=3175"},"modified":"2019-04-16T07:31:30","modified_gmt":"2019-04-16T07:31:30","slug":"umwelt","status":"publish","type":"page","link":"https:\/\/organowood.com\/de\/technologie\/umwelt\/","title":{"rendered":"Umwelt"},"content":{"rendered":"<h4>Eine Technologie mit Inspiration von der nat\u00fcrlichen Fossilisation<\/h4>\n<p>OrganoWood\u00ae-modifizierte H\u00f6lzer sind entwickelt worden, um in stark beanspruchenden Umgebungen bestehen zu k\u00f6nnen. Als Vorbild f\u00fcr diese Technologie diente die nat\u00fcrliche Fossilisation, bei der Minerale in organisches Material eindringen und dieses mineralisieren. Alle in OrganoWood\u00ae-Produkten enthaltenen Stoffe sind gem\u00e4\u00df der CLP-Verordnung (EG Nr. 1272\/2008) als f\u00fcr die Umwelt ungef\u00e4hrlich eingestuft und k\u00f6nnen wieder in den nat\u00fcrlichen Kreislauf eingeleitet werden. Daher muss das Holz nicht als umweltsch\u00e4dlicher Abfall entsorgt werden, sondern kann in \u00dcbereinstimmung mit den lokalen Vorschriften als unbehandeltes Holz recycelt werden.<\/p>\n<p>Die Holzschutzprodukte von OrganoWood waren die ersten, denen in Schweden die Umweltzertifizierung \u201eBra Milj\u00f6val\u201c (Gute Umweltwahl) des Schwedischen Naturschutzverbandes verliehen wurde.<\/p>\n<p>OrganoWood\u00ae-modifiziertes Holz ist vom schwedischen Baustoffberater Sunda Hus benotet worden und wird vom schwedischen Baustoffberater Byggvarubed\u00f6mningen empfohlen. Die Produkte sind im Register des schwedischen Baustoffberaters BASTA verzeichnet.<\/p>\n<p>Die bei der Herstellung von OrganoWood\u00ae eingesetzte Technologie wurde unter anderem als Schwedens beste Umweltinnovation 2008 ausgezeichnet und gewann den von der schwedischen Baumesse Nordbygg vergebenen Titel \u201eHetaste Materialnyhet\u201c (Hei\u00dfeste Materialneuheit) 2014. Der Weltnaturfonds verlieh dem Konzern 2010 die Auszeichnung \u201eClimate Solver\u201c, und 2015 wurde er vom WWF in die Liste der \u201eSustainia 100 Company\u201c aufgenommen.<\/p>\n<hr \/>\n<p><img loading=\"lazy\" decoding=\"async\" class=\"alignnone wp-image-358\" src=\"https:\/\/organowood.emilaspman.se\/wp-content\/uploads\/2018\/03\/sponsor-byggvarubedomningen@2x-300x39.png\" sizes=\"auto, (max-width: 238px) 100vw, 238px\" srcset=\"https:\/\/organowood.com\/wp-content\/uploads\/2018\/03\/sponsor-byggvarubedomningen@2x-300x39.png 300w, https:\/\/organowood.com\/wp-content\/uploads\/2018\/03\/sponsor-byggvarubedomningen@2x.png 386w\" alt=\"\" width=\"238\" height=\"31\" \/>\u00a0 \u00a0\u00a0\u00a0<img loading=\"lazy\" decoding=\"async\" class=\"alignnone wp-image-359\" src=\"https:\/\/organowood.emilaspman.se\/wp-content\/uploads\/2018\/03\/Climate-Solver-badge-300x300.png\" sizes=\"auto, (max-width: 93px) 100vw, 93px\" srcset=\"https:\/\/organowood.com\/wp-content\/uploads\/2018\/03\/Climate-Solver-badge-300x300.png 300w, https:\/\/organowood.com\/wp-content\/uploads\/2018\/03\/Climate-Solver-badge-150x150.png 150w, https:\/\/organowood.com\/wp-content\/uploads\/2018\/03\/Climate-Solver-badge.png 720w\" alt=\"\" width=\"93\" height=\"93\" \/>\u00a0\u00a0<img loading=\"lazy\" decoding=\"async\" class=\"alignnone wp-image-360\" src=\"https:\/\/organowood.emilaspman.se\/wp-content\/uploads\/2018\/03\/d1hhhba0eqx5qivujov8.jpg\" sizes=\"auto, (max-width: 93px) 100vw, 93px\" srcset=\"https:\/\/organowood.com\/wp-content\/uploads\/2018\/03\/d1hhhba0eqx5qivujov8.jpg 220w, https:\/\/organowood.com\/wp-content\/uploads\/2018\/03\/d1hhhba0eqx5qivujov8-150x150.jpg 150w\" alt=\"\" width=\"93\" height=\"93\" \/>\u00a0\u00a0<img loading=\"lazy\" decoding=\"async\" class=\"alignnone wp-image-361\" src=\"https:\/\/organowood.emilaspman.se\/wp-content\/uploads\/2018\/03\/Sustainia-100-kopia-300x300.png\" sizes=\"auto, (max-width: 92px) 100vw, 92px\" srcset=\"https:\/\/organowood.com\/wp-content\/uploads\/2018\/03\/Sustainia-100-kopia-300x300.png 300w, https:\/\/organowood.com\/wp-content\/uploads\/2018\/03\/Sustainia-100-kopia-150x150.png 150w, https:\/\/organowood.com\/wp-content\/uploads\/2018\/03\/Sustainia-100-kopia.png 600w\" alt=\"\" width=\"92\" height=\"92\" \/>\u00a0<img loading=\"lazy\" decoding=\"async\" class=\"alignnone wp-image-2203\" src=\"https:\/\/organowood.com\/wp-content\/uploads\/2018\/10\/basta-logo.png\" alt=\"\" width=\"86\" height=\"80\" \/>\u00a0 <img loading=\"lazy\" decoding=\"async\" class=\"alignnone wp-image-2204\" src=\"https:\/\/organowood.com\/wp-content\/uploads\/2018\/10\/logo-bmv-gron-utantext.jpg\" alt=\"\" width=\"88\" height=\"88\" \/>\u00a0\u00a0 <img loading=\"lazy\" decoding=\"async\" class=\"alignnone wp-image-2202\" src=\"https:\/\/organowood.com\/wp-content\/uploads\/2018\/10\/sundahus-logo-220x30.png\" alt=\"\" width=\"192\" height=\"64\" \/><\/p>\n","protected":false},"excerpt":{"rendered":"<p>Eine Technologie mit Inspiration von der nat\u00fcrlichen Fossilisation OrganoWood\u00ae-modifizierte H\u00f6lzer sind entwickelt worden, um in stark beanspruchenden Umgebungen bestehen zu k\u00f6nnen. Als Vorbild f\u00fcr diese Technologie diente die nat\u00fcrliche Fossilisation, bei der Minerale in organisches Material eindringen und dieses mineralisieren. Alle in OrganoWood\u00ae-Produkten enthaltenen Stoffe sind gem\u00e4\u00df der CLP-Verordnung (EG Nr. 1272\/2008) als f\u00fcr die &hellip; <a href=\"https:\/\/organowood.com\/de\/technologie\/umwelt\/\">Continued<\/a><\/p>\n","protected":false},"author":4,"featured_media":0,"parent":3177,"menu_order":0,"comment_status":"closed","ping_status":"closed","template":"","meta":{"_acf_changed":false,"footnotes":""},"class_list":["post-3175","page","type-page","status-publish","hentry"],"acf":[],"_links":{"self":[{"href":"https:\/\/organowood.com\/de\/wp-json\/wp\/v2\/pages\/3175","targetHints":{"allow":["GET"]}}],"collection":[{"href":"https:\/\/organowood.com\/de\/wp-json\/wp\/v2\/pages"}],"about":[{"href":"https:\/\/organowood.com\/de\/wp-json\/wp\/v2\/types\/page"}],"author":[{"embeddable":true,"href":"https:\/\/organowood.com\/de\/wp-json\/wp\/v2\/users\/4"}],"replies":[{"embeddable":true,"href":"https:\/\/organowood.com\/de\/wp-json\/wp\/v2\/comments?post=3175"}],"version-history":[{"count":1,"href":"https:\/\/organowood.com\/de\/wp-json\/wp\/v2\/pages\/3175\/revisions"}],"predecessor-version":[{"id":3176,"href":"https:\/\/organowood.com\/de\/wp-json\/wp\/v2\/pages\/3175\/revisions\/3176"}],"up":[{"embeddable":true,"href":"https:\/\/organowood.com\/de\/wp-json\/wp\/v2\/pages\/3177"}],"wp:attachment":[{"href":"https:\/\/organowood.com\/de\/wp-json\/wp\/v2\/media?parent=3175"}],"curies":[{"name":"wp","href":"https:\/\/api.w.org\/{rel}","templated":true}]}}