{"id":3172,"date":"2019-04-16T07:24:20","date_gmt":"2019-04-16T07:24:20","guid":{"rendered":"http:\/\/organowood.com\/?page_id=3172"},"modified":"2019-04-16T07:24:20","modified_gmt":"2019-04-16T07:24:20","slug":"wie-altert-das-holz","status":"publish","type":"page","link":"https:\/\/organowood.com\/de\/technologie\/wie-altert-das-holz\/","title":{"rendered":"Wie altert das Holz?"},"content":{"rendered":"<h4>Naturfarbenes Holz, das nat\u00fcrlich altert<\/h4>\n<p>Das modifizierte Holz beh\u00e4lt seine nat\u00fcrliche Farbe, altert danach aber in nat\u00fcrlicher Weise. Wenn Holz altert wird es grau und nimmt im Verlaufe der Zeit einen silbergrauen Farbton an. Das Grauwerden des Holzes ist durch eine Vielzahl externer Faktoren bedingt. Das Sonnenlicht zersetzt beispielsweise das Lignin und die Hemicellulose in der \u00e4u\u00dferen Holzschicht, wodurch das Holz gebleicht wird. Andere Faktoren wie Schmutzpartikel, Oberfl\u00e4chenbewuchs und tote Holzpartikel bewirken, dass das Holz grau wird. Die Kombination von Bleichen und Grauwerden erzeugt den edlen silbergrauen Farbton.<\/p>\n<p>Ja nach der Umgebung, in der sich das Holz befindet, verl\u00e4uft der Alterungsprozess langsamer oder schneller. Die Alterung tritt eher ein, wenn das Holz Wind und Wetter oder aber der Sonne in S\u00fcdlage ausgesetzt ist. In Kiefernholz, das aus Kern- und Splintholz besteht, verl\u00e4uft der Alterungsprozess auch schneller im Splintholz, da dieses einfacher Wasser aufnimmt als das Kernholz. Der h\u00f6here Feuchtegehalt beschleunigt den Oberfl\u00e4chenbewuchs.<\/p>\n<p>OrganoWood\u00ae-modifizierte H\u00f6lzer altern nat\u00fcrlich, was bedeutet, dass die gesamte Holzfl\u00e4che nicht immer gleichm\u00e4\u00dfig grau wird. Im Standardholz nimmt das Splintholz beispielsweise eher den Grauton als das Kernholz. In einem fr\u00fchen Stadium des Alterungsprozesses k\u00f6nnen Graut\u00f6ne auch als fleckig erlebt werden, aber dieser Effekt gleicht sich relativ rasch aus. Nach ein bis zwei Jahren haben Terrassendielen im Sonnenlicht eine sch\u00f6ne, gleichm\u00e4\u00dfig graue Oberfl\u00e4che bekommen.<\/p>\n<p>Ein Effekt, der bei allen Holzarten im Verlauf des Alterungsprozesses auftreten kann, die in Au\u00dfenbereichen eingesetzt werden, ist ein Ausfaserung (\u201eFaserfusseln\u201c) genanntes Ph\u00e4nomen, bei dem sich Fasern von der Oberfl\u00e4che des Holzes l\u00f6sen. Es entsteht, wenn das Lignin, das die Fasern im Holz miteinander verbindet, durch die UV-Strahlung der Sonne abgebaut wird.\u00a0Dieses Problem tritt vor allem bei Holz in Umgebungen auf, die der Sonne stark ausgesetzt sind. Durch Oberfl\u00e4chenbehandlungen und sorgf\u00e4ltiger Instandhaltung und Pflege kann man diesem Problem begegnen.<\/p>\n<p>Um den Prozess des Grauwerdens gleichm\u00e4\u00dfiger zu gestalten und das Risiko der Ausfaserung zu verringern, hat OrganoWood das Oberfl\u00e4chenbehandlungsprodukt OrganoWood\u00ae Holzschutz 02 entwickelt, das f\u00fcr OrganoWood\u00ae-H\u00f6lzer speziell angepasst ist. Das Produkt verleiht der Oberfl\u00e4che extrem wasserabweisende (superhydrophobe) Eigenschaften, die die Gefahr von Ausfaserung minimieren und f\u00fcr einen gleichm\u00e4\u00dfigeren Prozess des Grauwerdens sorgen. OrganoWood\u00ae Select Plus\u00a0ist mit\u00a0OrganoWood\u00ae Holzschutz 02. industriell behandelt worden und hat dadurch bereits einen sehr effektiven Schutz erhalten. Die wasserabweisenden Eigenschaften tragen dazu bei, dass das Holz eine geringere Rissbildung und eine gr\u00f6\u00dfere Dimensionsstabilit\u00e4t aufweist.<\/p>\n<p><a href=\"https:\/\/organowood.com\/de\/grauwerden\/\" target=\"_blank\" rel=\"noopener\">Auf der folgenden Seite<\/a> k\u00f6nnen Sie sehen, wie der Prozess des Grauwerdens von der Naturfarbe bei OrganoWood\u00ae, OrganoWood\u00ae Select und OrganoWood\u00ae Select Plus verl\u00e4uft. Mehr \u00fcber Faserfusseln lesen Sie im\u00a0<a href=\"https:\/\/www.traguiden.se\/om-tra\/materialet-tra\/traets-egenskaper-och-kvalitet\/bestandighet1\/ljusets-nedbrytning-av-tra\/\" target=\"_blank\" rel=\"noopener\">Holzf\u00fchrer<\/a> des schwedischen Holzratgebers Svenskt tr\u00e4.<\/p>\n","protected":false},"excerpt":{"rendered":"<p>Naturfarbenes Holz, das nat\u00fcrlich altert Das modifizierte Holz beh\u00e4lt seine nat\u00fcrliche Farbe, altert danach aber in nat\u00fcrlicher Weise. Wenn Holz altert wird es grau und nimmt im Verlaufe der Zeit einen silbergrauen Farbton an. Das Grauwerden des Holzes ist durch eine Vielzahl externer Faktoren bedingt. Das Sonnenlicht zersetzt beispielsweise das Lignin und die Hemicellulose in &hellip; <a href=\"https:\/\/organowood.com\/de\/technologie\/wie-altert-das-holz\/\">Continued<\/a><\/p>\n","protected":false},"author":4,"featured_media":0,"parent":3177,"menu_order":0,"comment_status":"closed","ping_status":"closed","template":"","meta":{"_acf_changed":false,"footnotes":""},"class_list":["post-3172","page","type-page","status-publish","hentry"],"acf":[],"_links":{"self":[{"href":"https:\/\/organowood.com\/de\/wp-json\/wp\/v2\/pages\/3172","targetHints":{"allow":["GET"]}}],"collection":[{"href":"https:\/\/organowood.com\/de\/wp-json\/wp\/v2\/pages"}],"about":[{"href":"https:\/\/organowood.com\/de\/wp-json\/wp\/v2\/types\/page"}],"author":[{"embeddable":true,"href":"https:\/\/organowood.com\/de\/wp-json\/wp\/v2\/users\/4"}],"replies":[{"embeddable":true,"href":"https:\/\/organowood.com\/de\/wp-json\/wp\/v2\/comments?post=3172"}],"version-history":[{"count":1,"href":"https:\/\/organowood.com\/de\/wp-json\/wp\/v2\/pages\/3172\/revisions"}],"predecessor-version":[{"id":3174,"href":"https:\/\/organowood.com\/de\/wp-json\/wp\/v2\/pages\/3172\/revisions\/3174"}],"up":[{"embeddable":true,"href":"https:\/\/organowood.com\/de\/wp-json\/wp\/v2\/pages\/3177"}],"wp:attachment":[{"href":"https:\/\/organowood.com\/de\/wp-json\/wp\/v2\/media?parent=3172"}],"curies":[{"name":"wp","href":"https:\/\/api.w.org\/{rel}","templated":true}]}}