{"id":3132,"date":"2019-04-15T09:07:40","date_gmt":"2019-04-15T09:07:40","guid":{"rendered":"http:\/\/organowood.com\/?page_id=3132"},"modified":"2025-10-08T12:36:56","modified_gmt":"2025-10-08T12:36:56","slug":"fragen-und-antworten","status":"publish","type":"page","link":"https:\/\/organowood.com\/de\/fragen-und-antworten\/","title":{"rendered":"Fragen und Antworten"},"content":{"rendered":"<h4><strong>Fragen \u00fcber modifizierte OrganoWood\u00ae-Terrassenh\u00f6lzer<\/strong><\/h4>\n<ol>\n<li><strong>Wie funktioniert die OrganoWood\u00ae-Technologie?<\/strong><br \/>\nAntwort: OrganoWood Nowa mag wie ein gew\u00f6hnliches St\u00fcck Holz aussehen, doch es wurde durch Quervernetzung der Holzfasern modifiziert, was dem Material eine hohe Widerstandsf\u00e4higkeit gegen F\u00e4ulnis verleiht. Die wasserbasierte Mineralmischung wird in das Holz gepresst. Wenn das Wasser verdunstet, binden sich die Molek\u00fcle fest an die Holzfasern. Dadurch bleiben die Eigenschaften auch bei langfristiger Nutzung in feuchten Umgebungen erhalten.<\/li>\n<li><strong>Worin bestehen die Vorteile der modifizierten OrganoWood\u00ae-H\u00f6lzer?<\/strong><br \/>\nAntwort: In traditionellen, einer impr\u00e4gnierenden Druckbehandlung unterzogenen H\u00f6lzern werden Biozide und Schwermetalle verwendet, um die Holzf\u00e4ule und die holzzerst\u00f6renden Organismen zu t\u00f6ten. Diese Stoffe sind f\u00fcr Umwelt und Gesundheit allerdings sch\u00e4dlich. Die OrganoWood\u00ae-Technologie verwendet keine als umwelt- oder gesundheitssch\u00e4dlich klassifizierten Stoffe, sondern ausschlie\u00dflich nat\u00fcrliche Mineralien und Fruchtstoffe. Die umweltzertifizierten Produkte haben die bestm\u00f6gliche Empfehlung der schwedischen Baustoffinstitute Sunda Hus und Byggvarubed\u00f6mningen erhalten. Au\u00dferdem \u00e4ndert sich im Laufe der Zeit der Farbton der H\u00f6lzer, die wesentlich stichfreier als L\u00e4rchenholz sind, in ein edles Silbergrau.<\/li>\n<li><strong>Welche Pr\u00fcftests haben modifizierte OrganoWood\u00ae-H\u00f6lzer durchlaufen?<\/strong><br \/>\nAntwort: Die H\u00f6lzer sind von dem schwedischen technischen Forschungsinstitut (SP) dem Holzf\u00e4ule-Test nach EN 113 unterzogen worden und sind dabei in die Haltbarkeitsklasse 1 gem\u00e4\u00df EN 350-1 gegen Braunf\u00e4ule eingestuft worden. Die Witterungsbest\u00e4ndigkeit ist in der Pr\u00fcfung der Auswaschbeanspruchung nach EN 84 getestet worden.<\/li>\n<li><strong>Aus welchem Rohmaterial werden modifizierte OrganoWood\u00ae-H\u00f6lzer hergestellt?<\/strong><br \/>\nAntwort: Modifizierte OrganoWood\u00ae-Terrassenh\u00f6lzer werden aus hochwertigem schwedischem Kiefernholz hergestellt.<\/li>\n<li><strong>Wie erfolgt die Instandhaltung der Terrassenh\u00f6lzer?<\/strong><br \/>\nAntwort: F\u00fcr die modifizierte OrganoWood\u00ae-Terrassendiele Standard wird eine Oberfl\u00e4chenbehandlung mit dem Schmutz- und Wasserschutz von OrganoWood\u00ae unmittelbar nach dessen Verlegung empfohlen. Diese Behandlung kann in Abst\u00e4nden von zwei bis drei Jahren wiederholt werden. Dazwischen werden die Dielen je nach Bedarf gewaschen. Wenn keine Instandhaltung der Terrassendielen nicht erfolgt, besteht die Gefahr von deren Austrocknung, insbesondere in stark der Sonne ausgesetzten Bereichen. Dadurch k\u00f6nnen Risse entstehen und\u00a0<a href=\"https:\/\/www.traguiden.se\/om-tra\/materialet-tra\/traets-egenskaper-och-kvalitet\/bestandighet1\/ljusets-nedbrytning-av-tra\/\">Ausfaserung<\/a>\u00a0(\u201eFaserfusseln\u201c). F\u00fcr die OrganoWood\u00ae-modifizierte Terrassendiele Select Plus wird bei der Montage der Dielen keine zus\u00e4tzliche Oberfl\u00e4chenbehandlung empfohlen. Alle zwei bis drei Jahre oder bei Bedarf sollte dagegen eine Reinigung und Oberfl\u00e4chenbehandlung mit dem Schmutz- und Wasserschutz von OrganoWood\u00ae erfolgen.<\/li>\n<li><strong>Kann ich OrganoWood\u00ae-modifizierte H\u00f6lzer mit Farbe streichen?<\/strong><br \/>\nAntwort: Die modifizierten H\u00f6lzer sind mineralisiert und somit erheblich h\u00e4rter und dichter als normales Holz. Daher dringen Deckfarben nicht in der gleichen Weise in die H\u00f6lzer ein. Die Bindung zwischen Farbe und Holzfasern ist also schlechter als bei normalem Holz.\u00a0OrganoWood\u00ae-modifizierte H\u00f6lzer d\u00fcrfen daher nicht mit herk\u00f6mmlichen Farben gestrichen werden.\u00a0Wir arbeiten derzeit an der Entwicklung eines umweltzertifizierten Farbsystems, das auf OrganoWood\u00ae-modifiziertes Profilholz besonders abgestimmt ist.<\/li>\n<li><strong>Wie altern OrganoWood\u00ae-modifizierte H\u00f6lzer?<\/strong><br \/>\nAntwort: Die H\u00f6lzer altern wie normales Holz und nehmen im Verlaufe der Zeit einen silbergrauen Farbton an. Wie schnell dieser Prozess des Grauwerdens erfolgt, ist dagegen stark abh\u00e4ngig von der Platzierung der H\u00f6lzer, in welcher Himmelsrichtung es angebracht ist und wie sehr es Wetter und Wind ausgesetzt ist. Im Allgemeinen wird das Splintholz schneller grau als das Kernholz, da ersteres Wasser aufnimmt und daher erheblich feuchter wird als Kernholz. Um ein gleichm\u00e4\u00dfigeres Grauwerden zu erreichen und das Risiko von Ausfaserung zu senken, wird eine Behandlung mit dem Schmutz- und Wasserschutz von OrganoWood\u00ae empfohlen, der die Aufnahme von Feuchtigkeit im Splintholz verringert, wodurch es dem Kernholz mehr gleicht. Diese Wirkung wird auch bei der OrganoWood\u00ae-modifizierten Terrassendiele Select Plus erzielt, die mit dem Schmutz- und Wasserschutz von OrganoWood\u00ae impr\u00e4gniert ist. Verfolgen Sie den Alterungsprozess von OrganoWood\u00ae-modifizierten Terrassendielen in dieser\u00a0Gegen\u00fcberstellung.<\/li>\n<li><strong>An meinen H\u00f6lzern sind lauter Faserfusseln, was ist das?<\/strong><br \/>\nAntwort: Ein Ph\u00e4nomen, das an gealtertem Holz auftreten kann, ist die sog. Ausfaserung (Faserfusseln), bei der sich Fasern von der Oberfl\u00e4che des Holzes abl\u00f6sen. Es entsteht dadurch, dass das Lignin, das die Fasern im Holz miteinander verbindet, durch die UV-Strahlung der Sonne abgebaut wird. In der Sonne ausgesetzten Bereichen tritt daher dieses Ph\u00e4nomen fr\u00fcher auf. Der Schutz des Holzes gegen F\u00e4ulnis wird dadurch nicht beeintr\u00e4chtigt, da sich lediglich die \u00e4u\u00dfersten Fasern abl\u00f6sen, aber ein sch\u00f6ner Anblick ist dies nat\u00fcrlich nicht.\u00a0 Weitere Informationen \u00fcber Ausfaserung erhalten Sie auf der Seite des schwedischen Holzratgebers\u00a0<a href=\"https:\/\/www.traguiden.se\/\">Svenskt tr\u00e4<\/a>. Sie entfernen die Faserfusseln mithilfe einer groben B\u00fcrste. B\u00fcrsten Sie die betroffenen Bereiche ab, wenn das Holz trocken ist und die \u00fcbersch\u00fcssigen Fasern fallen ab.<\/li>\n<\/ol>\n<h4><strong>Fragen \u00fcber das Holzschutzsystem von OrganoWood<\/strong><\/h4>\n<ol>\n<li><strong>F\u00fcr welche Holzarten eignet sich das Holzschutzsystem von OrganoWood?<\/strong><br \/>\nAntwort: Das Holzschutzsystem von OrganoWood (OrganoWood\u00ae-Flamm- und F\u00e4ulnisschutz und OrganoWood\u00ae-Schmutz- und Wasserschutz) kann f\u00fcr fast alle Holzarten mit wenigen Ausnahmen eingesetzt werden, sollte aber vor allem f\u00fcr H\u00f6lzer, die einen besseren Oberfl\u00e4chenschutz ben\u00f6tigen wie Kiefer, Tanne, L\u00e4rche und druckimpr\u00e4gniertes Holz, verwendet werden. Beispiele f\u00fcr Anwendungen sind Holzkonstruktionen, die sich in m\u00e4\u00dfig beanspruchten Au\u00dfenbereichen wie Bretterz\u00e4une, Paneele, Terrassen aus druckimpr\u00e4gnierten H\u00f6lzern oder in feuchten Innenbereichen befinden. F\u00fcr eine vollst\u00e4ndige Liste der Holzarten, die mit dem Holzschutz behandelt werden k\u00f6nnen, wenden Sie sich bitte an unsere Experten und H\u00e4ndler bei\u00a0<a href=\"https:\/\/www.welinoco.com\/kontakt\">Welin &amp; Co.<\/a><\/li>\n<li><strong>Kann ich den Schmutz- und Wasserschutz von OrganoWood\u00ae als Terrassen\u00f6l verwenden?<\/strong><br \/>\nAntwort: Der Schmutz- und Wasserschutz von OrganoWood\u00ae eignet sich hervorragend als Terrassen\u00f6l. Er kann f\u00fcr druckimpr\u00e4gnierte Dielen verwendet werden, die dadurch hochwirksame wasserabweisende Eigenschaften erhalten. Gleichzeitig wird das Risiko des Auftretens von Schimmel und Oberfl\u00e4chenbewuchs verringert. Die Behandlung kann auch an anderen Holzarten wie L\u00e4rche, Eiche und anderen Edelh\u00f6lzern vorgenommen werden.<\/li>\n<li><strong>Kann ich behandelte OrganoWood\u00ae-H\u00f6lzer streichen?<\/strong><br \/>\nAntwort: Mit dem Holzschutzsystem von OrganoWood behandeltes Holz ist mineralisiert und zeichnet sich daher durch eine dichtere Oberfl\u00e4chenstruktur aus, wodurch das Holz gesch\u00fctzt wird. Daher dringen herk\u00f6mmliche Farben nicht in derselben Weise in das Holz ein. Die Bindung zwischen Farbe und Holzfasern ist also schlechter als bei normalem Holz.\u00a0Behandelte OrganoWood\u00ae-H\u00f6lzer d\u00fcrfen daher nicht mit herk\u00f6mmlichen Farben gestrichen werden.\u00a0Wir arbeiten derzeit an der Entwicklung eines umweltzertifizierten Farbsystems, das auf behandelte OrganoWood\u00ae-H\u00f6lzer besonders abgestimmt ist.<\/li>\n<li><strong>Wie lange h\u00e4lt die Oberfl\u00e4chenbehandlung von unbehandeltem Holz?<\/strong><br \/>\nAntwort: Wenn unbehandeltes Holz entsprechend den Empfehlungen (ein Anstrich mit dem Flamm- und F\u00e4ulnisschutz von OrganoWood\u00ae und zwei anschlie\u00dfenden Anstrichen mit dem Schmutz- und Wasserschutz von OrganoWood\u00ae) behandelt worden ist. Die Instandhaltung mit OrganoWood 02. sollte wieder vorgenommen werden, wenn die Oberfl\u00e4che ihre superhydrophobe (wasserabweisende) Funktion verloren hat. Es muss nicht immer die gesamte Oberfl\u00e4che behandelt werden, die Instandhaltung kann auch lediglich partiell erfolgen, z. B. auf Gehbereichen auf der Terrasse.<\/li>\n<\/ol>\n<style>li {padding-bottom: 10px;}<\/style>\n","protected":false},"excerpt":{"rendered":"<p>Fragen \u00fcber modifizierte OrganoWood\u00ae-Terrassenh\u00f6lzer Wie funktioniert die OrganoWood\u00ae-Technologie? Antwort: OrganoWood Nowa mag wie ein gew\u00f6hnliches St\u00fcck Holz aussehen, doch es wurde durch Quervernetzung der Holzfasern modifiziert, was dem Material eine hohe Widerstandsf\u00e4higkeit gegen F\u00e4ulnis verleiht. Die wasserbasierte Mineralmischung wird in das Holz gepresst. Wenn das Wasser verdunstet, binden sich die Molek\u00fcle fest an die Holzfasern. &hellip; <a href=\"https:\/\/organowood.com\/de\/fragen-und-antworten\/\">Continued<\/a><\/p>\n","protected":false},"author":4,"featured_media":0,"parent":0,"menu_order":0,"comment_status":"closed","ping_status":"closed","template":"","meta":{"_acf_changed":false,"footnotes":""},"class_list":["post-3132","page","type-page","status-publish","hentry"],"acf":[],"_links":{"self":[{"href":"https:\/\/organowood.com\/de\/wp-json\/wp\/v2\/pages\/3132","targetHints":{"allow":["GET"]}}],"collection":[{"href":"https:\/\/organowood.com\/de\/wp-json\/wp\/v2\/pages"}],"about":[{"href":"https:\/\/organowood.com\/de\/wp-json\/wp\/v2\/types\/page"}],"author":[{"embeddable":true,"href":"https:\/\/organowood.com\/de\/wp-json\/wp\/v2\/users\/4"}],"replies":[{"embeddable":true,"href":"https:\/\/organowood.com\/de\/wp-json\/wp\/v2\/comments?post=3132"}],"version-history":[{"count":5,"href":"https:\/\/organowood.com\/de\/wp-json\/wp\/v2\/pages\/3132\/revisions"}],"predecessor-version":[{"id":19909,"href":"https:\/\/organowood.com\/de\/wp-json\/wp\/v2\/pages\/3132\/revisions\/19909"}],"wp:attachment":[{"href":"https:\/\/organowood.com\/de\/wp-json\/wp\/v2\/media?parent=3132"}],"curies":[{"name":"wp","href":"https:\/\/api.w.org\/{rel}","templated":true}]}}