{"id":3126,"date":"2018-02-09T16:51:46","date_gmt":"2018-02-09T16:51:46","guid":{"rendered":"http:\/\/organowood.com\/?page_id=3126"},"modified":"2025-12-18T09:14:09","modified_gmt":"2025-12-18T09:14:09","slug":"kontakt","status":"publish","type":"page","link":"https:\/\/organowood.com\/de\/kontakt\/","title":{"rendered":"Kontakt"},"content":{"rendered":"<p><span style=\"color: #6fa289;\"><strong>OrganoWood AB<\/strong><\/span><br \/>\nLinjalv\u00e4gen 9-11<br \/>\nSE-187 66 T\u00e4by<br \/>\nSWEDEN<\/p>\n<p><strong>Verteiler Deutschland:<\/strong><br \/>\nCarl G\u00f6tz GmbH<br \/>\n<a href=\"http:\/\/www.carlgoetz.de\">www.carlgoetz.de<\/a><\/p>\n<p><strong>Verteiler Deutschland:<\/strong><br \/>\nEnno Roggemann<br \/>\n<a href=\"https:\/\/www.roggemann.de\/\">www.roggemann.de<\/a><\/p>\n<p><strong>Kontaktieren Sie uns gern per E-Mail oder Telefon, wenn Sie Fragen zu unserem modifizierten Holz haben.<\/strong><br \/>\nTelefon: +46 (0)8 674 00 80<br \/>\nE-mail: <a href=\"mailto:info@organowood.com\">info@organowood.com<\/a><br \/>\n<a href=\"mailto:support@organowood.com\">support@organowood.com<\/a><\/p>\n","protected":false},"excerpt":{"rendered":"<p>OrganoWood AB Linjalv\u00e4gen 9-11 SE-187 66 T\u00e4by SWEDEN Verteiler Deutschland: Carl G\u00f6tz GmbH www.carlgoetz.de Verteiler Deutschland: Enno Roggemann www.roggemann.de Kontaktieren Sie uns gern per E-Mail oder Telefon, wenn Sie Fragen zu unserem modifizierten Holz haben. Telefon: +46 (0)8 674 00 80 E-mail: info@organowood.com support@organowood.com<\/p>\n","protected":false},"author":1,"featured_media":0,"parent":0,"menu_order":0,"comment_status":"closed","ping_status":"closed","template":"views\/template-contact.blade.php","meta":{"_acf_changed":false,"footnotes":""},"class_list":["post-3126","page","type-page","status-publish","hentry"],"acf":[],"_links":{"self":[{"href":"https:\/\/organowood.com\/de\/wp-json\/wp\/v2\/pages\/3126","targetHints":{"allow":["GET"]}}],"collection":[{"href":"https:\/\/organowood.com\/de\/wp-json\/wp\/v2\/pages"}],"about":[{"href":"https:\/\/organowood.com\/de\/wp-json\/wp\/v2\/types\/page"}],"author":[{"embeddable":true,"href":"https:\/\/organowood.com\/de\/wp-json\/wp\/v2\/users\/1"}],"replies":[{"embeddable":true,"href":"https:\/\/organowood.com\/de\/wp-json\/wp\/v2\/comments?post=3126"}],"version-history":[{"count":8,"href":"https:\/\/organowood.com\/de\/wp-json\/wp\/v2\/pages\/3126\/revisions"}],"predecessor-version":[{"id":19950,"href":"https:\/\/organowood.com\/de\/wp-json\/wp\/v2\/pages\/3126\/revisions\/19950"}],"wp:attachment":[{"href":"https:\/\/organowood.com\/de\/wp-json\/wp\/v2\/media?parent=3126"}],"curies":[{"name":"wp","href":"https:\/\/api.w.org\/{rel}","templated":true}]}}