{"id":3123,"date":"2019-04-11T09:33:33","date_gmt":"2019-04-11T09:33:33","guid":{"rendered":"http:\/\/organowood.com\/?page_id=3123"},"modified":"2024-01-08T13:47:44","modified_gmt":"2024-01-08T13:47:44","slug":"holzreiniger","status":"publish","type":"page","link":"https:\/\/organowood.com\/de\/holzschutz\/holzreiniger\/","title":{"rendered":"Holzreiniger"},"content":{"rendered":"<p><strong>Ein Reiniger als Superkonzentrat<\/strong><br \/>\nOrganoWood\u00ae Holzreiniger ist ein wasserbasiertes Superkonzentrat, das zur Reinigung von leicht bis schwer verschmutzten Holzoberfl\u00e4chen in Au\u00dfenbereichen verwendet wird.<\/p>\n<p><strong>VERBRAUCH<\/strong><br \/>\nAllzweckreinigung: 1 dl OrganoWood\u00ae Holzreiniger in 5 Liter warmem Wasser mischen.<br \/>\nGrobreinigung: 2 dl OrganoWood\u00ae Holzreiniger in 5 Liter warmem Wasser mischen.<\/p>\n<p>Nach der Grobreinigung wird eine Nachbehandlung mit <a href=\"https:\/\/organowood.com\/wp-content\/uploads\/2019\/04\/OrganoWood-02.-Tr%C3%A4skydd.-Smutts-och-vattenskydd_DE.pdf\" target=\"_blank\" rel=\"noopener noreferrer\">OrganoWood\u00ae 02. Holzschutz: Schmutz- und Wasserschutz<\/a> empfohlen, damit die Holzoberfl\u00e4che ihre wasserabweisende Eigenschaft wiedererlangt.<\/p>\n<p><strong>Umwelt und Nachhaltigkeit<\/strong><br \/>\nOrganoWood\u00ae Holzreiniger enth\u00e4lt ausschlie\u00dflich Stoffe, die wieder in den nat\u00fcrlichen Kreislauf eingeleitet werden k\u00f6nnen. Das Produkt hat die schwedische Umweltzertifizierung \u201eBra Milj\u00f6val\u201c (Gute Umweltwahl) erhalten, ist vom Baustoffberater SundaHus in die Umweltklasse B eingestuft worden und wird von den schwedischen Baustoffberatern Byggvarubed\u00f6mningen und BASTA empfohlen. Alle im Produkt enthaltenen Stoffe sind von der schwedischen Chemikalieninspektion als f\u00fcr die Umwelt ungef\u00e4hrlich eingestuft. F\u00fcr weitere Informationen \u00fcber Haltbarkeit, Auftragung und technische Daten des jeweiligen Produkts siehe das entsprechende <a href=\"https:\/\/organowood.com\/wp-content\/uploads\/2019\/04\/OrganoWood-03.-Tr%C3%A4reng%C3%B6ring_DE.pdf\" target=\"_blank\" rel=\"noopener noreferrer\">Produktblatt<\/a>.<\/p>\n","protected":false},"excerpt":{"rendered":"<p>Ein Reiniger als Superkonzentrat OrganoWood\u00ae Holzreiniger ist ein wasserbasiertes Superkonzentrat, das zur Reinigung von leicht bis schwer verschmutzten Holzoberfl\u00e4chen in Au\u00dfenbereichen verwendet wird. VERBRAUCH Allzweckreinigung: 1 dl OrganoWood\u00ae Holzreiniger in 5 Liter warmem Wasser mischen. Grobreinigung: 2 dl OrganoWood\u00ae Holzreiniger in 5 Liter warmem Wasser mischen. Nach der Grobreinigung wird eine Nachbehandlung mit OrganoWood\u00ae 02. &hellip; <a href=\"https:\/\/organowood.com\/de\/holzschutz\/holzreiniger\/\">Continued<\/a><\/p>\n","protected":false},"author":4,"featured_media":6339,"parent":3112,"menu_order":3,"comment_status":"closed","ping_status":"closed","template":"views\/template-product.blade.php","meta":{"_acf_changed":false,"footnotes":""},"class_list":["post-3123","page","type-page","status-publish","has-post-thumbnail","hentry"],"acf":[],"_links":{"self":[{"href":"https:\/\/organowood.com\/de\/wp-json\/wp\/v2\/pages\/3123","targetHints":{"allow":["GET"]}}],"collection":[{"href":"https:\/\/organowood.com\/de\/wp-json\/wp\/v2\/pages"}],"about":[{"href":"https:\/\/organowood.com\/de\/wp-json\/wp\/v2\/types\/page"}],"author":[{"embeddable":true,"href":"https:\/\/organowood.com\/de\/wp-json\/wp\/v2\/users\/4"}],"replies":[{"embeddable":true,"href":"https:\/\/organowood.com\/de\/wp-json\/wp\/v2\/comments?post=3123"}],"version-history":[{"count":5,"href":"https:\/\/organowood.com\/de\/wp-json\/wp\/v2\/pages\/3123\/revisions"}],"predecessor-version":[{"id":7925,"href":"https:\/\/organowood.com\/de\/wp-json\/wp\/v2\/pages\/3123\/revisions\/7925"}],"up":[{"embeddable":true,"href":"https:\/\/organowood.com\/de\/wp-json\/wp\/v2\/pages\/3112"}],"wp:featuredmedia":[{"embeddable":true,"href":"https:\/\/organowood.com\/de\/wp-json\/wp\/v2\/media\/6339"}],"wp:attachment":[{"href":"https:\/\/organowood.com\/de\/wp-json\/wp\/v2\/media?parent=3123"}],"curies":[{"name":"wp","href":"https:\/\/api.w.org\/{rel}","templated":true}]}}