{"id":3120,"date":"2019-04-11T09:29:53","date_gmt":"2019-04-11T09:29:53","guid":{"rendered":"http:\/\/organowood.com\/?page_id=3120"},"modified":"2024-01-08T13:47:27","modified_gmt":"2024-01-08T13:47:27","slug":"02-oberflachenschutz","status":"publish","type":"page","link":"https:\/\/organowood.com\/de\/holzschutz\/02-oberflachenschutz\/","title":{"rendered":"02 Oberfl\u00e4chenschutz"},"content":{"rendered":"<p><strong>Holzschutz vor Wetter und Wind und f\u00fcr ein sch\u00f6neres Aussehen<\/strong><br \/>\nOrganoWood\u00ae 02. Holzschutz: Schmutz- und Wasserschutz ist ein wasserbasiertes Holzschutzmittel, das entwickelt worden ist, um den \u00e4u\u00dferen Schutz des Holzes gegen Schmutz und Wasser zu optimieren. Das Produkt besteht aus Siliziummineralien und nat\u00fcrlichen Pflanzenstoffen. Wenn die Fl\u00fcssigkeit hart geworden ist, entsteht eine extrem wasserabweisende (superhydrophobe) Fl\u00e4che um die Holzfasern, wodurch das Eindringen von Feuchtigkeit, Wasser und wasserl\u00f6slichem Schmutz verringert wird. Au\u00dferdem verringern sich die durch Feuchtigkeit bedingten Bewegungen des Holzes, was Rissbildung entgegenwirkt und zu einem gleichm\u00e4\u00dfigeren Prozess des Grauwerdens f\u00fchrt.<\/p>\n<p><strong>Anwendungsbereiche<\/strong><br \/>\nOrganoWood\u00ae 02. wird einfach von unbehandeltem Holzmaterial, OrganoWood\u00ae-H\u00f6lzern und mit OrganoWood\u00ae 01. Holzschutz: Flamm- und F\u00e4ulnisschutz absorbiert. Das Produkt ist speziell f\u00fcr die Oberfl\u00e4chenbehandlung und die Instandhaltung von OrganoWood\u00ae-Holz entwickelt. Das Produkt kann auch f\u00fcr andere H\u00f6lzer verwendet werden, beispielsweise f\u00fcr herk\u00f6mmlich druckimpr\u00e4gniertes Holz, L\u00e4rche und Kernkiefer. Das behandelte Holz erh\u00e4lt einen Oberfl\u00e4chenschutz und sorgt in Kombination mit OrganoWood\u00ae 01. f\u00fcr einen kompletten Holzschutz.<\/p>\n<p><strong>Farbe<\/strong><br \/>\nOrganoWood\u00ae 02. Holzschutz: Schmutz- und Wasserschutz ist eine wasserbasierte Emulsion mit einem wei\u00dfen, milch\u00e4hnlichen Aussehen, die das Holz bei der Behandlung nicht f\u00e4rbt. Im Verlaufe der Zeit l\u00e4sst das Mittel das Holz nat\u00fcrlich altern und grau werden, bis es einen edlen silbergrauen Farbton annimmt.<\/p>\n<p><strong>Umwelt und Nachhaltigkeit<\/strong><br \/>\nOrganoWood\u00ae 02. Holzschutz: Schmutz und Wasserschutz enth\u00e4lt ausschlie\u00dflich Stoffe, die wieder in den nat\u00fcrlichen Kreislauf eingeleitet werden k\u00f6nnen. Das Produkt ist vom Baustoffberater SundaHus in die Umweltklasse B eingestuft worden und wird von den schwedischen Baustoffberatern Byggvarubed\u00f6mningen und BASTA empfohlen. F\u00fcr weitere Informationen \u00fcber Haltbarkeit, Auftragung und technische Daten des jeweiligen Produkts siehe das entsprechende <a href=\"https:\/\/organowood.com\/wp-content\/uploads\/2019\/04\/OrganoWood-02.-Tr%C3%A4skydd.-Smutts-och-vattenskydd_DE.pdf\" target=\"_blank\" rel=\"noopener noreferrer\">Produktblatt<\/a>.<\/p>\n<p>OrganoWood\u00ae 02. Holzschutz ist im Hausprodukt-Portal des skandinavischen Umweltzertifizierers Svanen registriert und kann in Projekten mit der Svanen-Kennzeichnung verwendet werden.<\/p>\n","protected":false},"excerpt":{"rendered":"<p>Holzschutz vor Wetter und Wind und f\u00fcr ein sch\u00f6neres Aussehen OrganoWood\u00ae 02. Holzschutz: Schmutz- und Wasserschutz ist ein wasserbasiertes Holzschutzmittel, das entwickelt worden ist, um den \u00e4u\u00dferen Schutz des Holzes gegen Schmutz und Wasser zu optimieren. Das Produkt besteht aus Siliziummineralien und nat\u00fcrlichen Pflanzenstoffen. Wenn die Fl\u00fcssigkeit hart geworden ist, entsteht eine extrem wasserabweisende (superhydrophobe) &hellip; <a href=\"https:\/\/organowood.com\/de\/holzschutz\/02-oberflachenschutz\/\">Continued<\/a><\/p>\n","protected":false},"author":4,"featured_media":6292,"parent":3112,"menu_order":2,"comment_status":"closed","ping_status":"closed","template":"views\/template-product.blade.php","meta":{"_acf_changed":false,"footnotes":""},"class_list":["post-3120","page","type-page","status-publish","has-post-thumbnail","hentry"],"acf":[],"_links":{"self":[{"href":"https:\/\/organowood.com\/de\/wp-json\/wp\/v2\/pages\/3120","targetHints":{"allow":["GET"]}}],"collection":[{"href":"https:\/\/organowood.com\/de\/wp-json\/wp\/v2\/pages"}],"about":[{"href":"https:\/\/organowood.com\/de\/wp-json\/wp\/v2\/types\/page"}],"author":[{"embeddable":true,"href":"https:\/\/organowood.com\/de\/wp-json\/wp\/v2\/users\/4"}],"replies":[{"embeddable":true,"href":"https:\/\/organowood.com\/de\/wp-json\/wp\/v2\/comments?post=3120"}],"version-history":[{"count":5,"href":"https:\/\/organowood.com\/de\/wp-json\/wp\/v2\/pages\/3120\/revisions"}],"predecessor-version":[{"id":7924,"href":"https:\/\/organowood.com\/de\/wp-json\/wp\/v2\/pages\/3120\/revisions\/7924"}],"up":[{"embeddable":true,"href":"https:\/\/organowood.com\/de\/wp-json\/wp\/v2\/pages\/3112"}],"wp:featuredmedia":[{"embeddable":true,"href":"https:\/\/organowood.com\/de\/wp-json\/wp\/v2\/media\/6292"}],"wp:attachment":[{"href":"https:\/\/organowood.com\/de\/wp-json\/wp\/v2\/media?parent=3120"}],"curies":[{"name":"wp","href":"https:\/\/api.w.org\/{rel}","templated":true}]}}