{"id":3117,"date":"2019-04-11T09:26:42","date_gmt":"2019-04-11T09:26:42","guid":{"rendered":"http:\/\/organowood.com\/?page_id=3117"},"modified":"2024-01-08T13:47:11","modified_gmt":"2024-01-08T13:47:11","slug":"01-holzschutz","status":"publish","type":"page","link":"https:\/\/organowood.com\/de\/holzschutz\/01-holzschutz\/","title":{"rendered":"01 Holzschutz"},"content":{"rendered":"<p><strong>Holzschutz gegen F\u00e4ulnis<\/strong><br \/>\nOrganoWood\u00ae 01. Holzschutz Grundbehandlung ist ein wasserbasiertes Holzschutzmittel, das aus Siliziummineralien und nat\u00fcrlichen Pflanzenstoffen besteht. Das behandelte Holz erh\u00e4lt flammsch\u00fctzende Eigenschaften und Schutz gegen F\u00e4ulnisangriffe.<\/p>\n<p><strong>Anwendungsbereiche<\/strong><br \/>\nDas Produkt kann zur Oberfl\u00e4chenbehandlung von fast allen unbehandelten und druckimpr\u00e4gnierten H\u00f6lzern eingesetzt werden. Die Behandlung funktioniert ausgezeichnet auf absorbierenden Holzarten wie z. B. Kiefer und Fichte. Bei der Anwendung des Produkts f\u00fcr Holzarten mit geringer Absorptionsf\u00e4higkeit kann eine kurzzeitige Farbver\u00e4nderung auftreten.&nbsp; Zusammen mit OrganoWood\u00ae 02. Holzschutz: Schmutz- und Wasserschutz wird ein komplettes Holzschutzsystem geschaffen, das die Lebensdauer des Holzes zus\u00e4tzlich verl\u00e4ngert, Feuchtesch\u00e4den entgegenwirkt und Oberfl\u00e4chenbewuchs vorbeugt. OrganoWood\u00ae 01. Holzschutz ist bei Trennschnitten, Bohren und anderen kleineren Bearbeitungen, die bei der Montage von OrganoWood\u00ae erforderlich sind, oder f\u00fcr andere Holzarten\/Behandlungen von Holz f\u00fcr Au\u00dfenbereiche anzuwenden. Bei weiteren Fragen zu Anwendungsbereichen wenden Sie sich bitte an unsere Experten und Vertriebsmitarbeiter bei der Firma <a href=\"https:\/\/www.welinoco.com\/kontakt\">Welin &amp; Co.<\/a><\/p>\n<p><strong>Farbe<\/strong><br \/>\nOrganoWood\u00ae 01. Holzschutz ist farblos und ver\u00e4ndert die Farbe des Holzes direkt nach Auftragung nur unwesentlich. Das behandelte Holz erh\u00e4lt im Verlaufe der Zeit einen edlen silbergrauen Farbton.<\/p>\n<p><strong>Umwelt und Nachhaltigkeit<\/strong><br \/>\nOrganoWood\u00ae 01. Holzschutz enth\u00e4lt ausschlie\u00dflich Stoffe, die wieder in den nat\u00fcrlichen Kreislauf eingeleitet werden k\u00f6nnen. Das Produkt hat die schwedische Umweltzertifizierung \u201eBra Milj\u00f6val\u201c (Gute Umweltwahl) erhalten, ist vom Baustoffberater SundaHus in die Umweltklasse B eingestuft worden und wird von den schwedischen Baustoffberatern Byggvarubed\u00f6mningen und BASTA empfohlen. Alle im Produkt enthaltenen Stoffe sind von der schwedischen Chemikalieninspektion als f\u00fcr die Umwelt ungef\u00e4hrlich eingestuft. F\u00fcr weitere Informationen \u00fcber Haltbarkeit, Auftragung und technische Daten des jeweiligen Produkts siehe das entsprechende <a href=\"https:\/\/organowood.com\/wp-content\/uploads\/2019\/04\/OrganoWood-01.-Tr%C3%A4skydd.-Flam-och-r%C3%B6tskydd_DE.pdf\" target=\"_blank\" rel=\"noopener noreferrer\">Produktblatt.<\/a><\/p>\n<p>OrganoWood\u00ae 01. Holzschutz ist im Hausprodukt-Portal des skandinavischen Umweltzertifizierers Svanen registriert und kann in Projekten mit der Svanen-Kennzeichnung verwendet werden.<\/p>\n","protected":false},"excerpt":{"rendered":"<p>Holzschutz gegen F\u00e4ulnis OrganoWood\u00ae 01. Holzschutz Grundbehandlung ist ein wasserbasiertes Holzschutzmittel, das aus Siliziummineralien und nat\u00fcrlichen Pflanzenstoffen besteht. Das behandelte Holz erh\u00e4lt flammsch\u00fctzende Eigenschaften und Schutz gegen F\u00e4ulnisangriffe. Anwendungsbereiche Das Produkt kann zur Oberfl\u00e4chenbehandlung von fast allen unbehandelten und druckimpr\u00e4gnierten H\u00f6lzern eingesetzt werden. Die Behandlung funktioniert ausgezeichnet auf absorbierenden Holzarten wie z. B. Kiefer und &hellip; <a href=\"https:\/\/organowood.com\/de\/holzschutz\/01-holzschutz\/\">Continued<\/a><\/p>\n","protected":false},"author":4,"featured_media":6294,"parent":3112,"menu_order":1,"comment_status":"closed","ping_status":"closed","template":"views\/template-product.blade.php","meta":{"_acf_changed":false,"footnotes":""},"class_list":["post-3117","page","type-page","status-publish","has-post-thumbnail","hentry"],"acf":[],"_links":{"self":[{"href":"https:\/\/organowood.com\/de\/wp-json\/wp\/v2\/pages\/3117","targetHints":{"allow":["GET"]}}],"collection":[{"href":"https:\/\/organowood.com\/de\/wp-json\/wp\/v2\/pages"}],"about":[{"href":"https:\/\/organowood.com\/de\/wp-json\/wp\/v2\/types\/page"}],"author":[{"embeddable":true,"href":"https:\/\/organowood.com\/de\/wp-json\/wp\/v2\/users\/4"}],"replies":[{"embeddable":true,"href":"https:\/\/organowood.com\/de\/wp-json\/wp\/v2\/comments?post=3117"}],"version-history":[{"count":5,"href":"https:\/\/organowood.com\/de\/wp-json\/wp\/v2\/pages\/3117\/revisions"}],"predecessor-version":[{"id":7923,"href":"https:\/\/organowood.com\/de\/wp-json\/wp\/v2\/pages\/3117\/revisions\/7923"}],"up":[{"embeddable":true,"href":"https:\/\/organowood.com\/de\/wp-json\/wp\/v2\/pages\/3112"}],"wp:featuredmedia":[{"embeddable":true,"href":"https:\/\/organowood.com\/de\/wp-json\/wp\/v2\/media\/6294"}],"wp:attachment":[{"href":"https:\/\/organowood.com\/de\/wp-json\/wp\/v2\/media?parent=3117"}],"curies":[{"name":"wp","href":"https:\/\/api.w.org\/{rel}","templated":true}]}}