{"id":3112,"date":"2019-04-11T09:17:26","date_gmt":"2019-04-11T09:17:26","guid":{"rendered":"http:\/\/organowood.com\/?page_id=3112"},"modified":"2024-01-08T13:46:43","modified_gmt":"2024-01-08T13:46:43","slug":"holzschutz","status":"publish","type":"page","link":"https:\/\/organowood.com\/de\/holzschutz\/","title":{"rendered":"Holzschutz"},"content":{"rendered":"\n<p style=\"font-size:21px\">Holzschutz<\/p>\n\n\n\n<p class=\"has-text-align-left has-normal-font-size\"><strong><strong><strong><strong>Holzschutzsystem f\u00fcr Terrassen, Fassaden und G\u00e4rten<\/strong><\/strong><\/strong><\/strong><\/p>\n\n\n\n<ul class=\"wp-block-list\"><li>\u00d6kologisch zertifiziertes silizium-basiertes Produkt (01 Holzschutz)<\/li><li>Verleiht Holz einen sch\u00f6nen silbergrauen Farbton<\/li><li>Verl\u00e4ngert die Lebensdauer von Holz<\/li><li>Angenehme Oberfl\u00e4che und reduziertes Rissbildung<\/li><li>Weniger Aufwand f\u00fcr Pflege und Erhalt<\/li><\/ul>\n\n\n\n<div style=\"height:20px\" aria-hidden=\"true\" class=\"wp-block-spacer\"><\/div>\n\n\n\n<p><strong>Mit OrganoWood<sup>\u00ae<\/sup> Holzschutz schaffen Sie einen sch\u00f6nenAu\u00dfenbereich im Einklang mit der Natur. Das behandelte Holz erh\u00e4lt eine helle, weiche Oberfl\u00e4che, die einen nat\u00fcrlichen silbergrauen Farbton annimmt und weniger anf\u00e4llig f\u00fcr Risse ist.<\/strong><\/p>\n\n\n\n<p><strong>Die patentierte Technologie ahmt die intelligenten chemischen Eigenschaften der Natur nach, basiert auf Silizium und ist eine nachhaltige Alternative zu herk\u00f6mmlichen Holz\u00f6len und Holzschutzmitteln.<\/strong><\/p>\n\n\n\n<p><strong>Mit OrganoWood<sup>\u00ae<\/sup> sieht Ihre alte Terrasse wieder aus wie neu. Der Pflegeaufwand wird reduziert und die nat\u00fcrliche Lebensdauer des Holzes wird verl\u00e4ngert.<\/strong><\/p>\n\n\n\n<p>Das komplette Holzschutzsystem besteht ausHolzreiniger (Vorbehandlung und Pflege), 01 Holzschutz (Grundbehandlung) und 02 Oberfl\u00e4chenschutz (Endbehandlung). 01 Holzschutz und Holzreiniger sind mit der Kennzeichnung \u201eBra Milj\u00f6val\u201c (Gute Umweltwahl) des schwedischen Naturschutzverbandes zertifiziert.<\/p>\n\n\n\n<p><strong>F\u00fcr Anweisungen, <a href=\"https:\/\/organowood.com\/de\/behandeln-sie-die-oberflaeche-ihrer-terrasse\/\">siehe hier<\/a><\/strong><\/p>\n\n\n\n<figure class=\"wp-block-embed-youtube aligncenter wp-block-embed is-type-video is-provider-youtube wp-embed-aspect-16-9 wp-has-aspect-ratio\"><div class=\"wp-block-embed__wrapper\">\n<iframe loading=\"lazy\" title=\"OrganoWood Holzschutzsystem Anweisung\" width=\"500\" height=\"281\" src=\"https:\/\/www.youtube.com\/embed\/CIkzMwv6Nao?feature=oembed\" frameborder=\"0\" allow=\"accelerometer; autoplay; clipboard-write; encrypted-media; gyroscope; picture-in-picture; web-share\" referrerpolicy=\"strict-origin-when-cross-origin\" allowfullscreen><\/iframe>\n<\/div><\/figure>\n\n\n\n<div style=\"height:20px\" aria-hidden=\"true\" class=\"wp-block-spacer\"><\/div>\n\n\n\n<hr class=\"wp-block-separator\"\/>\n\n\n\n<p><\/p>\n\n\n\n<div style=\"height:20px\" aria-hidden=\"true\" class=\"wp-block-spacer\"><\/div>\n\n\n\n<div class=\"wp-block-group\"><div class=\"wp-block-group__inner-container is-layout-flow wp-block-group-is-layout-flow\">\n<div class=\"wp-block-columns is-layout-flex wp-container-core-columns-is-layout-9d6595d7 wp-block-columns-is-layout-flex\">\n<div class=\"wp-block-column is-layout-flow wp-block-column-is-layout-flow\">\n<p><strong><strong><strong>Anwendungsbereiche<\/strong><\/strong><\/strong><\/p>\n\n\n\n<p>Das Holzschutzsystem wird zur Oberfl\u00e4chenbehandlung von Holz in Au\u00dfenbereichen und G\u00e4rten, z. B. Terrassen, Z\u00e4une, Pflanzenk\u00fcbel, Gartenm\u00f6bel und Stege verwendet. Es ist auch f\u00fcr unbehandelte Fassaden geeignet. Es wird f\u00fcr druckimpr\u00e4gnierte H\u00f6lzer, Thermoholz, Kernholz, Fichte und L\u00e4rche empfohlen.<\/p>\n\n\n\n<p>Silizium wird von aufsaugenden H\u00f6lzern wie Kiefer und Fichte am effektivsten aufgenommen. Bei H\u00f6lzern mit geringer Saugf\u00e4higkeit kann es zu kurzzeitigen Farbver\u00e4nderungen kommen, <a href=\"https:\/\/organowood.com\/wp-content\/uploads\/2022\/11\/Empfohlene-Holzarten_DE.png\">siehe Tabelle<\/a>. Die Produkte k\u00f6nnen auf Holz verwendet werden, das zuvor mit \u00d6l, Lack oder Lasur behandelt wurde, wenn diese Schicht abgeschliffen wird. Holz, das mit OrganoWood<sup>\u00ae<\/sup> behandelt wurde, sollte nicht \u00fcberstrichen werden.<\/p>\n<\/div>\n<\/div>\n\n\n\n<hr class=\"wp-block-separator\"\/>\n\n\n\n<div class=\"wp-block-image\"><figure class=\"aligncenter size-large\"><img decoding=\"async\" src=\"https:\/\/organowood.com\/wp-content\/uploads\/2022\/10\/greying-process_OrganoWood2.jpg\" alt=\"\" class=\"wp-image-6729\"\/><\/figure><\/div>\n\n\n\n<div class=\"wp-block-group is-layout-flow wp-block-group-is-layout-flow\"><div class=\"wp-block-group__inner-container\"><\/div><\/div>\n\n\n\n<div style=\"height:26px\" aria-hidden=\"true\" class=\"wp-block-spacer\"><\/div>\n\n\n\n<p><strong><strong><strong>Sch\u00f6nes Silbergrau<\/strong><\/strong><\/strong><\/p>\n\n\n\n<p>Mit OrganoWood<sup>\u00ae<\/sup>erh\u00e4lt das Holz eine robustere, weichere Oberfl\u00e4che und neigt weniger zu Rissbildung. Das Holz nimmt eine sch\u00f6ne silbergraue Farbe an. An hei\u00dfen Sommertagen f\u00fchlt sich das Holz k\u00fchler an.<\/p>\n\n\n\n<p>F\u00fcr den Vergrauungsprozess sind Sonne (UV-Licht) und Wasser erforderlich. Der Prozess dauert je nach Witterung unterschiedlich lange. Normalerweise setzt der Effekt nach einigen Wochen ein. Die Farbver\u00e4nderung kann am Anfang etwas fleckig wirken.<\/p>\n\n\n\n<p>Nach ca. 1 Jahr nimmt behandeltes Holz, das im Freien der Sonneneinstrahlung ausgesetzt ist, einen gleichm\u00e4\u00dfigen silbergrauen Farbton an. Im Schatten kann dieser Prozess l\u00e4nger dauern. Horizontal montiertes Holz vergraut oft schneller als vertikal montiertes Holz.<\/p>\n\n\n\n<div style=\"height:26px\" aria-hidden=\"true\" class=\"wp-block-spacer\"><\/div>\n\n\n\n<div class=\"wp-block-image\"><figure class=\"aligncenter size-large\"><img decoding=\"async\" src=\"https:\/\/organowood.com\/wp-content\/uploads\/2022\/11\/vorher-nacher_OrganoWood.jpg\" alt=\"\" class=\"wp-image-6988\"\/><\/figure><\/div>\n\n\n\n<div class=\"wp-block-group is-layout-flow wp-block-group-is-layout-flow\"><div class=\"wp-block-group__inner-container\"><\/div><\/div>\n\n\n\n<hr class=\"wp-block-separator\"\/>\n\n\n\n<p><strong><strong><strong>Inspiriert von der Natur<\/strong><\/strong><\/strong><\/p>\n\n\n\n<p>OrganoWood<sup>\u00ae<\/sup> ist eine schwedische Innovation, die die L\u00f6sungen der Natur nachahmt. Unsere preisgekr\u00f6nte Technik sorgt mittels der OrganoClick<sup>\u00ae<\/sup>-Technologie daf\u00fcr, dass Siliziummineralien sich zur Modifizierung der Biofasern an die Fasern binden. Durch die Bindung der Holzfasern wird das Holz vor F\u00e4ulnisangriffen gesch\u00fctzt.<\/p>\n\n\n\n<div style=\"height:26px\" aria-hidden=\"true\" class=\"wp-block-spacer\"><\/div>\n\n\n\n<figure class=\"wp-block-image size-large\"><img decoding=\"async\" src=\"https:\/\/organowood.com\/wp-content\/uploads\/2022\/10\/in-harmony-with-nature_OrganoWood-1.jpg\" alt=\"\" class=\"wp-image-6731\"\/><\/figure>\n<\/div><\/div>\n\n\n\n<hr class=\"wp-block-separator\"\/>\n\n\n\n<div class=\"wp-block-image\"><figure class=\"aligncenter size-large is-resized\"><img loading=\"lazy\" decoding=\"async\" src=\"https:\/\/organowood.com\/wp-content\/uploads\/2022\/10\/symboler_OrganoWood-e1666077574964.png\" alt=\"\" class=\"wp-image-6755\" width=\"400\" height=\"144\"\/><\/figure><\/div>\n\n\n\n<p><strong><strong><strong>Mit Umweltzeichen zertifiziert und umweltklassifiziert<\/strong><\/strong><\/strong><\/p>\n\n\n\n<p>01 Holzschutz und 02 Oberfl\u00e4chenschutz sind auf Wasserbasis und bestehen aus Siliziummineralien und nat\u00fcrlichen Pflanzenstoffen.&nbsp;<\/p>\n\n\n\n<p>01 Holzschutz und Holzreiniger sind mit der Kennzeichnung \u201eBra Milj\u00f6val\u201c (Gute Umweltwahl) des schwedischen Naturschutzverbandes zertifiziert. 01 Holzschutz und 02&nbsp;Oberfl\u00e4chenschutz sind im Produktportal des Nordischen Umweltzeichens Svanen aufgef\u00fchrt und k\u00f6nnen f\u00fcr Geb\u00e4ude verwendet werden, die mit dem Nordischen Umweltzeichen ausgezeichnet sind. Alle Produkte haben bei SundaHus die Umweltklasse B erhalten und werden von Byggvarubed\u00f6mningen und BASTA empfohlen.<\/p>\n\n\n\n<hr class=\"wp-block-separator\"\/>\n\n\n\n<p><strong><strong><strong>F\u00fcr OrganoWood<sup>\u00ae<\/sup>-modifiziertes Holz<\/strong><\/strong><\/strong><\/p>\n\n\n\n<p>OrganoWood<sup>\u00ae<\/sup> Holzschutzsysteme m\u00fcssen ebenfalls f\u00fcr OrganoWood<sup>\u00ae<\/sup>-modifiziertes Holz verwendet werden, beispielsweise f\u00fcr Trennschnitte, nach dem Bohren oder zur Instandhaltung. Erfahren Sie mehr unter <a href=\"https:\/\/organowood.com\">www.organowood.com<\/a><\/p>\n\n\n\n<hr class=\"wp-block-separator\"\/>\n","protected":false},"excerpt":{"rendered":"<p>Holzschutz Holzschutzsystem f\u00fcr Terrassen, Fassaden und G\u00e4rten \u00d6kologisch zertifiziertes silizium-basiertes Produkt (01 Holzschutz) Verleiht Holz einen sch\u00f6nen silbergrauen Farbton Verl\u00e4ngert die Lebensdauer von Holz Angenehme Oberfl\u00e4che und reduziertes Rissbildung Weniger Aufwand f\u00fcr Pflege und Erhalt Mit OrganoWood\u00ae Holzschutz schaffen Sie einen sch\u00f6nenAu\u00dfenbereich im Einklang mit der Natur. Das behandelte Holz erh\u00e4lt eine helle, weiche Oberfl\u00e4che, &hellip; <a href=\"https:\/\/organowood.com\/de\/holzschutz\/\">Continued<\/a><\/p>\n","protected":false},"author":4,"featured_media":0,"parent":0,"menu_order":0,"comment_status":"closed","ping_status":"closed","template":"views\/template-product-archive.blade.php","meta":{"_acf_changed":false,"footnotes":""},"class_list":["post-3112","page","type-page","status-publish","hentry"],"acf":[],"_links":{"self":[{"href":"https:\/\/organowood.com\/de\/wp-json\/wp\/v2\/pages\/3112","targetHints":{"allow":["GET"]}}],"collection":[{"href":"https:\/\/organowood.com\/de\/wp-json\/wp\/v2\/pages"}],"about":[{"href":"https:\/\/organowood.com\/de\/wp-json\/wp\/v2\/types\/page"}],"author":[{"embeddable":true,"href":"https:\/\/organowood.com\/de\/wp-json\/wp\/v2\/users\/4"}],"replies":[{"embeddable":true,"href":"https:\/\/organowood.com\/de\/wp-json\/wp\/v2\/comments?post=3112"}],"version-history":[{"count":5,"href":"https:\/\/organowood.com\/de\/wp-json\/wp\/v2\/pages\/3112\/revisions"}],"predecessor-version":[{"id":7922,"href":"https:\/\/organowood.com\/de\/wp-json\/wp\/v2\/pages\/3112\/revisions\/7922"}],"wp:attachment":[{"href":"https:\/\/organowood.com\/de\/wp-json\/wp\/v2\/media?parent=3112"}],"curies":[{"name":"wp","href":"https:\/\/api.w.org\/{rel}","templated":true}]}}