{"id":3107,"date":"2019-04-11T09:04:44","date_gmt":"2019-04-11T09:04:44","guid":{"rendered":"http:\/\/organowood.com\/?page_id=3107"},"modified":"2022-11-04T09:29:02","modified_gmt":"2022-11-04T09:29:02","slug":"profilholz","status":"publish","type":"page","link":"https:\/\/organowood.com\/de\/profilholz\/","title":{"rendered":"Profilholz"},"content":{"rendered":"<h4>Profilholz f\u00fcr eine umweltzertifizierte Fassade<\/h4>\n<p>Das umweltzertifizierte OrganoWood\u00ae Profilholz Plus ist mit Silizium modifiziert, wodurch eine lange Haltbarkeit und ein edler silbergrauer Farbton erzielt wird. Die patentierte Technologie verleiht den H\u00f6lzern F\u00e4ulnisschutz, sorgt f\u00fcr eine wasserabweisende Oberfl\u00e4che und optimiert den Flammschutz.<\/p>\n<hr>\n<p><strong>Profilholz f\u00fcr beanspruchende Umgebungen<\/strong><br \/>\nOrganoWood\u00ae-modifiziertes Profilholz ist entwickelt worden, um in Au\u00dfenbereichen, die starken Beanspruchungen ausgesetzt sind, gut bestehen zu k\u00f6nnen. Der F\u00e4ulnisschutz ist durch das schwedische staatliche Forschungsinstitut RISE (SP) dem Europatest EN 113 unterzogen worden.<\/p>\n<p>Jedes Projekt ist einzigartig. Daher produzieren wir auch \u00fcber unsere am Lager verf\u00fcgbaren Profile hinaus auf Bestellung OrganoWood\u00ae-modifiziertes Profilholz in den gew\u00fcnschten Abmessungen und aus den gew\u00fcnschten Materialien. F\u00fcr ein optimales Resultat impr\u00e4gnieren wir OrganoWood\u00ae-modifiziertes Profilholz unter Druck mit Silizium. Wir arbeiten eng mit unseren Holzlieferanten zusammen, die ein breites Angebot an verschiedenen Abmessungen und Profilen haben.<\/p>\n<p>Das Profilholz ist in seiner Standardform naturfarben und erh\u00e4lt im Verlaufe der Zeit einen edlen silbergrauen Farbton. Das Holz wird von hochwertiger schwedischer Fichte aus den besten W\u00e4ldern sorgf\u00e4ltig ausgew\u00e4hlt.<\/p>\n<hr>\n<h4>Umwelt und Entsorgung<\/h4>\n<p>OrganoWood\u00ae Profilholz ist eine umweltzertifizierte Alternative zu herk\u00f6mmlichem druckimpr\u00e4gniertem Holz. Das Profilholz enth\u00e4lt ausschlie\u00dflich Stoffe, die wieder in den nat\u00fcrlichen Kreislauf eingeleitet werden k\u00f6nnen. Daher muss das Holz nicht als umweltsch\u00e4dlicher Abfall entsorgt werden, sondern kann in \u00dcbereinstimmung mit den lokalen Vorschriften als unbehandeltes Holz recycelt werden.&nbsp;Alle im Profilholz enthaltenen Stoffe sind gem\u00e4\u00df der CLP-Verordnung (EG Nr. 1272\/2008) als f\u00fcr die Umwelt ungef\u00e4hrlich eingestuft.<\/p>\n<p>&nbsp;<\/p>\n<hr>\n<p><img loading=\"lazy\" decoding=\"async\" class=\"alignnone size-full wp-image-3632\" src=\"https:\/\/organowood.com\/wp-content\/uploads\/2019\/11\/Panelsortiment-2019-1.jpg\" alt=\"\" width=\"9922\" height=\"8656\"><\/p>\n","protected":false},"excerpt":{"rendered":"<p>Profilholz f\u00fcr eine umweltzertifizierte Fassade Das umweltzertifizierte OrganoWood\u00ae Profilholz Plus ist mit Silizium modifiziert, wodurch eine lange Haltbarkeit und ein edler silbergrauer Farbton erzielt wird. Die patentierte Technologie verleiht den H\u00f6lzern F\u00e4ulnisschutz, sorgt f\u00fcr eine wasserabweisende Oberfl\u00e4che und optimiert den Flammschutz. Profilholz f\u00fcr beanspruchende Umgebungen OrganoWood\u00ae-modifiziertes Profilholz ist entwickelt worden, um in Au\u00dfenbereichen, die starken &hellip; <a href=\"https:\/\/organowood.com\/de\/profilholz\/\">Continued<\/a><\/p>\n","protected":false},"author":4,"featured_media":157,"parent":0,"menu_order":3,"comment_status":"closed","ping_status":"closed","template":"views\/template-product.blade.php","meta":{"_acf_changed":false,"footnotes":""},"class_list":["post-3107","page","type-page","status-publish","has-post-thumbnail","hentry"],"acf":[],"_links":{"self":[{"href":"https:\/\/organowood.com\/de\/wp-json\/wp\/v2\/pages\/3107","targetHints":{"allow":["GET"]}}],"collection":[{"href":"https:\/\/organowood.com\/de\/wp-json\/wp\/v2\/pages"}],"about":[{"href":"https:\/\/organowood.com\/de\/wp-json\/wp\/v2\/types\/page"}],"author":[{"embeddable":true,"href":"https:\/\/organowood.com\/de\/wp-json\/wp\/v2\/users\/4"}],"replies":[{"embeddable":true,"href":"https:\/\/organowood.com\/de\/wp-json\/wp\/v2\/comments?post=3107"}],"version-history":[{"count":5,"href":"https:\/\/organowood.com\/de\/wp-json\/wp\/v2\/pages\/3107\/revisions"}],"predecessor-version":[{"id":7007,"href":"https:\/\/organowood.com\/de\/wp-json\/wp\/v2\/pages\/3107\/revisions\/7007"}],"wp:featuredmedia":[{"embeddable":true,"href":"https:\/\/organowood.com\/de\/wp-json\/wp\/v2\/media\/157"}],"wp:attachment":[{"href":"https:\/\/organowood.com\/de\/wp-json\/wp\/v2\/media?parent=3107"}],"curies":[{"name":"wp","href":"https:\/\/api.w.org\/{rel}","templated":true}]}}