{"id":7831,"date":"2024-01-05T09:34:31","date_gmt":"2024-01-05T09:34:31","guid":{"rendered":"https:\/\/organowood.com\/?page_id=7831"},"modified":"2025-03-05T13:24:28","modified_gmt":"2025-03-05T13:24:28","slug":"nowa-paneltrae","status":"publish","type":"page","link":"https:\/\/organowood.com\/da\/nowa-paneltrae\/","title":{"rendered":"Nowa paneltr\u00e6"},"content":{"rendered":"\n<h3 class=\"wp-block-heading\">Tr\u00e6 med biocidfri kemi, et b\u00e6redygtigt og naturligt valg!<\/h3>\n\n\n\n<h5 class=\"wp-block-heading\"><strong>OrganoWood<sup>\u00ae<\/sup> Nowa er et naturfarvet tr\u00e6, med en glat og plan overflade, som patineres naturligt i udend\u00f8rs milj\u00f8er.<\/strong><\/h5>\n\n\n\n<p>Tr\u00e6v\u00e6rket trykimpr\u00e6gneres med OrganoWoods nye patenterede kemi og f\u00e5r en h\u00f8j modstandskraft over for r\u00e5dangreb. I en energieffektiv fremstillingsproces med biocidfri kemi, der er sk\u00e5nsom mod tr\u00e6et, skabes e t milj\u00f8, hvor r\u00e5dsvampe ikke trives.<\/p>\n\n\n\n<p>Den vandbaserede mineralblanding trykkes ind i tr\u00e6et. N\u00e5r vandet fordamper, binder molekylerne sig til fibrene i tr\u00e6et med st\u00e6rke bindinger. Derigennem bevares egenskaberne under langvarig brug i fugtige milj\u00f8er.<\/p>\n\n\n\n<p>OrganoWood<sup>\u00ae<\/sup> Nowa \u00e4r anpassat f\u00f6r anv\u00e4ndning utomhus och passar till alla sorters fasadbekl\u00e4dnander.<\/p>\n\n\n\n<hr class=\"wp-block-separator has-css-opacity\"\/>\n\n\n\n<div class=\"wp-block-columns is-layout-flex wp-container-core-columns-is-layout-9d6595d7 wp-block-columns-is-layout-flex\">\n<div class=\"wp-block-column is-layout-flow wp-block-column-is-layout-flow\" style=\"flex-basis:66.66%\">\n<h2 class=\"wp-block-heading\">OrganoWood Nowa paneltr\u00e6<\/h2>\n\n\n\n<p>Den patenterede kemi skaber sammen med en gr\u00f8n fremstilling et b\u00e6redygtigt alternativ til<br>traditionelt tr\u00e6v\u00e6rk, hvor tanken p\u00e5 milj\u00f8et er vigtig! OrganoWood<sup>\u00ae<\/sup> Nowa er ikke kun et godt<br>alternativ for milj\u00f8et, det falder ogs\u00e5 fint ind i naturen og omgivelserne. Perfekt til dig, der \u00f8nsker at skabe et harmonisk sted uden at p\u00e5virke milj\u00f8et negativt. Til terrasser og byggeri, der kan \u00e6ldes med v\u00e6rdighed!<\/p>\n\n\n\n<h5 class=\"wp-block-heading\"><strong>Patineringsprocessen<\/strong><\/h5>\n\n\n\n<p>Udend\u00f8rs tr\u00e6v\u00e6rk bliver patineret naturligt, men patineringsprocesserne kan v\u00e6re forskellige alt efter \u00e5rstiderne og vejrforholdene og uds\u00e6ttelse for sol og fugt. I visse tilf\u00e6lde kan patineringen i starten opleves som plettet eller som m\u00f8rke prikker\/omr\u00e5der. Dette udj\u00e6vnes relativt hurtigt. Et panel, som er placeret helt beskyttet mod solen, f.eks. under en altan, f\u00e5r en langsom patineringsproces eller slet ingen patinering.<\/p>\n<\/div>\n\n\n\n<div class=\"wp-block-column is-layout-flow wp-block-column-is-layout-flow\" style=\"flex-basis:33.33%\">\n<figure class=\"wp-block-image size-large is-resized\"><img loading=\"lazy\" decoding=\"async\" width=\"4000\" height=\"4000\" src=\"https:\/\/organowood.com\/wp-content\/uploads\/2023\/04\/1006-Organowood-4000x4000-PNG.png\" alt=\"\" class=\"wp-image-7379\" style=\"width:400px;height:400px\" srcset=\"https:\/\/organowood.com\/wp-content\/uploads\/2023\/04\/1006-Organowood-4000x4000-PNG.png 4000w, https:\/\/organowood.com\/wp-content\/uploads\/2023\/04\/1006-Organowood-4000x4000-PNG-1536x1536.png 1536w, https:\/\/organowood.com\/wp-content\/uploads\/2023\/04\/1006-Organowood-4000x4000-PNG-2048x2048.png 2048w\" sizes=\"auto, (max-width: 4000px) 100vw, 4000px\" \/><\/figure>\n\n\n\n<p><\/p>\n<\/div>\n<\/div>\n\n\n\n<hr class=\"wp-block-separator has-css-opacity\"\/>\n\n\n\n<h3 class=\"wp-block-heading\"><strong><strong>Patenterad kemi<\/strong><\/strong><\/h3>\n\n\n\n<p>Grantr\u00e6et til OrganoWood<sup>\u00ae<\/sup> Nowa paneltr\u00e6 er lavet af fyrretr\u00e6 af h\u00f8j kvalitet fra de bedste skovdistrikter. OrganoWood<sup>\u00ae<\/sup> Nowa er resultatet af virksomhedens innovationsarbejde, der har v\u00e6ret i gang siden 2015 og er blevet testet siden 2017.<\/p>\n\n\n\n<p>OrganoWood<sup>\u00ae <\/sup>Nowa tr\u00e6v\u00e6rk er udviklet til at klare h\u00e5rdt udsatte milj\u00f8er, helt uden skadelige stoffer. Alle stoffer er klassificeret som uskadelige for milj\u00f8et i henhold til CLP og kan f\u00f8res tilbage til det naturlige kredsl\u00f8b. Derfor kan man genindvinde tr\u00e6 fra OrganoWood som ubehandlet tr\u00e6, i mods\u00e6tning til traditionelle trykimpr\u00e6gnerede produkter, der kan v\u00e6re milj\u00f8farligt affald.<\/p>\n\n\n\n<p>Svenske OrganoWood er i dag en af de f\u00e5 producenter af milj\u00f8klassificeret trykimpr\u00e6gnering til facade-,terrasse- og konstruktionstr\u00e6.<\/p>\n\n\n\n<p>For at OrganoWood<sup>\u00ae<\/sup> Nowa kan ses som et virkeligt b\u00e6redygtigt alternativ, skal r\u00e5varen naturligvis ogs\u00e5 komme fra ansvarligt skovbrug. Alt tr\u00e6 fra OrganoWood er FSC\u00ae (FSC-C120532) eller PEFC (PEFC\/05-35-168) certificeret.<\/p>\n\n\n\n<hr class=\"wp-block-separator has-css-opacity\"\/>\n\n\n\n<div class=\"wp-block-columns is-layout-flex wp-container-core-columns-is-layout-9d6595d7 wp-block-columns-is-layout-flex\">\n<div class=\"wp-block-column is-layout-flow wp-block-column-is-layout-flow\" style=\"flex-basis:66.66%\">\n<h2 class=\"wp-block-heading\">Nowa paneltr\u00e6 kan males<\/h2>\n\n\n\n<p>OrganoWood\u00ae Nowa-paneltr\u00e6 kan males &#8211; test altid p\u00e5 et pr\u00f8vestykke f\u00f8rst. Brug maling beregnet til udend\u00f8rs brug og f\u00f8lg malingproducentens anbefalinger. S\u00f8rg for at tr\u00e6et er t\u00f8rt og ventileret inden maling. Vi anbefaler, at du venter med at male mindst 12 uger efter montering.<\/p>\n\n\n\n<h5 class=\"wp-block-heading\">Hvis paneltr\u00e6et er blevet behandlet med OrganoWood<sup>\u00ae<\/sup> tr\u00e6beskyttelsessystem, kan det ikke males med maling!<\/h5>\n<\/div>\n\n\n\n<div class=\"wp-block-column is-layout-flow wp-block-column-is-layout-flow\" style=\"flex-basis:33.33%\">\n<figure class=\"wp-block-image size-large is-resized\"><img loading=\"lazy\" decoding=\"async\" width=\"4000\" height=\"4000\" src=\"https:\/\/organowood.com\/wp-content\/uploads\/2023\/04\/Organowood-4000x4000_PNG_.png\" alt=\"\" class=\"wp-image-7380\" style=\"width:400px;height:400px\" srcset=\"https:\/\/organowood.com\/wp-content\/uploads\/2023\/04\/Organowood-4000x4000_PNG_.png 4000w, https:\/\/organowood.com\/wp-content\/uploads\/2023\/04\/Organowood-4000x4000_PNG_-1536x1536.png 1536w, https:\/\/organowood.com\/wp-content\/uploads\/2023\/04\/Organowood-4000x4000_PNG_-2048x2048.png 2048w\" sizes=\"auto, (max-width: 4000px) 100vw, 4000px\" \/><\/figure>\n<\/div>\n<\/div>\n\n\n\n<hr class=\"wp-block-separator has-css-opacity\"\/>\n\n\n\n<div style=\"height:21px\" aria-hidden=\"true\" class=\"wp-block-spacer\"><\/div>\n\n\n\n<figure class=\"wp-block-image size-large\"><img decoding=\"async\" src=\"https:\/\/organowood.com\/wp-content\/uploads\/2023\/10\/villa-koppar_ulkona_ISO.jpg\" alt=\"\" class=\"wp-image-7668\"\/><figcaption class=\"wp-element-caption\"><em>Nowa panel. Villa Koppar, Finland &#8211; Designer: Collaboratorio<\/em><\/figcaption><\/figure>\n","protected":false},"excerpt":{"rendered":"<p>Tr\u00e6 med biocidfri kemi, et b\u00e6redygtigt og naturligt valg! OrganoWood\u00ae Nowa er et naturfarvet tr\u00e6, med en glat og plan overflade, som patineres naturligt i udend\u00f8rs milj\u00f8er. Tr\u00e6v\u00e6rket trykimpr\u00e6gneres med OrganoWoods nye patenterede kemi og f\u00e5r en h\u00f8j modstandskraft over for r\u00e5dangreb. I en energieffektiv fremstillingsproces med biocidfri kemi, der er sk\u00e5nsom mod tr\u00e6et, skabes &hellip; <a href=\"https:\/\/organowood.com\/da\/nowa-paneltrae\/\">Continued<\/a><\/p>\n","protected":false},"author":3,"featured_media":0,"parent":0,"menu_order":0,"comment_status":"closed","ping_status":"closed","template":"","meta":{"_acf_changed":false,"footnotes":""},"class_list":["post-7831","page","type-page","status-publish","hentry"],"acf":[],"_links":{"self":[{"href":"https:\/\/organowood.com\/da\/wp-json\/wp\/v2\/pages\/7831","targetHints":{"allow":["GET"]}}],"collection":[{"href":"https:\/\/organowood.com\/da\/wp-json\/wp\/v2\/pages"}],"about":[{"href":"https:\/\/organowood.com\/da\/wp-json\/wp\/v2\/types\/page"}],"author":[{"embeddable":true,"href":"https:\/\/organowood.com\/da\/wp-json\/wp\/v2\/users\/3"}],"replies":[{"embeddable":true,"href":"https:\/\/organowood.com\/da\/wp-json\/wp\/v2\/comments?post=7831"}],"version-history":[{"count":7,"href":"https:\/\/organowood.com\/da\/wp-json\/wp\/v2\/pages\/7831\/revisions"}],"predecessor-version":[{"id":19637,"href":"https:\/\/organowood.com\/da\/wp-json\/wp\/v2\/pages\/7831\/revisions\/19637"}],"wp:attachment":[{"href":"https:\/\/organowood.com\/da\/wp-json\/wp\/v2\/media?parent=7831"}],"curies":[{"name":"wp","href":"https:\/\/api.w.org\/{rel}","templated":true}]}}