{"id":7283,"date":"2023-03-30T07:01:35","date_gmt":"2023-03-30T07:01:35","guid":{"rendered":"https:\/\/organowood.com\/?page_id=7283"},"modified":"2025-03-05T13:46:49","modified_gmt":"2025-03-05T13:46:49","slug":"nowa-terrassetrae","status":"publish","type":"page","link":"https:\/\/organowood.com\/da\/nowa-terrassetrae\/","title":{"rendered":"Nowa terrassetr\u00e6 &#038; konstruktionstr\u00e6"},"content":{"rendered":"\n<p style=\"font-size:21px\">Tr\u00e6 med biocidfri kemi, et b\u00e6redygtigt og naturligt valg!<\/p>\n\n\n\n<p><strong>OrganoWood<sup>\u00ae<\/sup> Nowa-terrassetr\u00e6 er et naturfarvet tr\u00e6, med en glat og plan overflade, som patineres naturligt i udend\u00f8rs milj\u00f8er.<\/strong><\/p>\n\n\n\n<p>Tr\u00e6v\u00e6rket trykimpr\u00e6gneres med OrganoWoods nye patenterede kemi og f\u00e5r en h\u00f8j modstandskraft over for r\u00e5dangreb. I en energieffektiv fremstillingsproces med biocidfri kemi, der er sk\u00e5nsom mod tr\u00e6et, skabes et milj\u00f8, hvor r\u00e5dsvampe ikke trives.<\/p>\n\n\n\n<p>Den vandbaserede mineralblanding trykkes ind i tr\u00e6et. N\u00e5r vandet fordamper, binder molekylerne sig til fibrene i tr\u00e6et med st\u00e6rke bindinger. Derigennem bevares egenskaberne under langvarig brug i fugtige milj\u00f8er.<\/p>\n\n\n\n<figure class=\"wp-block-image size-full\"><img decoding=\"async\" src=\"https:\/\/organowood.com\/wp-content\/uploads\/2025\/01\/OrganoWood_Nowa_Svanen_inre_hamnen_DA-scaled.jpg\" alt=\"\" class=\"wp-image-19019\"\/><figcaption class=\"wp-element-caption\"><em>Inre Hamnen, Norrk\u00f6ping 2023<\/em>. Fotograf: Sofia Andersson, FotograFia<\/figcaption><\/figure>\n\n\n\n<p><strong>Fyrretr\u00e6et<\/strong><\/p>\n\n\n\n<p>Fyrretr\u00e6et til OrganoWood<sup>\u00ae<\/sup> Nowa-terrassetr\u00e6 er lavet af h\u00f8jkvalitets fyrretr\u00e6 fra de bedste fyrretr\u00e6sskove. OrganoWood\u00ae Nowa er resultatet af virksomhedens innovationsarbejde, der har v\u00e6ret i gang siden 2015 og er blevet testet siden 2017.<\/p>\n\n\n\n<hr class=\"wp-block-separator has-css-opacity\"\/>\n\n\n\n<p><strong><strong>Patenterede kemi<\/strong><\/strong><\/p>\n\n\n\n<p>Den patenterede kemi skaber sammen med en gr\u00f8n fremstilling et b\u00e6redygtigt alternativ til traditionelt terrassetr\u00e6, hvor tanken p\u00e5 milj\u00f8et er vigtig! OrganoWood<sup>\u00ae<\/sup> Nowa er ikke kun et godt alternativ for milj\u00f8et, det falder ogs\u00e5 fint ind i naturen og omgivelserne. Perfekt til dig, der \u00f8nsker at skabe en harmonisk og indbydende terrasse uden at p\u00e5virke milj\u00f8et negativt. Et sted, der kan \u00e6ldes med v\u00e6rdighed!<\/p>\n\n\n\n<hr class=\"wp-block-separator has-css-opacity\"\/>\n\n\n\n<div class=\"wp-block-columns is-layout-flex wp-container-core-columns-is-layout-9d6595d7 wp-block-columns-is-layout-flex\">\n<div class=\"wp-block-column is-layout-flow wp-block-column-is-layout-flow\">\n<figure class=\"wp-block-image size-large\"><img decoding=\"async\" src=\"https:\/\/organowood.com\/wp-content\/uploads\/2023\/02\/1008-Organowood-4000x4000-iTRADEPHOTO-scaled.jpg\" alt=\"\" class=\"wp-image-7139\"\/><\/figure>\n<\/div>\n\n\n\n<div class=\"wp-block-column is-layout-flow wp-block-column-is-layout-flow\">\n<p><strong><strong><strong>For milj\u00f8et<\/strong><\/strong><\/strong><\/p>\n\n\n\n<p>OrganoWood<sup>\u00ae<\/sup> Nowa er udviklet til at klare h\u00e5rdt udsatte milj\u00f8er, helt uden skadelige stoffer. Alle stoffer er klassificeret som uskadelige for milj\u00f8et i henhold til CLP og kan f\u00f8res tilbage til det naturlige kredsl\u00f8b. Derfor kan man genindvinde tr\u00e6 fra OrganoWood\u00ae som ubehandlet tr\u00e6, i mods\u00e6tning til traditionelle trykimpr\u00e6gnerede produkter, der kan v\u00e6re milj\u00f8farligt affald.<\/p>\n\n\n\n<p>Svenske OrganoWood<sup>\u00ae<\/sup> er i dag en af de f\u00e5 producenter af milj\u00f8klassificeret trykimpr\u00e6gnering til facade-, terrasse- og konstruktionstr\u00e6.<\/p>\n\n\n\n<p>For at OrganoWood<sup>\u00ae<\/sup> Nowa kan ses som et virkeligt b\u00e6redygtigt alternativ, skal r\u00e5varen naturligvis ogs\u00e5 komme fra ansvarligt skovbrug. Alt tr\u00e6 fra OrganoWood<sup>\u00ae<\/sup> er FSC\u00ae (FSC-C120532) eller PEFC (PEFC\/05-35-168) certificeret.<\/p>\n\n\n\n<p><strong>Anvendelsesomr\u00e5der<\/strong><\/p>\n\n\n\n<p>OrganoWood<sup>\u00ae<\/sup> Nowa er tilpasset udend\u00f8rs anvendelse over jorden, som f.eks. altaner, badebroer, stakitter, broer, terrasser, sp\u00e6r, havem\u00f8bler, st\u00f8jv\u00e6rn, pergolaer, legepladser mv.<\/p>\n<\/div>\n<\/div>\n\n\n\n<hr class=\"wp-block-separator has-css-opacity\"\/>\n\n\n\n<figure class=\"wp-block-image size-large\"><img decoding=\"async\" src=\"https:\/\/organowood.com\/wp-content\/uploads\/2023\/09\/Inre-Hamnen3.png\" alt=\"\" class=\"wp-image-7590\"\/><figcaption class=\"wp-element-caption\"><em>Inre Hamnen, Norrk\u00f6ping 2023<\/em>. Fotograf: Sofia Andersson, FotograFia<\/figcaption><\/figure>\n\n\n\n<hr class=\"wp-block-separator has-css-opacity\"\/>\n\n\n\n<div class=\"wp-block-columns is-layout-flex wp-container-core-columns-is-layout-9d6595d7 wp-block-columns-is-layout-flex\">\n<div class=\"wp-block-column is-layout-flow wp-block-column-is-layout-flow\">\n<h4 class=\"wp-block-heading has-text-align-center\"><strong><strong><strong>Dimensioner Nowa terrassetr\u00e6<\/strong><\/strong><\/strong><\/h4>\n\n\n\n<figure class=\"wp-block-table\"><table><tbody><tr><td class=\"has-text-align-center\" data-align=\"center\">TRALL<br>Dimension (mm)<\/td><\/tr><tr><td class=\"has-text-align-center\" data-align=\"center\">22 x 95<\/td><\/tr><tr><td class=\"has-text-align-center\" data-align=\"center\">28 x 120<\/td><\/tr><tr><td class=\"has-text-align-center\" data-align=\"center\">28 x 145<\/td><\/tr><tr><td class=\"has-text-align-center\" data-align=\"center\">34 x 145<\/td><\/tr><tr><td class=\"has-text-align-center\" data-align=\"center\">45 x 145<\/td><\/tr><tr><td class=\"has-text-align-center\" data-align=\"center\">45 x 170<\/td><\/tr><\/tbody><\/table><\/figure>\n\n\n\n<h4 class=\"wp-block-heading has-text-align-center\"><strong><strong><strong>Dimensioner Nowa konstruktionstr\u00e6<\/strong><\/strong><\/strong><\/h4>\n\n\n\n<figure class=\"wp-block-table\"><table><tbody><tr><td class=\"has-text-align-center\" data-align=\"center\">BJ\u00c6LKER<br>Dimension (mm)<\/td><\/tr><tr><td class=\"has-text-align-center\" data-align=\"center\">45 x 45<\/td><\/tr><tr><td class=\"has-text-align-center\" data-align=\"center\">45 x 70<\/td><\/tr><tr><td class=\"has-text-align-center\" data-align=\"center\">45 x 95<\/td><\/tr><tr><td class=\"has-text-align-center\" data-align=\"center\">45 x 120, C24<\/td><\/tr><tr><td class=\"has-text-align-center\" data-align=\"center\">45 x 145, C24<\/td><\/tr><tr><td class=\"has-text-align-center\" data-align=\"center\">45 x 170, C24<\/td><\/tr><tr><td class=\"has-text-align-center\" data-align=\"center\">45 x 195, C24<\/td><\/tr><tr><td class=\"has-text-align-center\" data-align=\"center\">45 x 220, C24<\/td><\/tr><\/tbody><\/table><\/figure>\n\n\n\n<p><\/p>\n<\/div>\n\n\n\n<div class=\"wp-block-column is-layout-flow wp-block-column-is-layout-flow\">\n<figure class=\"wp-block-image size-large\"><img decoding=\"async\" src=\"https:\/\/organowood.com\/wp-content\/uploads\/2023\/09\/Organowood_trallvirke.png\" alt=\"\" class=\"wp-image-7605\"\/><\/figure>\n\n\n\n<p><\/p>\n<\/div>\n<\/div>\n\n\n\n<div class=\"wp-block-columns is-layout-flex wp-container-core-columns-is-layout-9d6595d7 wp-block-columns-is-layout-flex\">\n<div class=\"wp-block-column is-layout-flow wp-block-column-is-layout-flow\">\n<figure class=\"wp-block-table\"><table><tbody><tr><td class=\"has-text-align-center\" data-align=\"center\">LAMELLER<br>Dimension (mm)<\/td><\/tr><tr><td class=\"has-text-align-center\" data-align=\"center\">28 x 45<\/td><\/tr><\/tbody><\/table><\/figure>\n<\/div>\n\n\n\n<div class=\"wp-block-column is-layout-flow wp-block-column-is-layout-flow\">\n<figure class=\"wp-block-table\"><table><tbody><tr><td class=\"has-text-align-center\" data-align=\"center\">STOLPER<br>Dimension (mm)<\/td><\/tr><tr><td class=\"has-text-align-center\" data-align=\"center\">70 x 70<\/td><\/tr><tr><td class=\"has-text-align-center\" data-align=\"center\">95 x 95<\/td><\/tr><\/tbody><\/table><\/figure>\n<\/div>\n<\/div>\n","protected":false},"excerpt":{"rendered":"<p>Tr\u00e6 med biocidfri kemi, et b\u00e6redygtigt og naturligt valg! OrganoWood\u00ae Nowa-terrassetr\u00e6 er et naturfarvet tr\u00e6, med en glat og plan overflade, som patineres naturligt i udend\u00f8rs milj\u00f8er. Tr\u00e6v\u00e6rket trykimpr\u00e6gneres med OrganoWoods nye patenterede kemi og f\u00e5r en h\u00f8j modstandskraft over for r\u00e5dangreb. I en energieffektiv fremstillingsproces med biocidfri kemi, der er sk\u00e5nsom mod tr\u00e6et, skabes &hellip; <a href=\"https:\/\/organowood.com\/da\/nowa-terrassetrae\/\">Continued<\/a><\/p>\n","protected":false},"author":3,"featured_media":0,"parent":0,"menu_order":0,"comment_status":"closed","ping_status":"closed","template":"","meta":{"_acf_changed":false,"footnotes":""},"class_list":["post-7283","page","type-page","status-publish","hentry"],"acf":[],"_links":{"self":[{"href":"https:\/\/organowood.com\/da\/wp-json\/wp\/v2\/pages\/7283","targetHints":{"allow":["GET"]}}],"collection":[{"href":"https:\/\/organowood.com\/da\/wp-json\/wp\/v2\/pages"}],"about":[{"href":"https:\/\/organowood.com\/da\/wp-json\/wp\/v2\/types\/page"}],"author":[{"embeddable":true,"href":"https:\/\/organowood.com\/da\/wp-json\/wp\/v2\/users\/3"}],"replies":[{"embeddable":true,"href":"https:\/\/organowood.com\/da\/wp-json\/wp\/v2\/comments?post=7283"}],"version-history":[{"count":9,"href":"https:\/\/organowood.com\/da\/wp-json\/wp\/v2\/pages\/7283\/revisions"}],"predecessor-version":[{"id":19667,"href":"https:\/\/organowood.com\/da\/wp-json\/wp\/v2\/pages\/7283\/revisions\/19667"}],"wp:attachment":[{"href":"https:\/\/organowood.com\/da\/wp-json\/wp\/v2\/media?parent=7283"}],"curies":[{"name":"wp","href":"https:\/\/api.w.org\/{rel}","templated":true}]}}