{"id":2915,"date":"2019-02-14T12:47:11","date_gmt":"2019-02-14T12:47:11","guid":{"rendered":"http:\/\/organowood.com\/?page_id=2915"},"modified":"2025-10-08T12:43:52","modified_gmt":"2025-10-08T12:43:52","slug":"om-os","status":"publish","type":"page","link":"https:\/\/organowood.com\/da\/om-os\/","title":{"rendered":"Om os"},"content":{"rendered":"<p>OrganoWood AB er en privatejet virksomhed, som blev grundlagt i 2010 af OrganoClick AB og Kvigos AB. Virksomheden s\u00e6lger og markedsf\u00f8rer modificeret tr\u00e6v\u00e6rk og kompletterende overfladebehandlingsprodukter.<\/p>\n<p>Virksomheden baserer sin drift p\u00e5 sin kerne\u00adteknologi, hvor en biobaseret mineralblanding presses ind i tr\u00e6et. N\u00e5r vandet fordamper, binder molekylerne sig st\u00e6rkt til tr\u00e6fibrene. Baseret p\u00e5 denne teknologi er der udviklet produkter, som giver behandlet tr\u00e6 effektiv beskyttelse mod r\u00e5d og forl\u00e6nget holdbarhed. Virksomheden videreudvikler l\u00f8bende sin teknologi i samarbejde med sine forskellige partnere.<\/p>\n<p>Virksomhedens hovedejer OrganoClick AB udvikler ogs\u00e5 kontinuerligt nye tr\u00e6beskyttelsesprodukter i samarbejde med forskere ved Sveriges lantbruksuniversitet i Uppsala, Stockholms universitet og Mittuniversitetet i Sundsvall.<\/p>\n<p><strong>GDPR:<\/strong>\u00a0Vi tager din integritet alvorligt!\u00a0<a href=\"http:\/\/www.organoclick.com\/site\/assets\/files\/1456\/organoclick-koncernens_policy_f_r_datahantering.pdf\">Her kan du l\u00e6se vores politik.<\/a><\/p>\n","protected":false},"excerpt":{"rendered":"<p>OrganoWood AB er en privatejet virksomhed, som blev grundlagt i 2010 af OrganoClick AB og Kvigos AB. Virksomheden s\u00e6lger og markedsf\u00f8rer modificeret tr\u00e6v\u00e6rk og kompletterende overfladebehandlingsprodukter. Virksomheden baserer sin drift p\u00e5 sin kerne\u00adteknologi, hvor en biobaseret mineralblanding presses ind i tr\u00e6et. N\u00e5r vandet fordamper, binder molekylerne sig st\u00e6rkt til tr\u00e6fibrene. Baseret p\u00e5 denne teknologi er &hellip; <a href=\"https:\/\/organowood.com\/da\/om-os\/\">Continued<\/a><\/p>\n","protected":false},"author":4,"featured_media":0,"parent":0,"menu_order":0,"comment_status":"closed","ping_status":"closed","template":"","meta":{"_acf_changed":false,"footnotes":""},"class_list":["post-2915","page","type-page","status-publish","hentry"],"acf":[],"_links":{"self":[{"href":"https:\/\/organowood.com\/da\/wp-json\/wp\/v2\/pages\/2915","targetHints":{"allow":["GET"]}}],"collection":[{"href":"https:\/\/organowood.com\/da\/wp-json\/wp\/v2\/pages"}],"about":[{"href":"https:\/\/organowood.com\/da\/wp-json\/wp\/v2\/types\/page"}],"author":[{"embeddable":true,"href":"https:\/\/organowood.com\/da\/wp-json\/wp\/v2\/users\/4"}],"replies":[{"embeddable":true,"href":"https:\/\/organowood.com\/da\/wp-json\/wp\/v2\/comments?post=2915"}],"version-history":[{"count":5,"href":"https:\/\/organowood.com\/da\/wp-json\/wp\/v2\/pages\/2915\/revisions"}],"predecessor-version":[{"id":19918,"href":"https:\/\/organowood.com\/da\/wp-json\/wp\/v2\/pages\/2915\/revisions\/19918"}],"wp:attachment":[{"href":"https:\/\/organowood.com\/da\/wp-json\/wp\/v2\/media?parent=2915"}],"curies":[{"name":"wp","href":"https:\/\/api.w.org\/{rel}","templated":true}]}}