{"id":2913,"date":"2019-02-14T12:45:34","date_gmt":"2019-02-14T12:45:34","guid":{"rendered":"http:\/\/organowood.com\/?page_id=2913"},"modified":"2019-02-14T12:45:34","modified_gmt":"2019-02-14T12:45:34","slug":"partnere","status":"publish","type":"page","link":"https:\/\/organowood.com\/da\/om-os\/partnere\/","title":{"rendered":"Partnere"},"content":{"rendered":"<p>OrganoWood samarbejder med en r\u00e6kke velrenommerede partnere, som st\u00e5r for h\u00f8j kvalitet, v\u00e6rner om milj\u00f8et og har en passion for tr\u00e6. Vi arbejder t\u00e6t b\u00e5de med en r\u00e6kke underleverand\u00f8rer og kunder.<\/p>\n<h2>Welin &amp; Co<\/h2>\n<p>Welin &amp; Co er en leverand\u00f8r og distribut\u00f8r\u00a0af tr\u00e6behandlingsprodukter af h\u00f8j kvalitet.\u00a0I 2015 indledtes et samarbejde mellem OrganoWood og Welin &amp; Co om distribution og salg af OrganoWoods tr\u00e6beskyttelsesprodukter p\u00e5 det svenske marked.<\/p>\n<p>For flere informationer kan du bes\u00f8ge deres\u00a0<a href=\"http:\/\/www.welinoco.com\/\">website<\/a>.<\/p>\n<h2>Bergs Timber Bitus<\/h2>\n<p>Bergs Timber Bitus er Sveriges st\u00f8rste tr\u00e6behandlingsanl\u00e6g. De trykimpr\u00e6gnerer ca. 150.000 &#8211; 200.000 m3 tr\u00e6v\u00e6rk pr. \u00e5r og har et moderne male- og overfladebehandlingsanl\u00e6g. Foruden traditionelle trykimpr\u00e6gnerede produkter tilbyder Bergs Timber Bitus et bredt udvalg af specialprodukter fremstillet p\u00e5 en r\u00e6kke mindre produktionslinjer. I begyndelsen af 2012 etablerede OrganoWood i samarbejde med Bergs Timber Bitus en produktionslinje til fremstilling af OrganoWood\u00ae modificeret tr\u00e6v\u00e6rk. Bergs Timber Bitus har siden efter\u00e5ret 2012 fremstillet tr\u00e6v\u00e6rket p\u00e5 opdrag af OrganoWood.<\/p>\n<p>For flere informationer kan du bes\u00f8ge deres\u00a0<a href=\"http:\/\/www.bergstimber.se\/\">website<\/a>.<\/p>\n<h2>Setra<\/h2>\n<p>Setra er en af Sveriges st\u00f8rste tr\u00e6industrivirksomheder med ca. 800 ansatte. De for\u00e6dler r\u00e5varer fra ansvarligt udnyttede skove og tilbyder klimavenlige produkter og l\u00f8sninger til bygninger og boliger p\u00e5 det globale marked. I Setra-koncernen er der otte savv\u00e6rker og tre for\u00e6dlingsenheder..<\/p>\n<p>For flere informationer kan du bes\u00f8ge deres\u00a0<a href=\"https:\/\/www.setragroup.com\/\">website.<\/a><\/p>\n<h2>Po Hiller<\/h2>\n<p>I henhold til gamle dokumenter g\u00e5r P.O. Hiller Tr\u00e4varor AB tilbage til 1500-tallet. Da man begyndte at anvende dampkraft i industrien, k\u00f8bte man en dampmaskine, og savv\u00e6rket blev derfor det f\u00f8rste dampdrevne savv\u00e6rk i V\u00e4stmanland.\u00a0Pga. dampkraften kunne man tidligt investere i h\u00f8vlmaskiner. I dag er P.O. Hiller Tr\u00e4varor AB en rendyrket tr\u00e6industrivirksomhed, der h\u00f8vler, maler og tilsk\u00e6rer tr\u00e6varer, som f.eks. udvendige paneler, indvendige paneler, lister, og massive tr\u00e6gulve.<\/p>\n<p>For flere informationer kan du bes\u00f8ge deres\u00a0<a href=\"http:\/\/www.pohiller.se\/\">website.<\/a><\/p>\n<h2>Fellessons<\/h2>\n<p>Fellessons er en tredjegenerations t\u00f8mmerhandel, som har mange \u00e5rs erfaring med tr\u00e6varer. Deres virksomhed h\u00e5ndterer alt fra for\u00e6dling vha. h\u00f8vling og snedkeri til omfattende handel med tr\u00e6varer og byggematerialer.<\/p>\n<p>For flere informationer kan du bes\u00f8ge deres\u00a0<a href=\"http:\/\/fellessons.se\/\">website.<\/a><\/p>\n<h2>Munktorps tr\u00e4f\u00f6r\u00e4dling<\/h2>\n<p>Munktorps Tr\u00e4f\u00f6r\u00e4dling AB er et h\u00f8vleri, som f\u00f8rst og fremmest fremstiller udvendige paneler, l\u00e6gter og tr\u00e6varer med fer. De fremstiller specialprodukter i de fleste dimensioner af gran, fyr (ogs\u00e5 kernefyr) og l\u00e6rk efter \u00f8nske. De har en kapacitet p\u00e5 ca. 35.000 m3 h\u00f8vlede tr\u00e6varer pr. \u00e5r ved enkeltskift.<\/p>\n<p>For flere informationer kan du bes\u00f8ge deres\u00a0<a href=\"http:\/\/www.munktorpstra.se\/\">website.<\/a><\/p>\n<h2>OrganoClick<\/h2>\n<p>OrganoClick AB er en virksomhed, der udvikler, fremstiller og markedsf\u00f8rer milj\u00f8venlige produkter til funktionalisering af cellulosebaserede materialer. Virksomhedens produkter er baseret p\u00e5 dens patenterede teknologiplatform til modificering af biofibre, som udspringer fra forskning udf\u00f8rt ved Stockholms universitet og Sveriges lantbruksuniversitet i Uppsala. Produkter, som virksomheden markedsf\u00f8rer, er bl.a. l\u00f8sninger til fremstilling af vandresistente papirer og tekstiler, additiver som giver ekstra mekanisk styrke til papirbaserede emballager og nye biobaserede bindemidler til nonwoven-materialer.<\/p>\n<p>Virksomheden ejes af grundl\u00e6ggerne, administrerende direkt\u00f8r M\u00e5rten Hellberg, professor Armando C\u00f3rdova, docent Jonas Hafr\u00e9n og inkubatorvirksomheden Serendipity Innovations sammen med finans- og industrimanden Anders Wall, Tetra Paks tidligere koncernchef Bertil Hagman og Tetra Paks og derefter SCA Hygiene Products tidligere tekniske chef Claes-G\u00f6ran Beckeman.<\/p>\n<p>Hvis du \u00f8nsker flere informationer om OrganoClick, kan du bes\u00f8ge deres\u00a0<a href=\"http:\/\/www.organoclick.com\/\">website<\/a>.<\/p>\n","protected":false},"excerpt":{"rendered":"<p>OrganoWood samarbejder med en r\u00e6kke velrenommerede partnere, som st\u00e5r for h\u00f8j kvalitet, v\u00e6rner om milj\u00f8et og har en passion for tr\u00e6. Vi arbejder t\u00e6t b\u00e5de med en r\u00e6kke underleverand\u00f8rer og kunder. Welin &amp; Co Welin &amp; Co er en leverand\u00f8r og distribut\u00f8r\u00a0af tr\u00e6behandlingsprodukter af h\u00f8j kvalitet.\u00a0I 2015 indledtes et samarbejde mellem OrganoWood og Welin &amp; &hellip; <a href=\"https:\/\/organowood.com\/da\/om-os\/partnere\/\">Continued<\/a><\/p>\n","protected":false},"author":4,"featured_media":1084,"parent":2915,"menu_order":4,"comment_status":"closed","ping_status":"closed","template":"","meta":{"_acf_changed":false,"footnotes":""},"class_list":["post-2913","page","type-page","status-publish","has-post-thumbnail","hentry"],"acf":[],"_links":{"self":[{"href":"https:\/\/organowood.com\/da\/wp-json\/wp\/v2\/pages\/2913","targetHints":{"allow":["GET"]}}],"collection":[{"href":"https:\/\/organowood.com\/da\/wp-json\/wp\/v2\/pages"}],"about":[{"href":"https:\/\/organowood.com\/da\/wp-json\/wp\/v2\/types\/page"}],"author":[{"embeddable":true,"href":"https:\/\/organowood.com\/da\/wp-json\/wp\/v2\/users\/4"}],"replies":[{"embeddable":true,"href":"https:\/\/organowood.com\/da\/wp-json\/wp\/v2\/comments?post=2913"}],"version-history":[{"count":1,"href":"https:\/\/organowood.com\/da\/wp-json\/wp\/v2\/pages\/2913\/revisions"}],"predecessor-version":[{"id":2914,"href":"https:\/\/organowood.com\/da\/wp-json\/wp\/v2\/pages\/2913\/revisions\/2914"}],"up":[{"embeddable":true,"href":"https:\/\/organowood.com\/da\/wp-json\/wp\/v2\/pages\/2915"}],"wp:featuredmedia":[{"embeddable":true,"href":"https:\/\/organowood.com\/da\/wp-json\/wp\/v2\/media\/1084"}],"wp:attachment":[{"href":"https:\/\/organowood.com\/da\/wp-json\/wp\/v2\/media?parent=2913"}],"curies":[{"name":"wp","href":"https:\/\/api.w.org\/{rel}","templated":true}]}}