{"id":2911,"date":"2019-02-14T12:42:00","date_gmt":"2019-02-14T12:42:00","guid":{"rendered":"http:\/\/organowood.com\/?page_id=2911"},"modified":"2019-02-14T12:42:00","modified_gmt":"2019-02-14T12:42:00","slug":"ejere","status":"publish","type":"page","link":"https:\/\/organowood.com\/da\/om-os\/ejere\/","title":{"rendered":"Ejere"},"content":{"rendered":"<ul>\n<li>\n<h4>OrganoClick AB<\/h4>\n<\/li>\n<\/ul>\n<p>OrganoClick AB er en virksomhed, der udvikler, fremstiller og markedsf\u00f8rer milj\u00f8venlige produkter til funktionalisering af cellulosebaserede materialer. Virksomhedens produkter er baseret p\u00e5 dens patenterede teknologiplatform til modificering af biofibre, som udspringer fra forskning udf\u00f8rt ved Stockholms universitet og Sveriges lantbruksuniversitet i Uppsala. Produkter, som virksomheden markedsf\u00f8rer, er bl.a. l\u00f8sninger til fremstilling af vandresistente papirer og tekstiler, additiver som giver ekstra mekanisk styrke til papirbaserede emballager og nye biobaserede bindemidler til nonwoven-materialer.<\/p>\n<p>Virksomheden ejes af grundl\u00e6ggerne, administrerende direkt\u00f8r M\u00e5rten Hellberg, professor Armando C\u00f3rdova, docent Jonas Hafr\u00e9n og inkubatorvirksomheden Serendipity Innovations sammen med finans- og industrimanden Anders Wall, Tetra Paks tidligere koncernchef Bertil Hagman og Tetra Paks og derefter SCA Hygiene Products tidligere tekniske chef Claes-G\u00f6ran Beckeman.<\/p>\n<p>Hvis du \u00f8nsker flere informationer om OrganoClick, kan du bes\u00f8ge deres\u00a0<a href=\"http:\/\/www.organoclick.com\/\">website<\/a>.<\/p>\n<ul>\n<li>\n<h4>Kvigos AB<\/h4>\n<\/li>\n<\/ul>\n<p>Kvigos AB ejes af finansmanden Robert Charpentier, som har en lang baggrund inden for bank og finans. Han har bl.a. arbejdet i ledende stillinger hos Goldman Sachs, Swedbank og som administrerende direkt\u00f8r for Kaupthing Bank Sverige AB. Hos Kvigos AB fungerer Robert i dag som konsulent for mindre virksomheder med sin mange\u00e5rige erfaring inden for investment banking og investerer og deltager i udviklingen af v\u00e6kstfirmaer, f\u00f8rst og fremmest markedsf\u00f8ring og salg.<\/p>\n","protected":false},"excerpt":{"rendered":"<p>OrganoClick AB OrganoClick AB er en virksomhed, der udvikler, fremstiller og markedsf\u00f8rer milj\u00f8venlige produkter til funktionalisering af cellulosebaserede materialer. Virksomhedens produkter er baseret p\u00e5 dens patenterede teknologiplatform til modificering af biofibre, som udspringer fra forskning udf\u00f8rt ved Stockholms universitet og Sveriges lantbruksuniversitet i Uppsala. Produkter, som virksomheden markedsf\u00f8rer, er bl.a. l\u00f8sninger til fremstilling af vandresistente &hellip; <a href=\"https:\/\/organowood.com\/da\/om-os\/ejere\/\">Continued<\/a><\/p>\n","protected":false},"author":4,"featured_media":964,"parent":2915,"menu_order":2,"comment_status":"closed","ping_status":"closed","template":"","meta":{"_acf_changed":false,"footnotes":""},"class_list":["post-2911","page","type-page","status-publish","has-post-thumbnail","hentry"],"acf":[],"_links":{"self":[{"href":"https:\/\/organowood.com\/da\/wp-json\/wp\/v2\/pages\/2911","targetHints":{"allow":["GET"]}}],"collection":[{"href":"https:\/\/organowood.com\/da\/wp-json\/wp\/v2\/pages"}],"about":[{"href":"https:\/\/organowood.com\/da\/wp-json\/wp\/v2\/types\/page"}],"author":[{"embeddable":true,"href":"https:\/\/organowood.com\/da\/wp-json\/wp\/v2\/users\/4"}],"replies":[{"embeddable":true,"href":"https:\/\/organowood.com\/da\/wp-json\/wp\/v2\/comments?post=2911"}],"version-history":[{"count":1,"href":"https:\/\/organowood.com\/da\/wp-json\/wp\/v2\/pages\/2911\/revisions"}],"predecessor-version":[{"id":2912,"href":"https:\/\/organowood.com\/da\/wp-json\/wp\/v2\/pages\/2911\/revisions\/2912"}],"up":[{"embeddable":true,"href":"https:\/\/organowood.com\/da\/wp-json\/wp\/v2\/pages\/2915"}],"wp:featuredmedia":[{"embeddable":true,"href":"https:\/\/organowood.com\/da\/wp-json\/wp\/v2\/media\/964"}],"wp:attachment":[{"href":"https:\/\/organowood.com\/da\/wp-json\/wp\/v2\/media?parent=2911"}],"curies":[{"name":"wp","href":"https:\/\/api.w.org\/{rel}","templated":true}]}}