{"id":2909,"date":"2019-02-14T12:32:56","date_gmt":"2019-02-14T12:32:56","guid":{"rendered":"http:\/\/organowood.com\/?page_id=2909"},"modified":"2022-11-11T08:15:27","modified_gmt":"2022-11-11T08:15:27","slug":"bestyrelse","status":"publish","type":"page","link":"https:\/\/organowood.com\/da\/om-os\/bestyrelse\/","title":{"rendered":"Bestyrelse"},"content":{"rendered":"<ul>\n<li>Stefan Lindeborg, bestyrelsesformand<\/li>\n<\/ul>\n<p>Stefan Lindeborg har en civil\u00f8konomeksamen i markedsf\u00f8ring fra Handelsh\u00f6gskolan i Stockholm. Han har i 30 \u00e5r arbejdet i kemibranchen i forskellige ledende stillinger med fokus p\u00e5 salg og markedsf\u00f8ring. I \u00f8jeblikket udfylder han stillingen som administrerende direkt\u00f8r for Akzo Nobel AB (moderselskab for Akzo Nobels svenske virksomhed) og har tidligere bl.a. arbejdet som administrerende direkt\u00f8r for Akzo Nobel Decorative Paintings, v\u00e6ret administrerende direkt\u00f8r for distributions- og salgsselskabet Kemiintressen AB og international markedschef hos Casco Nobel (byggelim og tr\u00e6beskyttelse).<\/p>\n<ul>\n<li>Robert Charpentier, bestyrelsesmedlem<\/li>\n<\/ul>\n<p>Robert Charpentier er bestyrelsesformand for Kvigos AB og medstifter af OrganoWood AB. Han har en \u00f8konomieksamen (\u201cekonomiemagister\u201d) fra Svenska Handelsh\u00f6gskolan i Helsingfors og har i mere end 20 \u00e5r arbejdet i finansbranchen i forskellige stillinger. Han indledte sin karriere 1989 hos Goldman Sachs i London, hvor han arbejdede med forskellige kapitalmarkedsbaserede l\u00f8sninger til nordiske kunder. I 1997 begyndte han hos Swedbank, hvor han blev udn\u00e6vnt til viceadministrerende direkt\u00f8r og chef for investment banking i 2004. Fra 2006 frem til 2009 arbejdede Robert som administrerende direkt\u00f8r for Kaupthing Bank Sverige AB, islandske Kaupthing Banks datterselskab i Sverige. I \u00f8jeblikket arbejder Robert med private investeringer og konsulentvirksomhed i sin helejede virksomhed Kvigos AB.<\/p>\n<ul>\n<li>M\u00e5rten Hellberg, bestyrelsesmedlem<\/li>\n<\/ul>\n<p>M\u00e5rten Hellberg er administrerende direkt\u00f8r og medstifter af OrganoClick AB. M\u00e5rten har studeret til civilingeni\u00f8r i molekyl\u00e6r bioteknik og \u00f8konom ved Uppsala universitet, \u00c9cole Normale Sup\u00e9rieure de Lyon og Stockholms universitet. M\u00e5rten har ogs\u00e5 v\u00e6re kajakroer p\u00e5 eliteplan og blev svensk mester flere gange. Han har v\u00e6ret med p\u00e5 det svenske kanolandshold i 12 \u00e5r og deltaget i Sveriges Olympiska Kommitt\u00e9s eliteprogram.<\/p>\n<ul>\n<li>Claes\u2010G\u00f6ran Beckeman, bestyrelsesmedlem<\/li>\n<\/ul>\n<p>Claes-G\u00f6ran Beckeman er civilingeni\u00f8r i kemiteknik fra Chalmers tekniska h\u00f6gskola. Fra 1977 til 1997 arbejdede han hos Tetra Pak (senere Tetra Laval) i forskellige ledende stillinger, som f.eks. teknisk direkt\u00f8r. Claes G\u00f6ran kom til SCA i 1998, hvor han arbejdede som teknisk direkt\u00f8r og indk\u00f8bschef inden for forretningsomr\u00e5det Personlige hygiejneprodukter til og med 2005. Fra 2004 til 2007 var Claes-G\u00f6ran ansvarlig for opbygningen af den skovbaserede sektors teknologiplatform, et initiativ fra den europ\u00e6iske skovindustri og skovejere for at etablere et privat-offentligt partnerskab med EU og andre nationale myndigheder omkring FoU-samarbejde i sektoren. I \u00f8jeblikket er Claes-G\u00f6ran bestyrelsesmedlem i flere virksomheder inden for emballageindustrien og medlem af Kungliga Ingenj\u00f6rsvetenskapsakademin.<\/p>\n","protected":false},"excerpt":{"rendered":"<p>Stefan Lindeborg, bestyrelsesformand Stefan Lindeborg har en civil\u00f8konomeksamen i markedsf\u00f8ring fra Handelsh\u00f6gskolan i Stockholm. Han har i 30 \u00e5r arbejdet i kemibranchen i forskellige ledende stillinger med fokus p\u00e5 salg og markedsf\u00f8ring. I \u00f8jeblikket udfylder han stillingen som administrerende direkt\u00f8r for Akzo Nobel AB (moderselskab for Akzo Nobels svenske virksomhed) og har tidligere bl.a. arbejdet &hellip; <a href=\"https:\/\/organowood.com\/da\/om-os\/bestyrelse\/\">Continued<\/a><\/p>\n","protected":false},"author":4,"featured_media":2120,"parent":2915,"menu_order":1,"comment_status":"closed","ping_status":"closed","template":"","meta":{"_acf_changed":false,"footnotes":""},"class_list":["post-2909","page","type-page","status-publish","has-post-thumbnail","hentry"],"acf":[],"_links":{"self":[{"href":"https:\/\/organowood.com\/da\/wp-json\/wp\/v2\/pages\/2909","targetHints":{"allow":["GET"]}}],"collection":[{"href":"https:\/\/organowood.com\/da\/wp-json\/wp\/v2\/pages"}],"about":[{"href":"https:\/\/organowood.com\/da\/wp-json\/wp\/v2\/types\/page"}],"author":[{"embeddable":true,"href":"https:\/\/organowood.com\/da\/wp-json\/wp\/v2\/users\/4"}],"replies":[{"embeddable":true,"href":"https:\/\/organowood.com\/da\/wp-json\/wp\/v2\/comments?post=2909"}],"version-history":[{"count":2,"href":"https:\/\/organowood.com\/da\/wp-json\/wp\/v2\/pages\/2909\/revisions"}],"predecessor-version":[{"id":7020,"href":"https:\/\/organowood.com\/da\/wp-json\/wp\/v2\/pages\/2909\/revisions\/7020"}],"up":[{"embeddable":true,"href":"https:\/\/organowood.com\/da\/wp-json\/wp\/v2\/pages\/2915"}],"wp:featuredmedia":[{"embeddable":true,"href":"https:\/\/organowood.com\/da\/wp-json\/wp\/v2\/media\/2120"}],"wp:attachment":[{"href":"https:\/\/organowood.com\/da\/wp-json\/wp\/v2\/media?parent=2909"}],"curies":[{"name":"wp","href":"https:\/\/api.w.org\/{rel}","templated":true}]}}