{"id":2900,"date":"2019-02-14T11:58:17","date_gmt":"2019-02-14T11:58:17","guid":{"rendered":"http:\/\/organowood.com\/?page_id=2900"},"modified":"2025-06-19T12:37:26","modified_gmt":"2025-06-19T12:37:26","slug":"tests-og-certifikater","status":"publish","type":"page","link":"https:\/\/organowood.com\/da\/tests-og-certifikater\/","title":{"rendered":"Tests og certifikater"},"content":{"rendered":"<p><strong>Holdbarhed<\/strong><br \/>\nI 2013 startede en uafh\u00e6ngig unders\u00f8gelse af forskellige typer af terrassematerialer og overfladebehandlinger hos RISE (SP) og gadekontoret hos Malm\u00f8 kommune. Form\u00e5let var at sammenligne ydelse ved bl.a. at unders\u00f8ge angreb af mikroorganismer, revnedannelser og deformationer i materialerne. Testen viser god holdbarhed i udsatte milj\u00f8er.<\/p>\n<p><strong>R\u00e5dbeskyttelse<\/strong><br \/>\nTr\u00e6v\u00e6rk fra OrganoWood\u00ae har en veldokumenteret r\u00e5dbeskyttelse, testet iht. r\u00e5dbeskyttelsestesten SS-EN 113. For naturlig holdbarhed i henhold til SS-EN 350 opn\u00e5r OrganoWood\u00ae klasse 1, dvs. bedste holdbarhed.<\/p>\n<p><strong>Solrefleksionsindeks (SRI)<\/strong><br \/>\nDen s\u00e5kaldte \u201dCool Roof\u201d-teknik str\u00e6ber efter en h\u00f8j <a href=\"https:\/\/organowood.com\/inspiration\/reflekterande-takterrasser-gynnar-bade-ekonomin-och-miljon\/\">SRI-v\u00e6rdi<\/a> for at g\u00f8re varmeoverf\u00f8rslen til bygninger lavere og dermed spare omkostninger i forbindelse med relaterede k\u00f8lebehov. Desuden mindskes risikoen for at skabe varme\u00f8er. Lysrefleksion og oplagringsevne v\u00e6gtes sammen til en v\u00e6rdi p\u00e5 en skala fra 0 til 100. OrganoWood\u00ae f\u00e5r i RISE (SP) -testen ASTM E1980-11 en SRI-v\u00e6rdi p\u00e5 82,4, som er en meget fin v\u00e6rdi.<\/p>\n<p><strong>Certifikat<\/strong><br \/>\nAlt tr\u00e6v\u00e6rk fra OrganoWood er FSC\u00ae (FSC-C120532) eller PEFC (PEFC\/05-35-168).<\/p>\n","protected":false},"excerpt":{"rendered":"<p>Holdbarhed I 2013 startede en uafh\u00e6ngig unders\u00f8gelse af forskellige typer af terrassematerialer og overfladebehandlinger hos RISE (SP) og gadekontoret hos Malm\u00f8 kommune. Form\u00e5let var at sammenligne ydelse ved bl.a. at unders\u00f8ge angreb af mikroorganismer, revnedannelser og deformationer i materialerne. Testen viser god holdbarhed i udsatte milj\u00f8er. R\u00e5dbeskyttelse Tr\u00e6v\u00e6rk fra OrganoWood\u00ae har en veldokumenteret r\u00e5dbeskyttelse, testet &hellip; <a href=\"https:\/\/organowood.com\/da\/tests-og-certifikater\/\">Continued<\/a><\/p>\n","protected":false},"author":4,"featured_media":0,"parent":0,"menu_order":0,"comment_status":"closed","ping_status":"closed","template":"","meta":{"_acf_changed":false,"footnotes":""},"class_list":["post-2900","page","type-page","status-publish","hentry"],"acf":[],"_links":{"self":[{"href":"https:\/\/organowood.com\/da\/wp-json\/wp\/v2\/pages\/2900","targetHints":{"allow":["GET"]}}],"collection":[{"href":"https:\/\/organowood.com\/da\/wp-json\/wp\/v2\/pages"}],"about":[{"href":"https:\/\/organowood.com\/da\/wp-json\/wp\/v2\/types\/page"}],"author":[{"embeddable":true,"href":"https:\/\/organowood.com\/da\/wp-json\/wp\/v2\/users\/4"}],"replies":[{"embeddable":true,"href":"https:\/\/organowood.com\/da\/wp-json\/wp\/v2\/comments?post=2900"}],"version-history":[{"count":7,"href":"https:\/\/organowood.com\/da\/wp-json\/wp\/v2\/pages\/2900\/revisions"}],"predecessor-version":[{"id":19833,"href":"https:\/\/organowood.com\/da\/wp-json\/wp\/v2\/pages\/2900\/revisions\/19833"}],"wp:attachment":[{"href":"https:\/\/organowood.com\/da\/wp-json\/wp\/v2\/media?parent=2900"}],"curies":[{"name":"wp","href":"https:\/\/api.w.org\/{rel}","templated":true}]}}