{"id":2897,"date":"2019-02-14T11:52:26","date_gmt":"2019-02-14T11:52:26","guid":{"rendered":"http:\/\/organowood.com\/?page_id=2897"},"modified":"2019-02-14T11:53:57","modified_gmt":"2019-02-14T11:53:57","slug":"teknologi","status":"publish","type":"page","link":"https:\/\/organowood.com\/da\/teknologi\/","title":{"rendered":"Teknologi"},"content":{"rendered":"<h4>Opdag den unikke teknologi fra OrganoWood\u00ae<\/h4>\n<p>Processen er udviklet med inspiration fra den naturlige fossiliseringsproces, hvor mineraler tr\u00e6nger ind og mineraliserer organiske materialer.\u00a0Ved impr\u00e6gnering bindes kiselstoffer til tr\u00e6fibrene, som skaber en fysisk barriere mod r\u00e5dsvampene. OrganoWood\u00ae er en patenteret svensk innovation, som udvikles og produceres i Sverige.<\/p>\n<p>OrganoWoods teknologi er baseret p\u00e5 videnskabelige gennembrud inden for metoder til modificering af biofibre. Ved hj\u00e6lp af teknologi bindes kiselstoffer til tr\u00e6fibrene under h\u00f8jt tryk. Indtr\u00e6ngningen af v\u00e6sken sker i splintveddet for at skabe en optimal beskyttelse. Den patenterede modificering af tr\u00e6v\u00e6rket skaber et milj\u00f8, hvor r\u00e5dsvampe ikke trives.\u00a0Plusbehandlet OrganoWood\u00ae modificeret tr\u00e6v\u00e6rk er smuds- og vandafvisende, og det giver bedre formstabilitet, mindsket risiko for overfladebegroning samt en overflade, som bliver nemmere at reng\u00f8re.<\/p>\n<p>.<img loading=\"lazy\" decoding=\"async\" class=\"alignnone wp-image-354\" src=\"https:\/\/organowood.emilaspman.se\/wp-content\/uploads\/2018\/03\/organowood_all_02-300x240.png\" alt=\"\" width=\"483\" height=\"387\" srcset=\"https:\/\/organowood.com\/wp-content\/uploads\/2018\/03\/organowood_all_02-300x240.png 300w, https:\/\/organowood.com\/wp-content\/uploads\/2018\/03\/organowood_all_02-745x598.png 745w, https:\/\/organowood.com\/wp-content\/uploads\/2018\/03\/organowood_all_02.png 746w\" sizes=\"auto, (max-width: 483px) 100vw, 483px\" \/><\/p>\n","protected":false},"excerpt":{"rendered":"<p>Opdag den unikke teknologi fra OrganoWood\u00ae Processen er udviklet med inspiration fra den naturlige fossiliseringsproces, hvor mineraler tr\u00e6nger ind og mineraliserer organiske materialer.\u00a0Ved impr\u00e6gnering bindes kiselstoffer til tr\u00e6fibrene, som skaber en fysisk barriere mod r\u00e5dsvampene. OrganoWood\u00ae er en patenteret svensk innovation, som udvikles og produceres i Sverige. OrganoWoods teknologi er baseret p\u00e5 videnskabelige gennembrud inden &hellip; <a href=\"https:\/\/organowood.com\/da\/teknologi\/\">Continued<\/a><\/p>\n","protected":false},"author":4,"featured_media":0,"parent":0,"menu_order":0,"comment_status":"closed","ping_status":"closed","template":"","meta":{"_acf_changed":false,"footnotes":""},"class_list":["post-2897","page","type-page","status-publish","hentry"],"acf":[],"_links":{"self":[{"href":"https:\/\/organowood.com\/da\/wp-json\/wp\/v2\/pages\/2897","targetHints":{"allow":["GET"]}}],"collection":[{"href":"https:\/\/organowood.com\/da\/wp-json\/wp\/v2\/pages"}],"about":[{"href":"https:\/\/organowood.com\/da\/wp-json\/wp\/v2\/types\/page"}],"author":[{"embeddable":true,"href":"https:\/\/organowood.com\/da\/wp-json\/wp\/v2\/users\/4"}],"replies":[{"embeddable":true,"href":"https:\/\/organowood.com\/da\/wp-json\/wp\/v2\/comments?post=2897"}],"version-history":[{"count":2,"href":"https:\/\/organowood.com\/da\/wp-json\/wp\/v2\/pages\/2897\/revisions"}],"predecessor-version":[{"id":2899,"href":"https:\/\/organowood.com\/da\/wp-json\/wp\/v2\/pages\/2897\/revisions\/2899"}],"wp:attachment":[{"href":"https:\/\/organowood.com\/da\/wp-json\/wp\/v2\/media?parent=2897"}],"curies":[{"name":"wp","href":"https:\/\/api.w.org\/{rel}","templated":true}]}}