{"id":2894,"date":"2019-02-14T11:50:13","date_gmt":"2019-02-14T11:50:13","guid":{"rendered":"http:\/\/organowood.com\/?page_id=2894"},"modified":"2019-02-14T11:50:13","modified_gmt":"2019-02-14T11:50:13","slug":"saadan-aeldes-traevaerket","status":"publish","type":"page","link":"https:\/\/organowood.com\/da\/teknologi\/saadan-aeldes-traevaerket\/","title":{"rendered":"S\u00e5dan \u00e6ldes tr\u00e6v\u00e6rket"},"content":{"rendered":"<h4>Naturfarvet tr\u00e6v\u00e6rk som \u00e6ldes naturligt<\/h4>\n<p>Det modificerede tr\u00e6v\u00e6rk beholder sin naturlige farve, men \u00e6ldes derefter naturligt. N\u00e5r tr\u00e6v\u00e6rk \u00e6ldes, patineres det og f\u00e5r med tiden en s\u00f8lvgr\u00e5 nuance. Patineringen af tr\u00e6v\u00e6rk opst\u00e5r pga. en r\u00e6kke forskellige eksterne faktorer. Sollyset nedbryder bl.a. ligninet og hemicellulosen i det ydre tr\u00e6v\u00e6rk, som betyder, at tr\u00e6v\u00e6rket bleges. Andre faktorer, som smudspartikler, overfladebegroning og d\u00f8de tr\u00e6partikler, betyder, at tr\u00e6v\u00e6rket bliver gr\u00e5t. Kombinationen af blegning og patinering skaber en s\u00f8lvgr\u00e5 nuance.<\/p>\n<p>Afh\u00e6ngigt af i hvilket milj\u00f8 tr\u00e6v\u00e6rket placeres, vil \u00e6ldningen foreg\u00e5 med forskellige hastigheder. \u00c6ldningen g\u00e5r hurtigere, hvis tr\u00e6v\u00e6rket er placeret i vejr og vind og st\u00e5r mod syd, som er mest eksponeret mod sol. I fyr, som best\u00e5r af kerne- og splintved, vil \u00e6ldningen ogs\u00e5 g\u00e5 hurtigere i splintveddet, fordi det betydeligt nemmere optager vand end kernen og dermed f\u00e5r en h\u00f8jere fugtighed, som fremmer den udvendige begroning.<\/p>\n<p>OrganoWood\u00ae modificeret tr\u00e6v\u00e6rk \u00e6ldes naturligt, som betyder, at patineringen ikke altid sker j\u00e6vnt over tr\u00e6v\u00e6rket. I standardtr\u00e6 vil splintveddet f.eks. patinere hurtigere end kernetr\u00e6et. P\u00e5 et tidligt stadium kan patineringen ogs\u00e5 opleves plettet, men dette udj\u00e6vnes relativt hurtigt. Efter 1-2 \u00e5r har et tr\u00e6d\u00e6k, som er placeret udend\u00f8rs i sollys, f\u00e5et en sk\u00f8n og j\u00e6vn gr\u00e5 overflade.<\/p>\n<p>En effekt, som kan forekomme p\u00e5 alt tr\u00e6v\u00e6rk, der er placeret udend\u00f8rs og \u00e6ldes, er s\u00e5kaldt fliskridtning (\u201cfiberluv\u201d), hvor fibre l\u00f8sner sig fra tr\u00e6ets overflade. Dette forekommer, fordi ligninet, som sammenbinder fibrene i tr\u00e6v\u00e6rket, nedbrydes af solens UV-str\u00e5ling.\u00a0Problemet opst\u00e5r f\u00f8rst og fremmest p\u00e5 tr\u00e6v\u00e6rk, som er placeret i kraftigt soleksponerede milj\u00f8er. Dette kan mindskes med overfladebehandlinger og grundig vedligeholdelse.<\/p>\n<p>For at f\u00e5 en j\u00e6vnere patineringsproces og mindske risikoen for, at f\u00e6nomenet skal opst\u00e5, har OrganoWood udviklet\u00a0overfladebehandlingsproduktet OrganoWood\u00ae 02. Tr\u00e6beskyttelse, som er specielt tilpasset OrganoWood\u00ae tr\u00e6v\u00e6rk. Produktet giver overfladen ekstremt vandafvisende (superhydrofobiske) egenskaber, som mindsker risikoen for f\u00e6nomenet og\u00a0giver en mere j\u00e6vn patineringsproces. OrganoWood\u00ae Select Plus\u00a0er industrielt\u00a0behandlet med\u00a0OrganoWood\u00ae 02. Tr\u00e6beskyttelse og har\u00a0derfor f\u00e5et en meget effektiv beskyttelse. De vandafvisende egenskaber betyder, at\u00a0tr\u00e6v\u00e6rket f\u00e5r en mindsket revnedannelse og bliver mere dimensionsstabilt.<\/p>\n<p>For at l\u00e6se mere og f\u00f8lge hvordan patineringsprocessen forl\u00f8ber fra naturfarvet til gr\u00e5t p\u00e5 b\u00e5de OrganoWood\u00ae, OrganoWood\u00ae Select og OrganoWood\u00ae Select Plus, kan du <a href=\"https:\/\/organowood.com\/da\/patineringsproces\/\" target=\"_blank\" rel=\"noopener\">se f\u00f8lgende side.<\/a> For at l\u00e6se mere om fiberluv kan du se Svenskt tr\u00e4s udm\u00e6rkede\u00a0<a href=\"https:\/\/www.traguiden.se\/om-tra\/materialet-tra\/traets-egenskaber-och-kvalitet\/bestandighet1\/ljusets-nedbrytning-av-tra\/\">Tr\u00e4guide<\/a>.<\/p>\n","protected":false},"excerpt":{"rendered":"<p>Naturfarvet tr\u00e6v\u00e6rk som \u00e6ldes naturligt Det modificerede tr\u00e6v\u00e6rk beholder sin naturlige farve, men \u00e6ldes derefter naturligt. N\u00e5r tr\u00e6v\u00e6rk \u00e6ldes, patineres det og f\u00e5r med tiden en s\u00f8lvgr\u00e5 nuance. Patineringen af tr\u00e6v\u00e6rk opst\u00e5r pga. en r\u00e6kke forskellige eksterne faktorer. Sollyset nedbryder bl.a. ligninet og hemicellulosen i det ydre tr\u00e6v\u00e6rk, som betyder, at tr\u00e6v\u00e6rket bleges. Andre faktorer, &hellip; <a href=\"https:\/\/organowood.com\/da\/teknologi\/saadan-aeldes-traevaerket\/\">Continued<\/a><\/p>\n","protected":false},"author":4,"featured_media":0,"parent":2897,"menu_order":0,"comment_status":"closed","ping_status":"closed","template":"","meta":{"_acf_changed":false,"footnotes":""},"class_list":["post-2894","page","type-page","status-publish","hentry"],"acf":[],"_links":{"self":[{"href":"https:\/\/organowood.com\/da\/wp-json\/wp\/v2\/pages\/2894","targetHints":{"allow":["GET"]}}],"collection":[{"href":"https:\/\/organowood.com\/da\/wp-json\/wp\/v2\/pages"}],"about":[{"href":"https:\/\/organowood.com\/da\/wp-json\/wp\/v2\/types\/page"}],"author":[{"embeddable":true,"href":"https:\/\/organowood.com\/da\/wp-json\/wp\/v2\/users\/4"}],"replies":[{"embeddable":true,"href":"https:\/\/organowood.com\/da\/wp-json\/wp\/v2\/comments?post=2894"}],"version-history":[{"count":1,"href":"https:\/\/organowood.com\/da\/wp-json\/wp\/v2\/pages\/2894\/revisions"}],"predecessor-version":[{"id":2896,"href":"https:\/\/organowood.com\/da\/wp-json\/wp\/v2\/pages\/2894\/revisions\/2896"}],"up":[{"embeddable":true,"href":"https:\/\/organowood.com\/da\/wp-json\/wp\/v2\/pages\/2897"}],"wp:attachment":[{"href":"https:\/\/organowood.com\/da\/wp-json\/wp\/v2\/media?parent=2894"}],"curies":[{"name":"wp","href":"https:\/\/api.w.org\/{rel}","templated":true}]}}