{"id":2893,"date":"2019-02-14T11:46:19","date_gmt":"2019-02-14T11:46:19","guid":{"rendered":"http:\/\/organowood.com\/?page_id=2893"},"modified":"2019-02-14T11:46:19","modified_gmt":"2019-02-14T11:46:19","slug":"miljoe","status":"publish","type":"page","link":"https:\/\/organowood.com\/da\/teknologi\/miljoe\/","title":{"rendered":"Milj\u00f8"},"content":{"rendered":"<h4>Milj\u00f8klassificeret tr\u00e6v\u00e6rk<\/h4>\n<p>OrganoWood\u00ae modificeret tr\u00e6v\u00e6rk er udviklet til at modst\u00e5 h\u00e5rde udsatte milj\u00f8er ved at anvende en teknologi inspireret af den naturlige fossiliseringsproces, hvor mineraler tr\u00e6nger ind og mineraliserer det organiske materiale. Alle stoffer i produkter fra OrganoWood\u00ae er klassificeret som ufarlige for milj\u00f8et i henhold til CLP-forordningen (EF nr. 1272\/2008) og kan f\u00f8res tilbage til det naturlige kredsl\u00f8b. Derfor er det ikke n\u00f8dvendigt at indsamle tr\u00e6v\u00e6rket som milj\u00f8farligt affald. I stedet kan det genvindes som ubehandlet tr\u00e6v\u00e6rk i henhold til lokale forskrifter.<\/p>\n<p>OrganoWoods tr\u00e6beskyttelsesprodukter var de f\u00f8rste tr\u00e6beskyttelsesprodukter i Sverige, der blev tildelt Svenska Naturskyddsf\u00f6reningens milj\u00f8m\u00e6rkning \u201dBra Milj\u00f6val\u201d.<\/p>\n<p>OrganoWood\u00ae modificeret tr\u00e6v\u00e6rk er bed\u00f8mt af SundaHus og anbefales af Byggvarubed\u00f6mningen. Produkterne er registreret i BASTA-registret.<\/p>\n<p>Teknologien, som anvendes ved produktionen af OrganoWood\u00ae, blev bl.a. valgt som Sveriges bedste milj\u00f8innovation 2008 og vandt Nordbyggs \u201dHetaste materialnyhet\u201d 2014. Koncernen blev tildelt en \u201dClimate Solver\u201d af Verdensnaturfonden WWF i 2010 og udset som en \u201dSustainia 100 company\u201d i 2015.<\/p>\n<hr \/>\n<p><img loading=\"lazy\" decoding=\"async\" class=\"alignnone wp-image-358\" src=\"https:\/\/organowood.emilaspman.se\/wp-content\/uploads\/2018\/03\/sponsor-byggvarubedomningen@2x-300x39.png\" sizes=\"auto, (max-width: 238px) 100vw, 238px\" srcset=\"https:\/\/organowood.com\/wp-content\/uploads\/2018\/03\/sponsor-byggvarubedomningen@2x-300x39.png 300w, https:\/\/organowood.com\/wp-content\/uploads\/2018\/03\/sponsor-byggvarubedomningen@2x.png 386w\" alt=\"\" width=\"238\" height=\"31\" \/>\u00a0 \u00a0\u00a0\u00a0<img loading=\"lazy\" decoding=\"async\" class=\"alignnone wp-image-359\" src=\"https:\/\/organowood.emilaspman.se\/wp-content\/uploads\/2018\/03\/Climate-Solver-badge-300x300.png\" sizes=\"auto, (max-width: 93px) 100vw, 93px\" srcset=\"https:\/\/organowood.com\/wp-content\/uploads\/2018\/03\/Climate-Solver-badge-300x300.png 300w, https:\/\/organowood.com\/wp-content\/uploads\/2018\/03\/Climate-Solver-badge-150x150.png 150w, https:\/\/organowood.com\/wp-content\/uploads\/2018\/03\/Climate-Solver-badge.png 720w\" alt=\"\" width=\"93\" height=\"93\" \/>\u00a0\u00a0<img loading=\"lazy\" decoding=\"async\" class=\"alignnone wp-image-360\" src=\"https:\/\/organowood.emilaspman.se\/wp-content\/uploads\/2018\/03\/d1hhhba0eqx5qivujov8.jpg\" sizes=\"auto, (max-width: 93px) 100vw, 93px\" srcset=\"https:\/\/organowood.com\/wp-content\/uploads\/2018\/03\/d1hhhba0eqx5qivujov8.jpg 220w, https:\/\/organowood.com\/wp-content\/uploads\/2018\/03\/d1hhhba0eqx5qivujov8-150x150.jpg 150w\" alt=\"\" width=\"93\" height=\"93\" \/>\u00a0\u00a0<img loading=\"lazy\" decoding=\"async\" class=\"alignnone wp-image-361\" src=\"https:\/\/organowood.emilaspman.se\/wp-content\/uploads\/2018\/03\/Sustainia-100-kopia-300x300.png\" sizes=\"auto, (max-width: 92px) 100vw, 92px\" srcset=\"https:\/\/organowood.com\/wp-content\/uploads\/2018\/03\/Sustainia-100-kopia-300x300.png 300w, https:\/\/organowood.com\/wp-content\/uploads\/2018\/03\/Sustainia-100-kopia-150x150.png 150w, https:\/\/organowood.com\/wp-content\/uploads\/2018\/03\/Sustainia-100-kopia.png 600w\" alt=\"\" width=\"92\" height=\"92\" \/>\u00a0<img loading=\"lazy\" decoding=\"async\" class=\"alignnone wp-image-2203\" src=\"https:\/\/organowood.com\/wp-content\/uploads\/2018\/10\/basta-logo.png\" alt=\"\" width=\"86\" height=\"80\" \/>\u00a0 <img loading=\"lazy\" decoding=\"async\" class=\"alignnone wp-image-2204\" src=\"https:\/\/organowood.com\/wp-content\/uploads\/2018\/10\/logo-bmv-gron-utantext.jpg\" alt=\"\" width=\"88\" height=\"88\" \/>\u00a0\u00a0 <img loading=\"lazy\" decoding=\"async\" class=\"alignnone wp-image-2202\" src=\"https:\/\/organowood.com\/wp-content\/uploads\/2018\/10\/sundahus-logo-220x30.png\" alt=\"\" width=\"192\" height=\"64\" \/><\/p>\n","protected":false},"excerpt":{"rendered":"<p>Milj\u00f8klassificeret tr\u00e6v\u00e6rk OrganoWood\u00ae modificeret tr\u00e6v\u00e6rk er udviklet til at modst\u00e5 h\u00e5rde udsatte milj\u00f8er ved at anvende en teknologi inspireret af den naturlige fossiliseringsproces, hvor mineraler tr\u00e6nger ind og mineraliserer det organiske materiale. Alle stoffer i produkter fra OrganoWood\u00ae er klassificeret som ufarlige for milj\u00f8et i henhold til CLP-forordningen (EF nr. 1272\/2008) og kan f\u00f8res tilbage &hellip; <a href=\"https:\/\/organowood.com\/da\/teknologi\/miljoe\/\">Continued<\/a><\/p>\n","protected":false},"author":4,"featured_media":0,"parent":2897,"menu_order":0,"comment_status":"closed","ping_status":"closed","template":"","meta":{"_acf_changed":false,"footnotes":""},"class_list":["post-2893","page","type-page","status-publish","hentry"],"acf":[],"_links":{"self":[{"href":"https:\/\/organowood.com\/da\/wp-json\/wp\/v2\/pages\/2893","targetHints":{"allow":["GET"]}}],"collection":[{"href":"https:\/\/organowood.com\/da\/wp-json\/wp\/v2\/pages"}],"about":[{"href":"https:\/\/organowood.com\/da\/wp-json\/wp\/v2\/types\/page"}],"author":[{"embeddable":true,"href":"https:\/\/organowood.com\/da\/wp-json\/wp\/v2\/users\/4"}],"replies":[{"embeddable":true,"href":"https:\/\/organowood.com\/da\/wp-json\/wp\/v2\/comments?post=2893"}],"version-history":[{"count":1,"href":"https:\/\/organowood.com\/da\/wp-json\/wp\/v2\/pages\/2893\/revisions"}],"predecessor-version":[{"id":2895,"href":"https:\/\/organowood.com\/da\/wp-json\/wp\/v2\/pages\/2893\/revisions\/2895"}],"up":[{"embeddable":true,"href":"https:\/\/organowood.com\/da\/wp-json\/wp\/v2\/pages\/2897"}],"wp:attachment":[{"href":"https:\/\/organowood.com\/da\/wp-json\/wp\/v2\/media?parent=2893"}],"curies":[{"name":"wp","href":"https:\/\/api.w.org\/{rel}","templated":true}]}}