{"id":2869,"date":"2019-02-14T10:15:26","date_gmt":"2019-02-14T10:15:26","guid":{"rendered":"http:\/\/organowood.com\/?page_id=2869"},"modified":"2025-10-08T12:37:31","modified_gmt":"2025-10-08T12:37:31","slug":"spoergsmaal-og-svar","status":"publish","type":"page","link":"https:\/\/organowood.com\/da\/spoergsmaal-og-svar\/","title":{"rendered":"Sp\u00f8rgsm\u00e5l og svar"},"content":{"rendered":"<h4><strong>Sp\u00f8rgsm\u00e5l om OrganoWood\u00ae modificeret terrassetr\u00e6<\/strong><\/h4>\n<ol>\n<li><strong>Hvordan fungerer OrganoWood\u00ae teknologien?<\/strong><br \/>\nSvar: OrganoWood Nowa kan ligne et almindeligt stykke tr\u00e6, men det er modificeret gennem krydsbinding af tr\u00e6fibrene, hvilket giver materialet en h\u00f8j modstand mod r\u00e5d. Den vandbaserede mineralblanding presses ind i tr\u00e6et. N\u00e5r vandet fordamper, binder molekylerne sig st\u00e6rkt til tr\u00e6fibrene. Derved bevares egenskaberne under langvarig brug i fugtige milj\u00f8er.<\/li>\n<li><strong>Hvad er fordelene med OrganoWood\u00ae modificeret tr\u00e6v\u00e6rk?<\/strong><br \/>\nSvar: I traditionelt trykimpr\u00e6gneret tr\u00e6v\u00e6rk anvendes biocider og tungmetaller til sl\u00e5 at forr\u00e5dnelsessvampe og de tr\u00e6nedbrydende organismer ihjel. Disse stoffer er imidlertid sundhedsskadelige og farlige for milj\u00f8et. OrganoWood\u00ae teknologien anvender ingen stoffer, der er klassificeret som milj\u00f8farlige eller sundhedsskadelige, men udelukkende naturlige mineraler og frugtstoffer. Produkterne er milj\u00f8klassificerede og har f\u00e5et bedste anbefaling af b\u00e5de SundaHus og Byggvarubed\u00f6mningen. Desuden bliver tr\u00e6v\u00e6rket med tiden s\u00f8lvgr\u00e5t og er betydeligt mere fri for splinter end l\u00e6rketr\u00e6.<\/li>\n<li><strong>Hvilke tests har OrganoWood\u00ae modificeret tr\u00e6v\u00e6rk gennemg\u00e5et?<\/strong><br \/>\nSvar: Tr\u00e6v\u00e6rket er testet af SP \u2013 Sveriges tekniska forskningsinstitut iht. EN 113-testen vedr. beskyttelse mod r\u00e5d og har ud fra dette f\u00e5et holdbarhedsklasse 1 i henhold til EN 350-1 mod skimmel. Vejrbestandigheden er testet i udvaskningstesten EN 84.<\/li>\n<li><strong>Hvilke r\u00e5varer fremstilles OrganoWood\u00ae modificeret terrassetr\u00e6 af?<\/strong><br \/>\nSvar: OrganoWood\u00ae modificeret terrassetr\u00e6 fremstilles af svensk h\u00f8jkvalitetsfyr.<\/li>\n<li><strong>Hvordan skal terrassetr\u00e6 vedligeholdes?<\/strong><br \/>\nSvar: For OrganoWood\u00ae modificeret standardterrassetr\u00e6 anbefales det at overfladebehandle det med OrganoWood\u00ae Smuds- og vandbeskyttelse, n\u00e5r det er lagt. Denne handling kan derefter gentages med intervaller p\u00e5 ca. 2-3 \u00e5r. Derimellem vaskes tr\u00e6et \u00e5rligt efter behov. Hvis terrassetr\u00e6et ikke vedligeholdes, risikerer man, at det t\u00f8rrer ud, f\u00f8rst og fremmest hvis det eksponeres i ekstremt solrige milj\u00f8er. Der kan opst\u00e5 problemer med for\u00f8get revnedannelse og\u00a0<u><a href=\"https:\/\/organowood.com\/da\/fliskridtning\/\" target=\"_blank\" rel=\"noopener\">fliskridtning<\/a><\/u>\u00a0(\u201cfiberluv\u201d). Til OrganoWood\u00ae modificeret Select Plus-terrassetr\u00e6 anbefales ingen ekstra overfladebehandling ved montering af tr\u00e6v\u00e6rket. Det anbefales derimod, at man reng\u00f8r og overfladebehandler med OrganoWood\u00ae Smuds- og vandbeskyttelse hvert 2. til 3. \u00e5r eller efter behov.<\/li>\n<li><strong>Kan jeg male OrganoWood\u00ae modificeret tr\u00e6v\u00e6rk med maling?<\/strong><br \/>\nSvar: Det modificerede tr\u00e6v\u00e6rk mineraliseres og bliver dermed betydeligt h\u00e5rdere og t\u00e6ttere end almindeligt tr\u00e6v\u00e6rk. Derfor tr\u00e6nger ikke-d\u00e6kkende maling ind i tr\u00e6v\u00e6rket p\u00e5 samme m\u00e5de som i almindeligt tr\u00e6v\u00e6rk. Derfor bliver bindingen ringere mellem malingen og tr\u00e6fibrene.\u00a0OrganoWood\u00ae modificeret tr\u00e6v\u00e6rk b\u00f8r derfor ikke males over med konventionel maling.\u00a0Vi\u00a0arbejder i \u00f8jeblikket p\u00e5 at udvikle et milj\u00f8klassificeret malingssystem, som er specialtilpasset OrganoWood\u00ae modificeret paneltr\u00e6.<\/li>\n<li><strong>Hvordan \u00e6ldes OrganoWood\u00ae modificeret tr\u00e6v\u00e6rk?<\/strong><br \/>\nSvar: Tr\u00e6v\u00e6rket \u00e6ldes som almindeligt tr\u00e6v\u00e6rk og bliver s\u00f8lvgr\u00e5t med tiden. Hvor hurtigt tr\u00e6v\u00e6rket patineres afh\u00e6nger dog ganske meget af, hvor det placeres, i hvilket verdenshj\u00f8rne det st\u00e5r, og hvor udsat det er for vejr og vind. Generelt bliver splintveddet hurtigere gr\u00e5t end kerneveddet, fordi splintveddet suger vand og derfor bliver betydeligt mere fugtigt end kerneveddet. For at f\u00e5 en mere j\u00e6vn patineringsproces og mindsket risiko for fliskridtning anbefales behandling med OrganoWood\u00ae Smuds- og vandbeskyttelse, som mindsker fugtoptagelsen i splintveddet og f\u00e5r splintveddet og kernetr\u00e6et til at minde mere om hinanden. Denne effekt f\u00e5s ogs\u00e5 p\u00e5 OrganoWood\u00ae modificeret Select Plus-terrassetr\u00e6, som er impr\u00e6gneret med OrganoWood\u00ae Smuds- og vandbeskyttelse. For at f\u00f8lge OrganoWood\u00ae modificeret terrassetr\u00e6s \u00e6ldningsproces kan du se f\u00f8lgende\u00a0<u><a href=\"https:\/\/organowood.com\/da\/patineringsproces\/\" target=\"_blank\" rel=\"noopener\">billedeksempler<\/a><\/u>.<\/li>\n<li><strong>Mit tr\u00e6v\u00e6rk er blevet loddent af fibre. Hvad er det for noget?<\/strong><br \/>\nSvar: Et f\u00e6nomen, som kan forekomme p\u00e5 \u00e6ldet tr\u00e6, er s\u00e5kaldt fliskridtning (fiberluv), hvor fibre l\u00f8sner sig fra tr\u00e6v\u00e6rkets overflade. Dette f\u00e6nomen opst\u00e5r, fordi ligninet, som sammenbinder fibrene i tr\u00e6v\u00e6rket, nedbrydes af solens UV-str\u00e5ling, og det opst\u00e5r hurtigere i omr\u00e5der med kraftig soleksponering. Dette \u00f8del\u00e6gger ikke tr\u00e6v\u00e6rkets beskyttelse mod r\u00e5d, fordi det kun er de overfladiske fibre, der slipper, men \u00e6stetisk er det ikke p\u00e6nt.\u00a0 For flere informationer om fliskridtning kan du se\u00a0<u><a href=\"https:\/\/www.traguiden.se\/\">Svenskt tr\u00e4 tr\u00e4guiden<\/a><\/u>. Du kan nemt fjerne fiberluven ved hj\u00e6lp af en grov b\u00f8rste. B\u00f8rst de ber\u00f8rte omr\u00e5der, n\u00e5r tr\u00e6v\u00e6rket er t\u00f8rt, hvorefter overskuddet g\u00e5r l\u00f8st.<\/li>\n<\/ol>\n<h4><strong>Sp\u00f8rgsm\u00e5l om OrganoWoods tr\u00e6beskyttelsessystem<\/strong><\/h4>\n<ol>\n<li><strong>Hvilke tr\u00e6sorter virker OrganoWoods tr\u00e6beskyttelsessystem p\u00e5?<\/strong><br \/>\nSvar: Anvend OrganoWoods tr\u00e6beskyttelsessystem (OrganoWood\u00ae Flamme- og r\u00e5dbeskyttelse og OrganoWood\u00ae Smuds- og vandbeskyttelse) p\u00e5 tr\u00e6v\u00e6rk,\u00a0der har brug for forbedret overfladebeskyttelse, som f.eks.\u00a0fyr, gran, l\u00e6rk\u00a0og trykimpr\u00e6gneret tr\u00e6v\u00e6rk, men det fungerer p\u00e5 n\u00e6sten alle tr\u00e6sorter med et par undtagelser. Eksempler p\u00e5 anvendelsesomr\u00e5der er tr\u00e6konstruktioner, som st\u00e5r i moderat udsatte milj\u00f8er,\u00a0som f.eks. stakitplanker, paneler,\u00a0altaner af trykimpr\u00e6gneret\u00a0tr\u00e6v\u00e6rk\u00a0eller fugtige indend\u00f8rsmilj\u00f8er. For en komplet liste med tr\u00e6sorter som kan behandles, kan du kontakte vores eksperter og distribut\u00f8rer\u00a0<u><a href=\"https:\/\/www.wallmann.dk\/\" target=\"_blank\" rel=\"noopener\">Wallmann A\/S.<\/a><\/u><\/li>\n<li><strong>Kan jeg anvende OrganoWood\u00ae Smuds- og vandbeskyttelse som en terrasseolie?<\/strong><br \/>\nSvar: OrganoWood\u00ae Smuds- og vandbeskyttelse fungerer som en meget effektiv terrasseolie. Den kan anvendes p\u00e5 en trykimpr\u00e6gneret terrasse for at f\u00e5 h\u00f8jeffektive vandafvisende egenskaber og mindske risikoen for skimmel og overfladebegroning. Behandlingen fungerer ogs\u00e5 godt p\u00e5 andre tr\u00e6sorter, som l\u00e6rk, eg og andet \u00e6deltr\u00e6.<\/li>\n<li><strong>Kan jeg overmale OrganoWood\u00ae behandlet tr\u00e6v\u00e6rk?<\/strong><br \/>\nSvar: Tr\u00e6v\u00e6rk, som er behandlet med OrganoWoods tr\u00e6beskyttelsessystem,\u00a0mineraliseres og\u00a0skaber dermed en t\u00e6ttere struktur p\u00e5 tr\u00e6v\u00e6rkets overflade, som beskytter tr\u00e6v\u00e6rket. P\u00e5 grund af den t\u00e6ttere struktur tr\u00e6nger konventionel maling ikke ind i tr\u00e6v\u00e6rket p\u00e5 samme m\u00e5de som i almindeligt tr\u00e6v\u00e6rk. Derfor bliver bindingen ringere mellem malingen og tr\u00e6fibrene.\u00a0OrganoWood\u00ae behandlet tr\u00e6v\u00e6rk b\u00f8r derfor ikke males over med konventionel maling.\u00a0Vi\u00a0arbejder i \u00f8jeblikket p\u00e5 at udvikle et milj\u00f8klassificeret malingssystem, som er specialtilpasset OrganoWood\u00ae modificeret tr\u00e6v\u00e6rk.<\/li>\n<li><strong>Hvor l\u00e6nge holder overfladebehandlingen af ubehandlet tr\u00e6v\u00e6rk?<\/strong><br \/>\nSvar: Hvis ubehandlet tr\u00e6v\u00e6rk behandles i henhold til anbefalingerne (en overstrygning med OrganoWood\u00ae Flamme- og r\u00e5dbeskyttelse efterfulgt af to overstrygninger med OrganoWood\u00ae Smuds- og vandbeskyttelse.) Det er tid til at vedligeholde med OrganoWood 02. igen, n\u00e5r overfladen begynder at miste sin superhydrofobiske (vandafvisende) funktion. Det er ikke altid n\u00f8dvendigt at vedligeholde hele overfladen. Vedligeholdelse kan udf\u00f8res delvist, f.eks. gangarealet p\u00e5 en altan\/terrasse<\/li>\n<\/ol>\n<style>li {padding-bottom: 10px;}<\/style>\n","protected":false},"excerpt":{"rendered":"<p>Sp\u00f8rgsm\u00e5l om OrganoWood\u00ae modificeret terrassetr\u00e6 Hvordan fungerer OrganoWood\u00ae teknologien? Svar: OrganoWood Nowa kan ligne et almindeligt stykke tr\u00e6, men det er modificeret gennem krydsbinding af tr\u00e6fibrene, hvilket giver materialet en h\u00f8j modstand mod r\u00e5d. Den vandbaserede mineralblanding presses ind i tr\u00e6et. N\u00e5r vandet fordamper, binder molekylerne sig st\u00e6rkt til tr\u00e6fibrene. Derved bevares egenskaberne under langvarig &hellip; <a href=\"https:\/\/organowood.com\/da\/spoergsmaal-og-svar\/\">Continued<\/a><\/p>\n","protected":false},"author":4,"featured_media":0,"parent":0,"menu_order":0,"comment_status":"closed","ping_status":"closed","template":"","meta":{"_acf_changed":false,"footnotes":""},"class_list":["post-2869","page","type-page","status-publish","hentry"],"acf":[],"_links":{"self":[{"href":"https:\/\/organowood.com\/da\/wp-json\/wp\/v2\/pages\/2869","targetHints":{"allow":["GET"]}}],"collection":[{"href":"https:\/\/organowood.com\/da\/wp-json\/wp\/v2\/pages"}],"about":[{"href":"https:\/\/organowood.com\/da\/wp-json\/wp\/v2\/types\/page"}],"author":[{"embeddable":true,"href":"https:\/\/organowood.com\/da\/wp-json\/wp\/v2\/users\/4"}],"replies":[{"embeddable":true,"href":"https:\/\/organowood.com\/da\/wp-json\/wp\/v2\/comments?post=2869"}],"version-history":[{"count":6,"href":"https:\/\/organowood.com\/da\/wp-json\/wp\/v2\/pages\/2869\/revisions"}],"predecessor-version":[{"id":19910,"href":"https:\/\/organowood.com\/da\/wp-json\/wp\/v2\/pages\/2869\/revisions\/19910"}],"wp:attachment":[{"href":"https:\/\/organowood.com\/da\/wp-json\/wp\/v2\/media?parent=2869"}],"curies":[{"name":"wp","href":"https:\/\/api.w.org\/{rel}","templated":true}]}}