{"id":2867,"date":"2018-02-09T16:51:46","date_gmt":"2018-02-09T16:51:46","guid":{"rendered":"http:\/\/organowood.com\/?page_id=2867"},"modified":"2025-12-18T09:12:40","modified_gmt":"2025-12-18T09:12:40","slug":"kontakt","status":"publish","type":"page","link":"https:\/\/organowood.com\/da\/kontakt\/","title":{"rendered":"Kontakt"},"content":{"rendered":"<p><strong><span style=\"color: #6fa289;\">OrganoWood AB<\/span><br \/>\nLinjalv\u00e4gen 9-11<br \/>\nSE-187 66 T\u00e4by<br \/>\nSWEDEN<br \/>\n<\/strong><\/p>\n<p><strong>Du er velkommen til at kontakte os p\u00e5 e-mail eller telefon, hvis du har sp\u00f8rgsm\u00e5l om vores modificerede tr\u00e6v\u00e6rk.<\/strong><br \/>\nTelefon: +46 8 674 00 80<br \/>\nE-mail:&nbsp;<a href=\"mailto:info@organowood.com\">info@organowood.com<\/a><br \/>\n<a href=\"mailto:support@organowood.com\">support@organowood.com<\/a><\/p>\n<p><strong>Har du sp\u00f8rgsm\u00e5l om vores tr\u00e6beskyttelsesprodukter, kan du kontakte vores danske distribut\u00f8r <a href=\"https:\/\/welinoco.com\/\">Welin &amp; Co.<\/a><\/strong><br \/>\nTelefon: +46<span aria-label=\"Ring telefonnumret 08-544 104 40\"> 8-544 104 40<\/span><br \/>\nE-mail: <a href=\"mailto:info@welinoco.com\">info@welinoco.com<\/a><\/p>\n<p><strong>Er du forhandler og vil afgive en bestilling:<\/strong><br \/>\n<a href=\"mailto:order@organowood.com\">order@organowood.com<\/a><\/p>\n","protected":false},"excerpt":{"rendered":"<p>OrganoWood AB Linjalv\u00e4gen 9-11 SE-187 66 T\u00e4by SWEDEN Du er velkommen til at kontakte os p\u00e5 e-mail eller telefon, hvis du har sp\u00f8rgsm\u00e5l om vores modificerede tr\u00e6v\u00e6rk. Telefon: +46 8 674 00 80 E-mail:&nbsp;info@organowood.com support@organowood.com Har du sp\u00f8rgsm\u00e5l om vores tr\u00e6beskyttelsesprodukter, kan du kontakte vores danske distribut\u00f8r Welin &amp; Co. Telefon: +46 8-544 104 40 &hellip; <a href=\"https:\/\/organowood.com\/da\/kontakt\/\">Continued<\/a><\/p>\n","protected":false},"author":1,"featured_media":0,"parent":0,"menu_order":0,"comment_status":"closed","ping_status":"closed","template":"views\/template-contact.blade.php","meta":{"_acf_changed":false,"footnotes":""},"class_list":["post-2867","page","type-page","status-publish","hentry"],"acf":[],"_links":{"self":[{"href":"https:\/\/organowood.com\/da\/wp-json\/wp\/v2\/pages\/2867","targetHints":{"allow":["GET"]}}],"collection":[{"href":"https:\/\/organowood.com\/da\/wp-json\/wp\/v2\/pages"}],"about":[{"href":"https:\/\/organowood.com\/da\/wp-json\/wp\/v2\/types\/page"}],"author":[{"embeddable":true,"href":"https:\/\/organowood.com\/da\/wp-json\/wp\/v2\/users\/1"}],"replies":[{"embeddable":true,"href":"https:\/\/organowood.com\/da\/wp-json\/wp\/v2\/comments?post=2867"}],"version-history":[{"count":7,"href":"https:\/\/organowood.com\/da\/wp-json\/wp\/v2\/pages\/2867\/revisions"}],"predecessor-version":[{"id":19947,"href":"https:\/\/organowood.com\/da\/wp-json\/wp\/v2\/pages\/2867\/revisions\/19947"}],"wp:attachment":[{"href":"https:\/\/organowood.com\/da\/wp-json\/wp\/v2\/media?parent=2867"}],"curies":[{"name":"wp","href":"https:\/\/api.w.org\/{rel}","templated":true}]}}