{"id":2849,"date":"2019-02-11T14:19:00","date_gmt":"2019-02-11T14:19:00","guid":{"rendered":"http:\/\/organowood.com\/?page_id=2849"},"modified":"2024-01-08T11:47:21","modified_gmt":"2024-01-08T11:47:21","slug":"traerengoring","status":"publish","type":"page","link":"https:\/\/organowood.com\/da\/traebeskyttelse\/traerengoring\/","title":{"rendered":"Tr\u00e6reng\u00f8ring"},"content":{"rendered":"<p><strong>Et superkoncentreret reng\u00f8ringsmiddel<\/strong><br \/>\nOrganoWood\u00ae Tr\u00e6reng\u00f8ring er et vandbaseret superkoncentrat, som anvendes til reng\u00f8ring af let eller meget tilsmudsede tr\u00e6overflader udend\u00f8rs.<\/p>\n<p><strong>FORBRUG<\/strong><br \/>\nUniversalrens: 1 dl OrganoWood\u00ae Tr\u00e6reng\u00f8ring blandes i 5 liter lunkent vand.<br \/>\nGrovrens: 2 dl OrganoWood\u00ae Tr\u00e6reng\u00f8ring blandes i 5 liter lunkent vand.<\/p>\n<p>Efter grovrens af tr\u00e6v\u00e6rket anbefales efterbehandling med <a href=\"https:\/\/organowood.com\/da\/traebeskyttelse\/02-overfladebeskyttelse\/\">OrganoWood\u00ae 02. Overfladebeskyttelse<\/a> til helt at genoprette tr\u00e6overfladens vandafvisende effekt.<\/p>\n<p><strong>Milj\u00f8 og holdbarhed<\/strong><br \/>\nOrganoWood\u00ae Tr\u00e6reng\u00f8ring indeholder kun stoffer, der kan f\u00f8res tilbage til det naturlige kredsl\u00f8b. Produktet er milj\u00f8m\u00e6rket \u201dBra Milj\u00f6val\u201d, milj\u00f8klassificeret B af SundaHus og anbefales af Byggvarubed\u00f6mningen samt BASTA. Samtlige stoffer, der findes i produktet, er klassificeret som ufarlige for milj\u00f8et i henhold til Kemikalieinspektionen. For flere informationer om det p\u00e5g\u00e6ldende produkts holdbarhed, p\u00e5f\u00f8ring og tekniske specifikationer kan du se produktets <a href=\"https:\/\/organowood.com\/wp-content\/uploads\/2019\/02\/OrganoWood-03.-Tr%C3%A4reng%C3%B6ring_DK.pdf\" target=\"_blank\" rel=\"noopener noreferrer\">produktblad.<\/a><\/p>\n","protected":false},"excerpt":{"rendered":"<p>Et superkoncentreret reng\u00f8ringsmiddel OrganoWood\u00ae Tr\u00e6reng\u00f8ring er et vandbaseret superkoncentrat, som anvendes til reng\u00f8ring af let eller meget tilsmudsede tr\u00e6overflader udend\u00f8rs. FORBRUG Universalrens: 1 dl OrganoWood\u00ae Tr\u00e6reng\u00f8ring blandes i 5 liter lunkent vand. Grovrens: 2 dl OrganoWood\u00ae Tr\u00e6reng\u00f8ring blandes i 5 liter lunkent vand. Efter grovrens af tr\u00e6v\u00e6rket anbefales efterbehandling med OrganoWood\u00ae 02. Overfladebeskyttelse til helt &hellip; <a href=\"https:\/\/organowood.com\/da\/traebeskyttelse\/traerengoring\/\">Continued<\/a><\/p>\n","protected":false},"author":4,"featured_media":6189,"parent":2846,"menu_order":3,"comment_status":"closed","ping_status":"closed","template":"views\/template-product.blade.php","meta":{"_acf_changed":false,"footnotes":""},"class_list":["post-2849","page","type-page","status-publish","has-post-thumbnail","hentry"],"acf":[],"_links":{"self":[{"href":"https:\/\/organowood.com\/da\/wp-json\/wp\/v2\/pages\/2849","targetHints":{"allow":["GET"]}}],"collection":[{"href":"https:\/\/organowood.com\/da\/wp-json\/wp\/v2\/pages"}],"about":[{"href":"https:\/\/organowood.com\/da\/wp-json\/wp\/v2\/types\/page"}],"author":[{"embeddable":true,"href":"https:\/\/organowood.com\/da\/wp-json\/wp\/v2\/users\/4"}],"replies":[{"embeddable":true,"href":"https:\/\/organowood.com\/da\/wp-json\/wp\/v2\/comments?post=2849"}],"version-history":[{"count":5,"href":"https:\/\/organowood.com\/da\/wp-json\/wp\/v2\/pages\/2849\/revisions"}],"predecessor-version":[{"id":7898,"href":"https:\/\/organowood.com\/da\/wp-json\/wp\/v2\/pages\/2849\/revisions\/7898"}],"up":[{"embeddable":true,"href":"https:\/\/organowood.com\/da\/wp-json\/wp\/v2\/pages\/2846"}],"wp:featuredmedia":[{"embeddable":true,"href":"https:\/\/organowood.com\/da\/wp-json\/wp\/v2\/media\/6189"}],"wp:attachment":[{"href":"https:\/\/organowood.com\/da\/wp-json\/wp\/v2\/media?parent=2849"}],"curies":[{"name":"wp","href":"https:\/\/api.w.org\/{rel}","templated":true}]}}