{"id":2848,"date":"2019-02-11T14:13:40","date_gmt":"2019-02-11T14:13:40","guid":{"rendered":"http:\/\/organowood.com\/?page_id=2848"},"modified":"2024-01-08T11:45:48","modified_gmt":"2024-01-08T11:45:48","slug":"02-overfladebeskyttelse","status":"publish","type":"page","link":"https:\/\/organowood.com\/da\/traebeskyttelse\/02-overfladebeskyttelse\/","title":{"rendered":"02 Overfladebeskyttelse"},"content":{"rendered":"<p><strong>Overfladebeskyttelse mod vejr og vind og for et sk\u00f8nnere tr\u00e6v\u00e6rk<\/strong><br \/>\nOrganoWood\u00ae 02 Overfladebeskyttelse\u00a0 er et vandbaseret tr\u00e6beskyttelsesprodukt, som er udviklet for at forbedre tr\u00e6ets udvendige beskyttelse mod smuds og vand. Produktet best\u00e5r af kiselmineraler og naturlige v\u00e6kststoffer. N\u00e5r v\u00e6sken h\u00e6rdes, dannes en ekstremt vandafvisende (superhydrofobisk) overflade omkring tr\u00e6fibrene, som reducerer indtr\u00e6ngen af fugt, vand og vandb\u00e5ren snavs. Desuden mindskes tr\u00e6v\u00e6rkets fugtbev\u00e6gelser, som modvirker revnedannelse og f\u00f8rer til en mere j\u00e6vn patineringsproces.<\/p>\n<p><strong>Anvendelsesomr\u00e5der<\/strong><br \/>\nOrganoWood\u00ae 02. absorberes nemt af ubehandlet tr\u00e6materiale, OrganoWood\u00ae tr\u00e6v\u00e6rk og tr\u00e6v\u00e6rk behandlet med OrganoWood\u00ae 01. Tr\u00e6beskyttelse. Produktet er fremstillet specielt til overfladebehandling og vedligeholdelse af OrganoWood\u00ae tr\u00e6v\u00e6rk. Produktet kan ogs\u00e5 anvendes p\u00e5 andet tr\u00e6v\u00e6rk, f.eks. traditionelt trykimpr\u00e6gneret, l\u00e6rk og kernefyr. Det behandlede tr\u00e6 f\u00e5r en overfladebeskyttelse og skaber i kombination med OrganoWood\u00ae 01. en komplet tr\u00e6beskyttelse.<\/p>\n<p><strong>Farve<\/strong><br \/>\nOrganoWood\u00ae 02. Tr\u00e6beskyttelse er en vandbaseret emulsion med et hvidt, m\u00e6lkeagtigt udseende, som ikke farver tr\u00e6v\u00e6rket ved behandling. Med tiden lader det tr\u00e6v\u00e6rket \u00e6ldes og patineres naturligt, indtil det f\u00e5r en sk\u00f8n s\u00f8lvgr\u00e5 nuance.<\/p>\n<p><strong>Milj\u00f8 og holdbarhed<\/strong><br \/>\nOrganoWood\u00ae 02 Tr\u00e6beskyttelse indeholder kun stoffer, der kan f\u00f8res tilbage til det naturlige kredsl\u00f8b. Produktet har f\u00e5et milj\u00f8klassificeringen B af SundaHus og anbefales af Byggvarubed\u00f6mningen samt BASTA. For flere informationer om det p\u00e5g\u00e6ldende produkts holdbarhed, p\u00e5f\u00f8ring og tekniske specifikationer kan du se produktets <a href=\"https:\/\/organowood.com\/wp-content\/uploads\/2019\/02\/OrganoWood-02.-Tr%C3%A4skydd.-Smutts-och-vattenskydd_DK.pdf\" target=\"_blank\" rel=\"noopener noreferrer\">produktblad<\/a>.<\/p>\n<p>OrganoWood\u00ae 02. Tr\u00e6beskyttelse er listet i Svanens husproduktportal og kan anvendes i Svanem\u00e6rkede projekter.<\/p>\n","protected":false},"excerpt":{"rendered":"<p>Overfladebeskyttelse mod vejr og vind og for et sk\u00f8nnere tr\u00e6v\u00e6rk OrganoWood\u00ae 02 Overfladebeskyttelse\u00a0 er et vandbaseret tr\u00e6beskyttelsesprodukt, som er udviklet for at forbedre tr\u00e6ets udvendige beskyttelse mod smuds og vand. Produktet best\u00e5r af kiselmineraler og naturlige v\u00e6kststoffer. N\u00e5r v\u00e6sken h\u00e6rdes, dannes en ekstremt vandafvisende (superhydrofobisk) overflade omkring tr\u00e6fibrene, som reducerer indtr\u00e6ngen af fugt, vand og &hellip; <a href=\"https:\/\/organowood.com\/da\/traebeskyttelse\/02-overfladebeskyttelse\/\">Continued<\/a><\/p>\n","protected":false},"author":4,"featured_media":6348,"parent":2846,"menu_order":2,"comment_status":"closed","ping_status":"closed","template":"views\/template-product.blade.php","meta":{"_acf_changed":false,"footnotes":""},"class_list":["post-2848","page","type-page","status-publish","has-post-thumbnail","hentry"],"acf":[],"_links":{"self":[{"href":"https:\/\/organowood.com\/da\/wp-json\/wp\/v2\/pages\/2848","targetHints":{"allow":["GET"]}}],"collection":[{"href":"https:\/\/organowood.com\/da\/wp-json\/wp\/v2\/pages"}],"about":[{"href":"https:\/\/organowood.com\/da\/wp-json\/wp\/v2\/types\/page"}],"author":[{"embeddable":true,"href":"https:\/\/organowood.com\/da\/wp-json\/wp\/v2\/users\/4"}],"replies":[{"embeddable":true,"href":"https:\/\/organowood.com\/da\/wp-json\/wp\/v2\/comments?post=2848"}],"version-history":[{"count":5,"href":"https:\/\/organowood.com\/da\/wp-json\/wp\/v2\/pages\/2848\/revisions"}],"predecessor-version":[{"id":7896,"href":"https:\/\/organowood.com\/da\/wp-json\/wp\/v2\/pages\/2848\/revisions\/7896"}],"up":[{"embeddable":true,"href":"https:\/\/organowood.com\/da\/wp-json\/wp\/v2\/pages\/2846"}],"wp:featuredmedia":[{"embeddable":true,"href":"https:\/\/organowood.com\/da\/wp-json\/wp\/v2\/media\/6348"}],"wp:attachment":[{"href":"https:\/\/organowood.com\/da\/wp-json\/wp\/v2\/media?parent=2848"}],"curies":[{"name":"wp","href":"https:\/\/api.w.org\/{rel}","templated":true}]}}