{"id":2847,"date":"2019-02-11T14:08:38","date_gmt":"2019-02-11T14:08:38","guid":{"rendered":"http:\/\/organowood.com\/?page_id=2847"},"modified":"2024-01-08T11:46:56","modified_gmt":"2024-01-08T11:46:56","slug":"01-traebeskyttelse","status":"publish","type":"page","link":"https:\/\/organowood.com\/da\/traebeskyttelse\/01-traebeskyttelse\/","title":{"rendered":"01 Tr\u00e6beskyttelse"},"content":{"rendered":"<p><strong>Tr\u00e6beskyttelse\u00a0mod r\u00e5d<\/strong><br \/>\nOrganoWood\u00ae 01. Tr\u00e6beskyttelse\u00a0 er et vandbaseret tr\u00e6beskyttelsesprodukt, som best\u00e5r af kiselmineraler og naturlige v\u00e6kststoffer. Det behandlede tr\u00e6v\u00e6rk bliver beskyttet mod r\u00e5dangreb og tilf\u00f8res flammebeskyttende egenskaber.<\/p>\n<p><strong>Anvendelsesomr\u00e5der<\/strong><br \/>\nProduktet kan med nogle f\u00e5 undtagelser anvendes til overfladebehandling af stort set alt ubehandlet og trykimpr\u00e6gneret tr\u00e6. Behandlingen fungerer godt p\u00e5 absorberende tr\u00e6sorter som f.eks. fyr og gran. Anvendes produktet p\u00e5 tr\u00e6sorter med lav absorberingsevne, kan der opst\u00e5 en kort farveforandring. Sammen med OrganoWood\u00ae 02. Overfladebeskyttelse skaber et komplet tr\u00e6beskyttelsessystem, som yderligere forl\u00e6nger tr\u00e6ets levetid, modvirker fugtskader og overfladebegroning. OrganoWood\u00ae 01. Tr\u00e6beskyttelse skal anvendes p\u00e5 snitflader, hultagning og anden mindre bearbejdning ved montering af OrganoWood\u00ae eller p\u00e5 andre tr\u00e6sorter\/behandlinger af tr\u00e6 til udend\u00f8rsbrug.<\/p>\n<p><strong>Farve<\/strong><br \/>\nOrganoWood\u00ae 01. Tr\u00e6beskyttelse er farvel\u00f8s og \u00e6ndrer ikke tr\u00e6v\u00e6rkets farve n\u00e6vnev\u00e6rdigt direkte efter p\u00e5f\u00f8ring. Det behandlede tr\u00e6v\u00e6rk f\u00e5r med tiden en sk\u00f8n s\u00f8lvgr\u00e5 nuance.<\/p>\n<p><strong>Milj\u00f8 og holdbarhed<\/strong><br \/>\nOrganoWood\u00ae 01. Tr\u00e6beskyttelse indeholder kun stoffer, der kan f\u00f8res tilbage til det naturlige kredsl\u00f8b. Produktet er milj\u00f8m\u00e6rket \u201dBra Milj\u00f6val\u201d, milj\u00f8klassificeret B af SundaHus og anbefales af Byggvarubed\u00f6mningen samt BASTA. Samtlige stoffer, der findes i produktet, er klassificeret som ufarlige for milj\u00f8et i henhold til Kemikalieinspektionen. For flere informationer om det p\u00e5g\u00e6ldende produkts holdbarhed, p\u00e5f\u00f8ring og tekniske specifikationer kan du se produktets <a href=\"https:\/\/organowood.com\/wp-content\/uploads\/2019\/02\/OrganoWood-01.-Tr%C3%A4skydd.-Flam-och-r%C3%B6tskydd_DK.pdf\" target=\"_blank\" rel=\"noopener noreferrer\">produktblad.<\/a><\/p>\n<p>OrganoWood\u00ae 01. Tr\u00e6beskyttelse er listet i Svanens husproduktportal og kan anvendes i Svanem\u00e6rkede projekter.<\/p>\n","protected":false},"excerpt":{"rendered":"<p>Tr\u00e6beskyttelse\u00a0mod r\u00e5d OrganoWood\u00ae 01. Tr\u00e6beskyttelse\u00a0 er et vandbaseret tr\u00e6beskyttelsesprodukt, som best\u00e5r af kiselmineraler og naturlige v\u00e6kststoffer. Det behandlede tr\u00e6v\u00e6rk bliver beskyttet mod r\u00e5dangreb og tilf\u00f8res flammebeskyttende egenskaber. Anvendelsesomr\u00e5der Produktet kan med nogle f\u00e5 undtagelser anvendes til overfladebehandling af stort set alt ubehandlet og trykimpr\u00e6gneret tr\u00e6. Behandlingen fungerer godt p\u00e5 absorberende tr\u00e6sorter som f.eks. fyr og &hellip; <a href=\"https:\/\/organowood.com\/da\/traebeskyttelse\/01-traebeskyttelse\/\">Continued<\/a><\/p>\n","protected":false},"author":4,"featured_media":6341,"parent":2846,"menu_order":1,"comment_status":"closed","ping_status":"closed","template":"views\/template-product.blade.php","meta":{"_acf_changed":false,"footnotes":""},"class_list":["post-2847","page","type-page","status-publish","has-post-thumbnail","hentry"],"acf":[],"_links":{"self":[{"href":"https:\/\/organowood.com\/da\/wp-json\/wp\/v2\/pages\/2847","targetHints":{"allow":["GET"]}}],"collection":[{"href":"https:\/\/organowood.com\/da\/wp-json\/wp\/v2\/pages"}],"about":[{"href":"https:\/\/organowood.com\/da\/wp-json\/wp\/v2\/types\/page"}],"author":[{"embeddable":true,"href":"https:\/\/organowood.com\/da\/wp-json\/wp\/v2\/users\/4"}],"replies":[{"embeddable":true,"href":"https:\/\/organowood.com\/da\/wp-json\/wp\/v2\/comments?post=2847"}],"version-history":[{"count":5,"href":"https:\/\/organowood.com\/da\/wp-json\/wp\/v2\/pages\/2847\/revisions"}],"predecessor-version":[{"id":7897,"href":"https:\/\/organowood.com\/da\/wp-json\/wp\/v2\/pages\/2847\/revisions\/7897"}],"up":[{"embeddable":true,"href":"https:\/\/organowood.com\/da\/wp-json\/wp\/v2\/pages\/2846"}],"wp:featuredmedia":[{"embeddable":true,"href":"https:\/\/organowood.com\/da\/wp-json\/wp\/v2\/media\/6341"}],"wp:attachment":[{"href":"https:\/\/organowood.com\/da\/wp-json\/wp\/v2\/media?parent=2847"}],"curies":[{"name":"wp","href":"https:\/\/api.w.org\/{rel}","templated":true}]}}