{"id":2846,"date":"2019-02-11T13:57:15","date_gmt":"2019-02-11T13:57:15","guid":{"rendered":"http:\/\/organowood.com\/?page_id=2846"},"modified":"2025-09-01T09:22:11","modified_gmt":"2025-09-01T09:22:11","slug":"traebeskyttelse","status":"publish","type":"page","link":"https:\/\/organowood.com\/da\/traebeskyttelse\/","title":{"rendered":"Tr\u00e6beskyttelse"},"content":{"rendered":"<h4>Milj\u00f8klassificeret\u00a0overfladebehandlings- og vedligeholdelsessystem til tr\u00e6v\u00e6rk<\/h4>\n<p>OrganoWood har fremstillet tre overfladebehandlingsprodukter, som sammen danner et komplet tr\u00e6beskyttelsessystem. Overfladebehandlingerne kan anvendes lige s\u00e5 godt p\u00e5 OrganoWood\u00ae modificeret tr\u00e6v\u00e6rk som p\u00e5 andet tr\u00e6v\u00e6rk, som f.eks. traditionelt trykimpr\u00e6gneret tr\u00e6, ceder, l\u00e6rk mv. Ved anvendelse af OrganoWoods tr\u00e6beskyttelsessystem p\u00e5 tr\u00e6 udend\u00f8rs f\u00e5r tr\u00e6et en h\u00e5rdere, glattere overflade og en sk\u00f8n s\u00f8lvgr\u00e5 nuance.<\/p>\n<p><strong>OrganoWood\u00ae 01. Tr\u00e6beskyttelse<\/strong>\u00a0anvendes som grundbehandling p\u00e5 tr\u00e6 for at give tr\u00e6et en forbedret beskyttelse mod ild og r\u00e5d. OrganoWood\u00ae 01. Tr\u00e6beskyttelse har en blegende effekt p\u00e5 tr\u00e6 og skaber en h\u00e5rdere overflade, som opleves glattere og med mindre tilb\u00f8jelighed til revner. Produktet skal anvendes p\u00e5 OrganoWood\u00ae modificeret tr\u00e6s snitflade og endetr\u00e6 samt p\u00e5 andet ubehandlet eller behandlet tr\u00e6, hvor der \u00f8nskes ekstra r\u00e5d- og flammebeskyttelse. OrganoWood\u00ae modificeret tr\u00e6v\u00e6rk beh\u00f8ver ikke \u2013 ud over snitflader og endetr\u00e6 \u2013 at blive behandlet med OrganoWood\u00ae 01. Tr\u00e6beskyttelse. Produktet er milj\u00f8m\u00e6rket med Naturskyddsf\u00f6reningens Bra Milj\u00f6val.<\/p>\n<p><strong>OrganoWood\u00ae 02. Tr\u00e6beskyttelse: Smuds- og vandbeskyttelse<\/strong>\u00a0anvendes som slutbehandling i OrganoWoods tr\u00e6beskyttelsessystem og som vedligeholdelsesbehandling af OrganoWoods modificerede tr\u00e6v\u00e6rk. Produktet giver tr\u00e6 vand- og smudsafvisende egenskaber, mindsket risiko for overfladebegroning samt en overflade, som er nemmere at reng\u00f8re.<\/p>\n<p><strong>OrganoWood\u00ae 03. Tr\u00e6rens<\/strong>\u00a0anvendes til reng\u00f8ring inden behandling med produkterne i tr\u00e6beskyttelsessystemet og til regelm\u00e6ssig vedligeholdelse. Produktet er milj\u00f8m\u00e6rket med Naturskyddsf\u00f6reningens Bra Milj\u00f6val.<\/p>\n<p>Har du sp\u00f8rgsm\u00e5l om OrganoWoods overfladebehandlingsprodukter, kan du kontakte vores distribut\u00f8r\u00a0<a href=\"https:\/\/welinoco.com\/sv\" target=\"_blank\" rel=\"noopener noreferrer\">Welin &amp; Co.<\/a><\/p>\n<hr \/>\n<p><img loading=\"lazy\" decoding=\"async\" class=\"alignnone wp-image-358\" src=\"https:\/\/organowood.emilaspman.se\/wp-content\/uploads\/2018\/03\/sponsor-byggvarubedomningen@2x-300x39.png\" sizes=\"auto, (max-width: 238px) 100vw, 238px\" srcset=\"https:\/\/organowood.com\/wp-content\/uploads\/2018\/03\/sponsor-byggvarubedomningen@2x-300x39.png 300w, https:\/\/organowood.com\/wp-content\/uploads\/2018\/03\/sponsor-byggvarubedomningen@2x.png 386w\" alt=\"\" width=\"238\" height=\"31\" \/>\u00a0 \u00a0\u00a0\u00a0<img loading=\"lazy\" decoding=\"async\" class=\"alignnone wp-image-359\" src=\"https:\/\/organowood.emilaspman.se\/wp-content\/uploads\/2018\/03\/Climate-Solver-badge-300x300.png\" sizes=\"auto, (max-width: 93px) 100vw, 93px\" srcset=\"https:\/\/organowood.com\/wp-content\/uploads\/2018\/03\/Climate-Solver-badge-300x300.png 300w, https:\/\/organowood.com\/wp-content\/uploads\/2018\/03\/Climate-Solver-badge-150x150.png 150w, https:\/\/organowood.com\/wp-content\/uploads\/2018\/03\/Climate-Solver-badge.png 720w\" alt=\"\" width=\"93\" height=\"93\" \/>\u00a0\u00a0<img loading=\"lazy\" decoding=\"async\" class=\"alignnone wp-image-360\" src=\"https:\/\/organowood.emilaspman.se\/wp-content\/uploads\/2018\/03\/d1hhhba0eqx5qivujov8.jpg\" sizes=\"auto, (max-width: 93px) 100vw, 93px\" srcset=\"https:\/\/organowood.com\/wp-content\/uploads\/2018\/03\/d1hhhba0eqx5qivujov8.jpg 220w, https:\/\/organowood.com\/wp-content\/uploads\/2018\/03\/d1hhhba0eqx5qivujov8-150x150.jpg 150w\" alt=\"\" width=\"93\" height=\"93\" \/>\u00a0\u00a0<img loading=\"lazy\" decoding=\"async\" class=\"alignnone wp-image-361\" src=\"https:\/\/organowood.emilaspman.se\/wp-content\/uploads\/2018\/03\/Sustainia-100-kopia-300x300.png\" sizes=\"auto, (max-width: 92px) 100vw, 92px\" srcset=\"https:\/\/organowood.com\/wp-content\/uploads\/2018\/03\/Sustainia-100-kopia-300x300.png 300w, https:\/\/organowood.com\/wp-content\/uploads\/2018\/03\/Sustainia-100-kopia-150x150.png 150w, https:\/\/organowood.com\/wp-content\/uploads\/2018\/03\/Sustainia-100-kopia.png 600w\" alt=\"\" width=\"92\" height=\"92\" \/>\u00a0<img loading=\"lazy\" decoding=\"async\" class=\"alignnone wp-image-2203\" src=\"https:\/\/organowood.com\/wp-content\/uploads\/2018\/10\/basta-logo.png\" alt=\"\" width=\"89\" height=\"84\" \/>\u00a0 <img loading=\"lazy\" decoding=\"async\" class=\"alignnone wp-image-2204\" src=\"https:\/\/organowood.com\/wp-content\/uploads\/2018\/10\/logo-bmv-gron-utantext.jpg\" alt=\"\" width=\"93\" height=\"92\" \/>\u00a0\u00a0 <img loading=\"lazy\" decoding=\"async\" class=\"alignnone wp-image-2202\" src=\"https:\/\/organowood.com\/wp-content\/uploads\/2018\/10\/sundahus-logo-220x30.png\" alt=\"\" width=\"189\" height=\"63\" \/><\/p>\n","protected":false},"excerpt":{"rendered":"<p>Milj\u00f8klassificeret\u00a0overfladebehandlings- og vedligeholdelsessystem til tr\u00e6v\u00e6rk OrganoWood har fremstillet tre overfladebehandlingsprodukter, som sammen danner et komplet tr\u00e6beskyttelsessystem. Overfladebehandlingerne kan anvendes lige s\u00e5 godt p\u00e5 OrganoWood\u00ae modificeret tr\u00e6v\u00e6rk som p\u00e5 andet tr\u00e6v\u00e6rk, som f.eks. traditionelt trykimpr\u00e6gneret tr\u00e6, ceder, l\u00e6rk mv. Ved anvendelse af OrganoWoods tr\u00e6beskyttelsessystem p\u00e5 tr\u00e6 udend\u00f8rs f\u00e5r tr\u00e6et en h\u00e5rdere, glattere overflade og en sk\u00f8n &hellip; <a href=\"https:\/\/organowood.com\/da\/traebeskyttelse\/\">Continued<\/a><\/p>\n","protected":false},"author":4,"featured_media":0,"parent":0,"menu_order":0,"comment_status":"closed","ping_status":"closed","template":"views\/template-product-archive.blade.php","meta":{"_acf_changed":false,"footnotes":""},"class_list":["post-2846","page","type-page","status-publish","hentry"],"acf":[],"_links":{"self":[{"href":"https:\/\/organowood.com\/da\/wp-json\/wp\/v2\/pages\/2846","targetHints":{"allow":["GET"]}}],"collection":[{"href":"https:\/\/organowood.com\/da\/wp-json\/wp\/v2\/pages"}],"about":[{"href":"https:\/\/organowood.com\/da\/wp-json\/wp\/v2\/types\/page"}],"author":[{"embeddable":true,"href":"https:\/\/organowood.com\/da\/wp-json\/wp\/v2\/users\/4"}],"replies":[{"embeddable":true,"href":"https:\/\/organowood.com\/da\/wp-json\/wp\/v2\/comments?post=2846"}],"version-history":[{"count":6,"href":"https:\/\/organowood.com\/da\/wp-json\/wp\/v2\/pages\/2846\/revisions"}],"predecessor-version":[{"id":19877,"href":"https:\/\/organowood.com\/da\/wp-json\/wp\/v2\/pages\/2846\/revisions\/19877"}],"wp:attachment":[{"href":"https:\/\/organowood.com\/da\/wp-json\/wp\/v2\/media?parent=2846"}],"curies":[{"name":"wp","href":"https:\/\/api.w.org\/{rel}","templated":true}]}}