{"id":2821,"date":"2019-02-11T13:13:33","date_gmt":"2019-02-11T13:13:33","guid":{"rendered":"http:\/\/organowood.com\/?page_id=2821"},"modified":"2021-01-05T08:53:27","modified_gmt":"2021-01-05T08:53:27","slug":"paneltrae","status":"publish","type":"page","link":"https:\/\/organowood.com\/da\/paneltrae\/","title":{"rendered":"Paneltr\u00e6"},"content":{"rendered":"<h4>Paneltr\u00e6 til et milj\u00f8klassificeret panel<\/h4>\n<p>OrganoWood\u00ae modificeret paneltr\u00e6 plus er milj\u00f8klassificeret tr\u00e6 modificeret med kisel, som giver en lang holdbarhed og en sk\u00f8n, s\u00f8lvgr\u00e5 nuance. Den patenterede teknologi giver tr\u00e6et r\u00e5dbeskyttelse, skaber en vandafvisende overflade og en forbedret flammebeskyttelse.<\/p>\n<hr>\n<p><strong>Paneltr\u00e6 til kr\u00e6vende forhold<\/strong><br \/>\nOrganoWood\u00ae modificeret paneltr\u00e6 er udviklet til effektivt at kunne modst\u00e5 udend\u00f8rsforholdene. R\u00e5dbeskyttelsen er testet af RISE (SP) iht. den europ\u00e6iske EN 113-test.<\/p>\n<p>Hvert projekt er unikt. Derfor fremstiller vi \u2013 foruden vores lagerf\u00f8rte profiler \u2013 ogs\u00e5 OrganoWood\u00ae modificeret paneltr\u00e6 p\u00e5 bestilling i de dimensioner og materialer, der \u00f8nskes. For absolut bedste resultat trykimpr\u00e6gnerer vi OrganoWood\u00ae modificeret paneltr\u00e6 med kisel. Vi har et n\u00e6rt samarbejde med vores tr\u00e6leverand\u00f8rer, som har et bredt udvalg af forskellige dimensioner og profiler.<\/p>\n<p>Paneltr\u00e6et er i sin standardform naturfarvet og f\u00e5r med tiden en sk\u00f8n s\u00f8lvgr\u00e5 nuance. Tr\u00e6v\u00e6rket udv\u00e6lges omhyggeligt blandt svensk h\u00f8jkvalitetsgran fra de bedste distrikter.<\/p>\n<hr>\n<h4>Milj\u00f8 og genvinding<\/h4>\n<p>OrganoWood\u00ae paneltr\u00e6 er et milj\u00f8klassificeret alternativ til traditionelt trykimpr\u00e6gneret tr\u00e6v\u00e6rk. Paneltr\u00e6et indeholder kun stoffer, der kan f\u00f8res tilbage til det naturlige kredsl\u00f8b. Derfor er det ikke n\u00f8dvendigt at indsamle tr\u00e6v\u00e6rket som milj\u00f8farligt affald. I stedet kan det genvindes som ubehandlet tr\u00e6v\u00e6rk i henhold til lokale forskrifter.&nbsp;Alle stoffer, som paneltr\u00e6et indeholder, er klassificeret som ufarlige for milj\u00f8et i henhold til CLP-forordningen (EF nr. 1272\/2008).<\/p>\n<p>OrganoWood\u00ae tr\u00e6v\u00e6rk er godkendt til byggeri af Svanem\u00e6rkede huse og bygninger.<\/p>\n<h4>Garanti<\/h4>\n<p>OrganoWoods paneltr\u00e6 er omfattet af en 10-\u00e5rig r\u00e5dbeskyttelsesgaranti&nbsp;(<a href=\"https:\/\/organowood.com\/wp-content\/uploads\/2019\/02\/Garantisedel_DK.pdf\" target=\"_blank\" rel=\"noopener noreferrer\">se&nbsp;garantibevis<\/a>).<\/p>\n<hr>\n<p><img loading=\"lazy\" decoding=\"async\" class=\"alignnone size-full wp-image-2483\" src=\"https:\/\/organowood.com\/wp-content\/uploads\/2018\/11\/Paneldimensioner.jpg\" alt=\"\" width=\"2480\" height=\"2303\"><\/p>\n<hr>\n<p><strong>Panelbrochurer og tegninger p\u00e5 standardprofiler.<\/strong><\/p>\n","protected":false},"excerpt":{"rendered":"<p>Paneltr\u00e6 til et milj\u00f8klassificeret panel OrganoWood\u00ae modificeret paneltr\u00e6 plus er milj\u00f8klassificeret tr\u00e6 modificeret med kisel, som giver en lang holdbarhed og en sk\u00f8n, s\u00f8lvgr\u00e5 nuance. Den patenterede teknologi giver tr\u00e6et r\u00e5dbeskyttelse, skaber en vandafvisende overflade og en forbedret flammebeskyttelse. Paneltr\u00e6 til kr\u00e6vende forhold OrganoWood\u00ae modificeret paneltr\u00e6 er udviklet til effektivt at kunne modst\u00e5 udend\u00f8rsforholdene. R\u00e5dbeskyttelsen &hellip; <a href=\"https:\/\/organowood.com\/da\/paneltrae\/\">Continued<\/a><\/p>\n","protected":false},"author":4,"featured_media":157,"parent":0,"menu_order":3,"comment_status":"closed","ping_status":"closed","template":"views\/template-product.blade.php","meta":{"_acf_changed":false,"footnotes":""},"class_list":["post-2821","page","type-page","status-publish","has-post-thumbnail","hentry"],"acf":[],"_links":{"self":[{"href":"https:\/\/organowood.com\/da\/wp-json\/wp\/v2\/pages\/2821","targetHints":{"allow":["GET"]}}],"collection":[{"href":"https:\/\/organowood.com\/da\/wp-json\/wp\/v2\/pages"}],"about":[{"href":"https:\/\/organowood.com\/da\/wp-json\/wp\/v2\/types\/page"}],"author":[{"embeddable":true,"href":"https:\/\/organowood.com\/da\/wp-json\/wp\/v2\/users\/4"}],"replies":[{"embeddable":true,"href":"https:\/\/organowood.com\/da\/wp-json\/wp\/v2\/comments?post=2821"}],"version-history":[{"count":4,"href":"https:\/\/organowood.com\/da\/wp-json\/wp\/v2\/pages\/2821\/revisions"}],"predecessor-version":[{"id":5055,"href":"https:\/\/organowood.com\/da\/wp-json\/wp\/v2\/pages\/2821\/revisions\/5055"}],"wp:featuredmedia":[{"embeddable":true,"href":"https:\/\/organowood.com\/da\/wp-json\/wp\/v2\/media\/157"}],"wp:attachment":[{"href":"https:\/\/organowood.com\/da\/wp-json\/wp\/v2\/media?parent=2821"}],"curies":[{"name":"wp","href":"https:\/\/api.w.org\/{rel}","templated":true}]}}