{"id":2816,"date":"2019-02-11T12:20:28","date_gmt":"2019-02-11T12:20:28","guid":{"rendered":"http:\/\/organowood.com\/?page_id=2816"},"modified":"2021-12-15T07:51:39","modified_gmt":"2021-12-15T07:51:39","slug":"trae","status":"publish","type":"page","link":"https:\/\/organowood.com\/da\/trae\/","title":{"rendered":"Tr\u00e6"},"content":{"rendered":"<h2>Milj\u00f8klassificeret tr\u00e6v\u00e6rk af h\u00f8j kvalitet<\/h2>\n<p>OrganoWood\u00ae er milj\u00f8klassificeret tr\u00e6 modificeret med kisel, som giver en lang holdbarhed og en sk\u00f8n, s\u00f8lvgr\u00e5 nuance. Den patenterede teknologi giver tr\u00e6et r\u00e5dbeskyttelse, skaber en vandafvisende overflade og en forbedret flammebeskyttelse.<\/p>\n<p>OrganoWood\u00ae klarer h\u00e5rdt udsatte milj\u00f8er og f\u00e5r en sk\u00f8n s\u00f8lvgr\u00e5 nuance, n\u00e5r det uds\u00e6ttes for vejr og vind. Tr\u00e6v\u00e6rket findes som terrasse- og konstruktionstr\u00e6 samt facadepaneler med et bredt udvalg af profiler.<\/p>\n<p>Husejere, arkitekter, byggevirksomheder og kommuner, for at n\u00e6vne nogle, tiltr\u00e6kkes alle af milj\u00f8profilen fra OrganoWood\u00ae samt den s\u00f8lvgr\u00e5 nuance.<\/p>\n<p>Den unikke OrganoWood\u00ae teknologi er udviklet med inspiration fra den naturlige fossiliseringsproces, hvor mineraler tr\u00e6nger ind og mineraliserer organiske materialer. Teknologien er baseret p\u00e5 videnskabelige gennembrud inden for metoder til modificering af biofibre. Ved hj\u00e6lp af teknologi bindes kiselstofferne til tr\u00e6fibrene p\u00e5 samme m\u00e5de som ved almindelig trykimpr\u00e6gnering. Indtr\u00e6ngningen af v\u00e6sken sker i splintveddet for at skabe en optimal beskyttelse. Den patenterede modificering giver et milj\u00f8klassificeret tr\u00e6v\u00e6rk og skaber et milj\u00f8, hvor r\u00e5dsvampe ikke trives.<\/p>\n<p>OrganoWood\u00ae tr\u00e6v\u00e6rk er godkendt til byggeri af Svanem\u00e6rkede huse og bygninger.<\/p>\n<hr>\n<p><img loading=\"lazy\" decoding=\"async\" class=\"alignnone wp-image-358\" src=\"https:\/\/organowood.emilaspman.se\/wp-content\/uploads\/2018\/03\/sponsor-byggvarubedomningen@2x-300x39.png\" sizes=\"auto, (max-width: 238px) 100vw, 238px\" srcset=\"https:\/\/organowood.com\/wp-content\/uploads\/2018\/03\/sponsor-byggvarubedomningen@2x-300x39.png 300w, https:\/\/organowood.com\/wp-content\/uploads\/2018\/03\/sponsor-byggvarubedomningen@2x.png 386w\" alt=\"\" width=\"238\" height=\"31\">&nbsp; &nbsp;&nbsp;&nbsp;<img loading=\"lazy\" decoding=\"async\" class=\"alignnone wp-image-359\" src=\"https:\/\/organowood.emilaspman.se\/wp-content\/uploads\/2018\/03\/Climate-Solver-badge-300x300.png\" sizes=\"auto, (max-width: 93px) 100vw, 93px\" srcset=\"https:\/\/organowood.com\/wp-content\/uploads\/2018\/03\/Climate-Solver-badge-300x300.png 300w, https:\/\/organowood.com\/wp-content\/uploads\/2018\/03\/Climate-Solver-badge-150x150.png 150w, https:\/\/organowood.com\/wp-content\/uploads\/2018\/03\/Climate-Solver-badge.png 720w\" alt=\"\" width=\"93\" height=\"93\">&nbsp;&nbsp;<img loading=\"lazy\" decoding=\"async\" class=\"alignnone wp-image-360\" src=\"https:\/\/organowood.emilaspman.se\/wp-content\/uploads\/2018\/03\/d1hhhba0eqx5qivujov8.jpg\" sizes=\"auto, (max-width: 93px) 100vw, 93px\" srcset=\"https:\/\/organowood.com\/wp-content\/uploads\/2018\/03\/d1hhhba0eqx5qivujov8.jpg 220w, https:\/\/organowood.com\/wp-content\/uploads\/2018\/03\/d1hhhba0eqx5qivujov8-150x150.jpg 150w\" alt=\"\" width=\"93\" height=\"93\">&nbsp;&nbsp;<img loading=\"lazy\" decoding=\"async\" class=\"alignnone wp-image-361\" src=\"https:\/\/organowood.emilaspman.se\/wp-content\/uploads\/2018\/03\/Sustainia-100-kopia-300x300.png\" sizes=\"auto, (max-width: 92px) 100vw, 92px\" srcset=\"https:\/\/organowood.com\/wp-content\/uploads\/2018\/03\/Sustainia-100-kopia-300x300.png 300w, https:\/\/organowood.com\/wp-content\/uploads\/2018\/03\/Sustainia-100-kopia-150x150.png 150w, https:\/\/organowood.com\/wp-content\/uploads\/2018\/03\/Sustainia-100-kopia.png 600w\" alt=\"\" width=\"92\" height=\"92\">&nbsp;<img loading=\"lazy\" decoding=\"async\" class=\"alignnone wp-image-2203\" src=\"https:\/\/organowood.com\/wp-content\/uploads\/2018\/10\/basta-logo.png\" alt=\"\" width=\"89\" height=\"84\">&nbsp; <img loading=\"lazy\" decoding=\"async\" class=\"alignnone wp-image-2204\" src=\"https:\/\/organowood.com\/wp-content\/uploads\/2018\/10\/logo-bmv-gron-utantext.jpg\" alt=\"\" width=\"93\" height=\"92\">&nbsp;&nbsp; <img loading=\"lazy\" decoding=\"async\" class=\"alignnone wp-image-2202\" src=\"https:\/\/organowood.com\/wp-content\/uploads\/2018\/10\/sundahus-logo-220x30.png\" alt=\"\" width=\"189\" height=\"63\"><\/p>\n","protected":false},"excerpt":{"rendered":"<p>Milj\u00f8klassificeret tr\u00e6v\u00e6rk af h\u00f8j kvalitet OrganoWood\u00ae er milj\u00f8klassificeret tr\u00e6 modificeret med kisel, som giver en lang holdbarhed og en sk\u00f8n, s\u00f8lvgr\u00e5 nuance. Den patenterede teknologi giver tr\u00e6et r\u00e5dbeskyttelse, skaber en vandafvisende overflade og en forbedret flammebeskyttelse. OrganoWood\u00ae klarer h\u00e5rdt udsatte milj\u00f8er og f\u00e5r en sk\u00f8n s\u00f8lvgr\u00e5 nuance, n\u00e5r det uds\u00e6ttes for vejr og vind. Tr\u00e6v\u00e6rket &hellip; <a href=\"https:\/\/organowood.com\/da\/trae\/\">Continued<\/a><\/p>\n","protected":false},"author":4,"featured_media":0,"parent":0,"menu_order":1,"comment_status":"closed","ping_status":"closed","template":"views\/template-product-archive.blade.php","meta":{"_acf_changed":false,"footnotes":""},"class_list":["post-2816","page","type-page","status-publish","hentry"],"acf":[],"_links":{"self":[{"href":"https:\/\/organowood.com\/da\/wp-json\/wp\/v2\/pages\/2816","targetHints":{"allow":["GET"]}}],"collection":[{"href":"https:\/\/organowood.com\/da\/wp-json\/wp\/v2\/pages"}],"about":[{"href":"https:\/\/organowood.com\/da\/wp-json\/wp\/v2\/types\/page"}],"author":[{"embeddable":true,"href":"https:\/\/organowood.com\/da\/wp-json\/wp\/v2\/users\/4"}],"replies":[{"embeddable":true,"href":"https:\/\/organowood.com\/da\/wp-json\/wp\/v2\/comments?post=2816"}],"version-history":[{"count":5,"href":"https:\/\/organowood.com\/da\/wp-json\/wp\/v2\/pages\/2816\/revisions"}],"predecessor-version":[{"id":6157,"href":"https:\/\/organowood.com\/da\/wp-json\/wp\/v2\/pages\/2816\/revisions\/6157"}],"wp:attachment":[{"href":"https:\/\/organowood.com\/da\/wp-json\/wp\/v2\/media?parent=2816"}],"curies":[{"name":"wp","href":"https:\/\/api.w.org\/{rel}","templated":true}]}}